{"id":7292,"date":"2015-12-01T17:06:01","date_gmt":"2015-12-01T22:06:01","guid":{"rendered":"http:\/\/mde.org.co\/mde15\/?page_id=7292"},"modified":"2016-01-19T17:45:36","modified_gmt":"2016-01-19T22:45:36","slug":"mapa-museo","status":"publish","type":"page","link":"https:\/\/mde.org.co\/mde15\/es\/mapa-museo\/","title":{"rendered":"Mapa Museo"},"content":{"rendered":"<p>En el siguiente mapa encontrar\u00e1s la ubicaci\u00f3n de los artistas en las diferentes salas del Museo de Antioquia y tambi\u00e9n la distribuci\u00f3n de obras en Casa del Encuentro.<\/p>\n<p>Clic sobre la imagen para ampliar<a href=\"https:\/\/mde.org.co\/mde15\/wp-content\/uploads\/sites\/2\/2015\/12\/Mapa-exposicion-mde15.jpg\"><img loading=\"lazy\" decoding=\"async\" class=\"aligncenter wp-image-7293 size-large\" src=\"https:\/\/mde.org.co\/mde15\/wp-content\/uploads\/sites\/2\/2015\/12\/Mapa-exposicion-mde15-551x1024.jpg\" alt=\"Mapa exposicion mde15\" width=\"551\" height=\"1024\" srcset=\"https:\/\/mde.org.co\/mde15\/wp-content\/uploads\/sites\/2\/2015\/12\/Mapa-exposicion-mde15-551x1024.jpg 551w, https:\/\/mde.org.co\/mde15\/wp-content\/uploads\/sites\/2\/2015\/12\/Mapa-exposicion-mde15-162x300.jpg 162w\" sizes=\"auto, (max-width: 551px) 100vw, 551px\" \/><\/a><\/p>","protected":false},"excerpt":{"rendered":"<p>En el siguiente mapa encontrar\u00e1s la ubicaci\u00f3n de los artistas en las diferentes salas del Museo de Antioquia y tambi\u00e9n la distribuci\u00f3n de obras en Casa del Encuentro. Clic sobre&hellip;<\/p>\n","protected":false},"author":14,"featured_media":0,"parent":0,"menu_order":0,"comment_status":"closed","ping_status":"closed","template":"","meta":{"footnotes":""},"class_list":["post-7292","page","type-page","status-publish","hentry"],"_links":{"self":[{"href":"https:\/\/mde.org.co\/mde15\/es\/wp-json\/wp\/v2\/pages\/7292","targetHints":{"allow":["GET"]}}],"collection":[{"href":"https:\/\/mde.org.co\/mde15\/es\/wp-json\/wp\/v2\/pages"}],"about":[{"href":"https:\/\/mde.org.co\/mde15\/es\/wp-json\/wp\/v2\/types\/page"}],"author":[{"embeddable":true,"href":"https:\/\/mde.org.co\/mde15\/es\/wp-json\/wp\/v2\/users\/14"}],"replies":[{"embeddable":true,"href":"https:\/\/mde.org.co\/mde15\/es\/wp-json\/wp\/v2\/comments?post=7292"}],"version-history":[{"count":3,"href":"https:\/\/mde.org.co\/mde15\/es\/wp-json\/wp\/v2\/pages\/7292\/revisions"}],"predecessor-version":[{"id":8203,"href":"https:\/\/mde.org.co\/mde15\/es\/wp-json\/wp\/v2\/pages\/7292\/revisions\/8203"}],"wp:attachment":[{"href":"https:\/\/mde.org.co\/mde15\/es\/wp-json\/wp\/v2\/media?parent=7292"}],"curies":[{"name":"wp","href":"https:\/\/api.w.org\/{rel}","templated":true}]}}