{"id":6180,"date":"2015-10-31T13:49:03","date_gmt":"2015-10-31T18:49:03","guid":{"rendered":"http:\/\/mde.org.co\/mde15\/?page_id=6180"},"modified":"2015-11-05T00:10:07","modified_gmt":"2015-11-05T05:10:07","slug":"plan-de-mediacion","status":"publish","type":"page","link":"https:\/\/mde.org.co\/mde15\/es\/plan-de-mediacion\/","title":{"rendered":"Plan de mediaci\u00f3n"},"content":{"rendered":"<p>El Plan de Mediaci\u00f3n MDE15 dise\u00f1a y activa\u00a0los espacios, contenidos y pedagog\u00edas dirigidas a propiciar y valorar las experiencias que resultan del\u00a0intercambio que proponen las obras y proyectos\u00a0del Encuentro. Hace las veces de enlace entre\u00a0pr\u00e1cticas art\u00edsticas y distintos grupos de inter\u00e9s,\u00a0los lugares en donde se implementa y el momento\u00a0del proceso de la obras que involucra. En este\u00a0sentido, los objetivos del Plan de Mediaci\u00f3n se\u00a0dirigen a acercar a los participantes a la actualidad\u00a0el arte, &#8211; retroalimentando simult\u00e1neamente\u00a0el trabajo de los artistas o colectivos -, y tambi\u00e9n\u00a0se interesa por la profundizaci\u00f3n especializada\u00a0en temas asociados al proyecto del Encuentro en\u00a0su totalidad.<\/p>\n<p>Reforzando todo lo descrito, el Plan de Mediaci\u00f3n\u00a0del MDE15 desarrolla m\u00f3dulos acad\u00e9micos que se\u00a0articulan alrededor de los cinco ejes tem\u00e1ticos de\u00a0la exposici\u00f3n y de las conversaciones p\u00fablicas en\u00a0espacios distintos al Museo de Antioquia con los\u00a0artistas invitados, en las que participan tambi\u00e9n\u00a0diversos agentes culturales locales.<\/p>\n<p>Con el fin de consolidar y formar el equipo de\u00a0mediadores se propone un Laboratorio de\u00a0Mediaci\u00f3n, que adem\u00e1s construye estrategias\u00a0y acciones para la generaci\u00f3n de conocimiento\u00a0en su interacci\u00f3n con el p\u00fablico, y claro, con las\u00a0obras y procesos art\u00edsticos del Encuentro. De\u00a0este modo, El Laboratorio propone una figura de\u00a0mediador cercana a la de \u201cinvestigador en comunidad\u201d,\u00a0capaz de generar indagaciones colectivas\u00a0y colaborativas, y as\u00ed mismo, reproducirlas creativa\u00a0y cr\u00edticamente en todos los espacios abiertos\u00a0por el MDE 15 en Medell\u00edn.<\/p>","protected":false},"excerpt":{"rendered":"<p>El Plan de Mediaci\u00f3n MDE15 dise\u00f1a y activa\u00a0los espacios, contenidos y pedagog\u00edas dirigidas a propiciar y valorar las experiencias que resultan del\u00a0intercambio que proponen las obras y proyectos\u00a0del Encuentro. Hace&hellip;<\/p>\n","protected":false},"author":5,"featured_media":0,"parent":0,"menu_order":0,"comment_status":"closed","ping_status":"closed","template":"","meta":{"footnotes":""},"class_list":["post-6180","page","type-page","status-publish","hentry"],"_links":{"self":[{"href":"https:\/\/mde.org.co\/mde15\/es\/wp-json\/wp\/v2\/pages\/6180","targetHints":{"allow":["GET"]}}],"collection":[{"href":"https:\/\/mde.org.co\/mde15\/es\/wp-json\/wp\/v2\/pages"}],"about":[{"href":"https:\/\/mde.org.co\/mde15\/es\/wp-json\/wp\/v2\/types\/page"}],"author":[{"embeddable":true,"href":"https:\/\/mde.org.co\/mde15\/es\/wp-json\/wp\/v2\/users\/5"}],"replies":[{"embeddable":true,"href":"https:\/\/mde.org.co\/mde15\/es\/wp-json\/wp\/v2\/comments?post=6180"}],"version-history":[{"count":9,"href":"https:\/\/mde.org.co\/mde15\/es\/wp-json\/wp\/v2\/pages\/6180\/revisions"}],"predecessor-version":[{"id":6345,"href":"https:\/\/mde.org.co\/mde15\/es\/wp-json\/wp\/v2\/pages\/6180\/revisions\/6345"}],"wp:attachment":[{"href":"https:\/\/mde.org.co\/mde15\/es\/wp-json\/wp\/v2\/media?parent=6180"}],"curies":[{"name":"wp","href":"https:\/\/api.w.org\/{rel}","templated":true}]}}