{"id":5636,"date":"2015-10-14T15:20:07","date_gmt":"2015-10-14T20:20:07","guid":{"rendered":"http:\/\/mde.org.co\/mde15\/es\/?page_id=5636"},"modified":"2015-11-30T15:24:06","modified_gmt":"2015-11-30T20:24:06","slug":"centro-colombo-americano","status":"publish","type":"page","link":"https:\/\/mde.org.co\/mde15\/es\/programa\/mde-expandido\/centro-colombo-americano\/","title":{"rendered":"Centro Colombo Americano"},"content":{"rendered":"<p><strong>Proyecto: Deseartepaz #50<\/strong><\/p>\n<p><strong>Laboratorio, exposici\u00f3n<\/strong><\/p>\n<p>La artista Noa Ginzburg se art\u00edcula a los laboratorios Deseartepaz, del Centro Colombo Americano, con la propuesta <em>Aves migratorias Norte Sur-Sur Norte, <\/em>para indagar los l\u00edmites imaginarios que ordenan nuestra civilizaci\u00f3n, cuestionando su v\u00e1lidez y pertinencia.<\/p>\n<p>Junto con estudiantes de la Universidad de Antioquia, expertos ornit\u00f3logos de la Sociedad Antioque\u00f1a de Ornitolog\u00eda (SAO) y el artista Santiago V\u00e9lez, Ginzburg participar\u00e1 en la exposici\u00f3n <em>Lab 50 \u00a0aves migratorias<\/em>, para hacer un paralelo entre las migraciones de aves y las migraciones humanas, con el fin \u00a0de indagar en el concepto de supervivencia en ambas especies y de sus connotaciones geopol\u00edticas.<\/p>","protected":false},"excerpt":{"rendered":"<p>Proyecto: Deseartepaz #50 Laboratorio, exposici\u00f3n La artista Noa Ginzburg se art\u00edcula a los laboratorios Deseartepaz, del Centro Colombo Americano, con la propuesta Aves migratorias Norte Sur-Sur Norte, para indagar los&hellip;<\/p>\n","protected":false},"author":5,"featured_media":0,"parent":1224,"menu_order":0,"comment_status":"closed","ping_status":"closed","template":"","meta":{"footnotes":""},"class_list":["post-5636","page","type-page","status-publish","hentry","adjunto-centro-colombo-americano"],"_links":{"self":[{"href":"https:\/\/mde.org.co\/mde15\/es\/wp-json\/wp\/v2\/pages\/5636","targetHints":{"allow":["GET"]}}],"collection":[{"href":"https:\/\/mde.org.co\/mde15\/es\/wp-json\/wp\/v2\/pages"}],"about":[{"href":"https:\/\/mde.org.co\/mde15\/es\/wp-json\/wp\/v2\/types\/page"}],"author":[{"embeddable":true,"href":"https:\/\/mde.org.co\/mde15\/es\/wp-json\/wp\/v2\/users\/5"}],"replies":[{"embeddable":true,"href":"https:\/\/mde.org.co\/mde15\/es\/wp-json\/wp\/v2\/comments?post=5636"}],"version-history":[{"count":3,"href":"https:\/\/mde.org.co\/mde15\/es\/wp-json\/wp\/v2\/pages\/5636\/revisions"}],"predecessor-version":[{"id":7271,"href":"https:\/\/mde.org.co\/mde15\/es\/wp-json\/wp\/v2\/pages\/5636\/revisions\/7271"}],"up":[{"embeddable":true,"href":"https:\/\/mde.org.co\/mde15\/es\/wp-json\/wp\/v2\/pages\/1224"}],"wp:attachment":[{"href":"https:\/\/mde.org.co\/mde15\/es\/wp-json\/wp\/v2\/media?parent=5636"}],"curies":[{"name":"wp","href":"https:\/\/api.w.org\/{rel}","templated":true}]}}