{"id":5543,"date":"2015-10-14T11:45:47","date_gmt":"2015-10-14T16:45:47","guid":{"rendered":"http:\/\/mde.org.co\/mde15\/es\/?page_id=5543"},"modified":"2015-10-29T09:40:45","modified_gmt":"2015-10-29T14:40:45","slug":"universidad-nacional-de-colombia","status":"publish","type":"page","link":"https:\/\/mde.org.co\/mde15\/es\/programa\/mde-expandido\/universidad-nacional-de-colombia\/","title":{"rendered":"Universidad Nacional de Colombia"},"content":{"rendered":"<p><\/p>\n<ul>\n<li><strong>A trav\u00e9s de nuestros ojos\/<\/strong><strong>Through our Eyes (PBM)<\/strong><\/li>\n<\/ul>\n<p><strong>Exposici<\/strong><strong>\u00f3<\/strong><strong>n, charla<\/strong><\/p>\n<p>Exposici\u00f3n y socializaci\u00f3n del proceso constru\u00eddo del PBM en las versiones de 2013 y 2015. Esta es una experiencia de movilidad donde estudiantes de la Universidad Nacional, Duke University y Emerson College, a trav\u00e9s de propuestas de creaci\u00f3n, generaron enlaces con sus comunidades y, a partir de ah\u00ed, establecieron una relaci\u00f3n con otras audiencias dispuestas a escuchar y ver. El proyecto ha tenido presencia en Boston, Durham, Hawai, Los \u00c1ngeles, Nueva York y Medell\u00edn.<\/p>\n<p>&nbsp;<\/p>\n<ul>\n<li><strong>Casa tomada <\/strong><\/li>\n<\/ul>\n<p><strong>Laboratorio, exposici\u00f3n<\/strong><\/p>\n<p>Espacio de experimentaci\u00f3n, reflexi\u00f3n y exhibici\u00f3n en el que los estudiantes de la maestr\u00eda en Artes Pl\u00e1sticas y Visuales realizar\u00e1n una propuesta itinerante. Ellos construir\u00e1n narrativas que involucran sus procesos personales y la convivencia con el lugar ocupado, adem\u00e1s de desarrollar estrategias de intervenci\u00f3n que permitan la participaci\u00f3n del p\u00fablico.<\/p>\n<p>&nbsp;<\/p>\n<ul>\n<li><strong>Cuadernos viajeros: reflexi\u00f3n y cr\u00edtica del dibujo contempor\u00e1neo<\/strong><\/li>\n<\/ul>\n<p><strong>Laboratorio, exposici\u00f3n<\/strong><\/p>\n<p><strong>Sede Medell\u00edn y Bogot\u00e1<\/strong><\/p>\n<p>Indaga\u00a0 las maneras en que se crea, produce y circula el dibujo como experiencia autobiogr\u00e1fica que reorganiza permanentemente el flujo de la creatividad. La din\u00e1mica del proyecto convoca, en un primer momento, a 24 dibujantes entre profesores, estudiantes,\u00a0 y egresados \u201312 de Bogot\u00e1 y 12 de Medell\u00edn\u2013 que, sin llegar a conocerse, semana a semana elaboran, a manera de correspondencia epistolar, un dibujo que es contestando por cualquiera de los participantes. El proyecto tendr\u00e1 sesiones de dibujo abiertas al p\u00fablico, exposici\u00f3n y momentos de encuentro entre los participantes.<\/p>\n<p>&nbsp;<\/p>\n<ul>\n<li><strong>Gr\u00e1fica\u00a0rodante<\/strong><\/li>\n<\/ul>\n<p><strong>Laboratorio, exposici\u00f3n <\/strong><\/p>\n<p><strong>Sede Medell\u00edn y Bogot\u00e1<\/strong><\/p>\n<p>Encuentro pluralista entre diferentes \u00e1reas del conocimiento y la experimentaci\u00f3n, cuyo objetivo es activar un laboratorio de creaci\u00f3n en torno a la gr\u00e1fica, circunscribi\u00e9ndola al concepto de <em>territorio<\/em>. As\u00ed, se busca generar la obra gr\u00e1fica en el mismo lugar donde ser\u00e1 producida la exposici\u00f3n, y los procesos de este trabajo ser\u00e1n registrados y expuestos.<\/p>\n<p>&nbsp;<\/p>\n<ul>\n<li><strong>Habitar en el Valle de Aburr\u00e1<\/strong><\/li>\n<\/ul>\n<p><strong>Exposici\u00f3n<\/strong><\/p>\n<p><strong>Escuela\u00a0 del H\u00e1bitat-Cehap<\/strong><\/p>\n<p>Exposici\u00f3n fotogr\u00e1fica del espa\u00f1ol Pepe Navarro. La muestra busca integrar propuestas est\u00e9ticas que se desarrollan en las escuelas del H\u00e1bitat y Arquitectura, y crear un escenario de divulgaci\u00f3n de esas iniciativas.<\/p>\n<p>Las tem\u00e1ticas sobre la geograf\u00eda cultural, los procesos barriales, las din\u00e1micas de la formalidad y la informalidad, la manera como los diferentes grupos socioecon\u00f3micos habitan en su cotidianidad, las formas de extensi\u00f3n y apropiaci\u00f3n del habitar en la calle y lo p\u00fablico, entre otros, son aspectos destacados en esta exposici\u00f3n.<\/p>\n<p>&nbsp;<\/p>\n<ul>\n<li><strong>M\u00e1s all\u00e1 de la ventana<\/strong><\/li>\n<\/ul>\n<p><strong>Intervenci\u00f3n en espacio p\u00fablico<\/strong><\/p>\n<p>Este proyecto busca generar una experiencia est\u00e9tica que cree espacios de pensamiento cr\u00edtico frente a los contrastes de lo urbano y lo rural, y las relaciones que tienen entre s\u00ed. El punto de partida ser\u00e1 el trabajo investigativo del grupo Arteerrante. Para esto, tres rutas de buses de la ciudad ser\u00e1n intervenidas con dibujo, fotograf\u00eda, video o acciones. Estas intervenciones ser\u00e1n desarrolladas entre los integrantes del grupo y los usuarios de las rutas mediante diversas activaciones. Los resultados permanecer\u00e1n instalados en los buses donde podr\u00e1n ser apreciado por los usuarios durante el MDE15.<\/p>\n<p>&nbsp;<\/p>\n<ul>\n<li><strong>Sal\u00f3n de Arte J\u00f3ven<\/strong><\/li>\n<\/ul>\n<p><strong>Laboratorio y exposici\u00f3n<\/strong><\/p>\n<p><strong>Sede Medell\u00edn y Bogot\u00e1<\/strong><\/p>\n<p>Proyecto que potencia el capital creativo de los estudiantes de las escuelas de arte de la Universidad Nacional de Colombia, sedes Medell\u00edn y Bogot\u00e1, as\u00ed como las dem\u00e1s instituciones acad\u00e9micas que imparten en la ciudad curr\u00edculos relacionados con el arte. Busca la apropiaci\u00f3n de un espacio expositivo no convencional en el que los estudiantes puedan formular propuestas en torno a la memoria del lugar, realizando acciones como laboratorios de investigaci\u00f3n y creaci\u00f3n que sirvan de base para el di\u00e1logo y la generaci\u00f3n de obras pl\u00e1sticas.<\/p>\n<p>&nbsp;<\/p>\n<ul>\n<li><strong>Tr\u00e1nsitos<\/strong><\/li>\n<\/ul>\n<p><strong>Exposici\u00f3n<\/strong><\/p>\n<p>Exposici\u00f3n que compila los trabajos de investigaci\u00f3n y creaci\u00f3n en artes que han obtenido los m\u00e1ximos reconocimientos, muchos de ellos fueron ganadores de convocatorias de investigaci\u00f3n de la Universidad Nacional de Colombia. Ser\u00e1n realizadas dos muestras en la Sala U. Arte Contempor\u00e1neo de la Facultad de Arquitectura de la Universidad Nacional, de igual forma se proponen sesiones de conversatorios con el p\u00fablico en la misma Sala.<\/p>","protected":false},"excerpt":{"rendered":"<p>A trav\u00e9s de nuestros ojos\/Through our Eyes (PBM) Exposici\u00f3n, charla Exposici\u00f3n y socializaci\u00f3n del proceso constru\u00eddo del PBM en las versiones de 2013 y 2015. Esta es una experiencia de&hellip;<\/p>\n","protected":false},"author":5,"featured_media":0,"parent":1224,"menu_order":0,"comment_status":"closed","ping_status":"closed","template":"","meta":{"footnotes":""},"class_list":["post-5543","page","type-page","status-publish","hentry","adjunto-universidad-nacional-de-colombia"],"_links":{"self":[{"href":"https:\/\/mde.org.co\/mde15\/es\/wp-json\/wp\/v2\/pages\/5543","targetHints":{"allow":["GET"]}}],"collection":[{"href":"https:\/\/mde.org.co\/mde15\/es\/wp-json\/wp\/v2\/pages"}],"about":[{"href":"https:\/\/mde.org.co\/mde15\/es\/wp-json\/wp\/v2\/types\/page"}],"author":[{"embeddable":true,"href":"https:\/\/mde.org.co\/mde15\/es\/wp-json\/wp\/v2\/users\/5"}],"replies":[{"embeddable":true,"href":"https:\/\/mde.org.co\/mde15\/es\/wp-json\/wp\/v2\/comments?post=5543"}],"version-history":[{"count":2,"href":"https:\/\/mde.org.co\/mde15\/es\/wp-json\/wp\/v2\/pages\/5543\/revisions"}],"predecessor-version":[{"id":5545,"href":"https:\/\/mde.org.co\/mde15\/es\/wp-json\/wp\/v2\/pages\/5543\/revisions\/5545"}],"up":[{"embeddable":true,"href":"https:\/\/mde.org.co\/mde15\/es\/wp-json\/wp\/v2\/pages\/1224"}],"wp:attachment":[{"href":"https:\/\/mde.org.co\/mde15\/es\/wp-json\/wp\/v2\/media?parent=5543"}],"curies":[{"name":"wp","href":"https:\/\/api.w.org\/{rel}","templated":true}]}}