{"id":184,"date":"2015-09-09T11:33:51","date_gmt":"2015-09-09T16:33:51","guid":{"rendered":"http:\/\/mde.org.co\/mde15\/?page_id=184"},"modified":"2015-09-09T11:33:51","modified_gmt":"2015-09-09T16:33:51","slug":"publicaciones","status":"publish","type":"page","link":"https:\/\/mde.org.co\/mde15\/es\/publicaciones\/","title":{"rendered":"Publicaciones"},"content":{"rendered":"<p><\/p>\n<ul>\n<li><strong>LIBRO GU\u00cdA:<\/strong> gu\u00eda impresa previa a la apertura que da cuenta de espacios anfitriones, artistas invitados y l\u00ednea curatorial.<\/li>\n<li><strong>Programadores:<\/strong> formato fanzine de distribuci\u00f3n gratuita que visibilice tanto la agenda expositiva convencional como las pr\u00e1cticas art\u00edsticas en comunidad.<\/li>\n<li><strong>Memorias<\/strong> impresas\/digitales, versi\u00f3n preliminar.<\/li>\n<\/ul>\n<p><\/p>","protected":false},"excerpt":{"rendered":"<p>LIBRO GU\u00cdA: gu\u00eda impresa previa a la apertura que da cuenta de espacios anfitriones, artistas invitados y l\u00ednea curatorial. Programadores: formato fanzine de distribuci\u00f3n gratuita que visibilice tanto la agenda&hellip;<\/p>\n","protected":false},"author":5,"featured_media":0,"parent":0,"menu_order":0,"comment_status":"closed","ping_status":"closed","template":"","meta":{"footnotes":""},"class_list":["post-184","page","type-page","status-publish","hentry"],"_links":{"self":[{"href":"https:\/\/mde.org.co\/mde15\/es\/wp-json\/wp\/v2\/pages\/184","targetHints":{"allow":["GET"]}}],"collection":[{"href":"https:\/\/mde.org.co\/mde15\/es\/wp-json\/wp\/v2\/pages"}],"about":[{"href":"https:\/\/mde.org.co\/mde15\/es\/wp-json\/wp\/v2\/types\/page"}],"author":[{"embeddable":true,"href":"https:\/\/mde.org.co\/mde15\/es\/wp-json\/wp\/v2\/users\/5"}],"replies":[{"embeddable":true,"href":"https:\/\/mde.org.co\/mde15\/es\/wp-json\/wp\/v2\/comments?post=184"}],"version-history":[{"count":1,"href":"https:\/\/mde.org.co\/mde15\/es\/wp-json\/wp\/v2\/pages\/184\/revisions"}],"predecessor-version":[{"id":185,"href":"https:\/\/mde.org.co\/mde15\/es\/wp-json\/wp\/v2\/pages\/184\/revisions\/185"}],"wp:attachment":[{"href":"https:\/\/mde.org.co\/mde15\/es\/wp-json\/wp\/v2\/media?parent=184"}],"curies":[{"name":"wp","href":"https:\/\/api.w.org\/{rel}","templated":true}]}}