{"id":1224,"date":"2015-10-04T17:17:15","date_gmt":"2015-10-04T22:17:15","guid":{"rendered":"http:\/\/mde.org.co\/mde15\/?page_id=1224"},"modified":"2015-11-09T11:57:21","modified_gmt":"2015-11-09T16:57:21","slug":"mde-expandido","status":"publish","type":"page","link":"https:\/\/mde.org.co\/mde15\/es\/programa\/mde-expandido\/","title":{"rendered":"MDE Expandido"},"content":{"rendered":"<p>Es un programa inclusivo que re\u00fane instituciones, iniciativas art\u00edsticas y acad\u00e9micas del campo del arte contempor\u00e1neo de la ciudad de Medell\u00edn y m\u00e1s all\u00e1, las cuales proponen una aproximaci\u00f3n a cuestiones relacionadas con el enfoque tem\u00e1tico del evento. Con el mismo esp\u00edritu del MDE15, los diversos proyectos vinculados al <em>MDE Expandido<\/em> pretenden resaltar las actividades que se ofrecen hoy en la escena del arte contempor\u00e1neo de la ciudad y la regi\u00f3n, y as\u00ed ofrecer a los visitantes la oportunidad de sumergirse en las <em>Historias locales \/ Pr\u00e1cticas globales<\/em> desde la perspectiva propuesta por el Encuentro Internacional de Arte de Medell\u00edn.<\/p>\n<p>Algunos de estos proyectos ser\u00e1n destacados en un espacio de informaci\u00f3n visual, \u00e1gil y din\u00e1mica, que bajo el nombre de <em>Corredor de ciudad<\/em>, se ubicara en el centro del recorrido expositivo en el Museo de Antioquia.<\/p>\n<p>El <em>MDE Expandido<\/em> acoger\u00e1 estas iniciativas categorizadas fundamentalmente en los siguientes formatos:<\/p>\n<ol>\n<li>Seminarios &#8211; conversatorios &#8211; talleres.<\/li>\n<li>Eventos &#8211; exposiciones &#8211; intervenciones.<\/li>\n<li>Investigaciones y publicaciones.<\/li>\n<\/ol>\n<p>Este componente est\u00e1 en un continuo proceso de crecimiento y actualizaci\u00f3n. Hasta hoy, estas son las instituciones adjuntas al <em>MDE Expandido<\/em><\/p>\n<ul>\n<li>Academia Superior de Arte<\/li>\n<li>Centro Colombo Americano<\/li>\n<li>Centro de Desarrollo Cultural de Moravia<\/li>\n<li>Fundaci\u00f3n Universitaria Bellas Artes<\/li>\n<li>Instituto Tecnol\u00f3gico Metropolitano<\/li>\n<li>Museo Casa de la Memoria<\/li>\n<li>Parque Explora<\/li>\n<li>Universidad de Antioquia<\/li>\n<li>Universidad Nacional de Colombia<\/li>\n<li>Universidad Pontificia Bolivariana<\/li>\n<\/ul>\n<p>&nbsp;<\/p>","protected":false},"excerpt":{"rendered":"<p>Es un programa inclusivo que re\u00fane instituciones, iniciativas art\u00edsticas y acad\u00e9micas del campo del arte contempor\u00e1neo de la ciudad de Medell\u00edn y m\u00e1s all\u00e1, las cuales proponen una aproximaci\u00f3n a&hellip;<\/p>\n","protected":false},"author":1,"featured_media":0,"parent":1229,"menu_order":0,"comment_status":"closed","ping_status":"closed","template":"","meta":{"footnotes":""},"class_list":["post-1224","page","type-page","status-publish","hentry"],"_links":{"self":[{"href":"https:\/\/mde.org.co\/mde15\/es\/wp-json\/wp\/v2\/pages\/1224","targetHints":{"allow":["GET"]}}],"collection":[{"href":"https:\/\/mde.org.co\/mde15\/es\/wp-json\/wp\/v2\/pages"}],"about":[{"href":"https:\/\/mde.org.co\/mde15\/es\/wp-json\/wp\/v2\/types\/page"}],"author":[{"embeddable":true,"href":"https:\/\/mde.org.co\/mde15\/es\/wp-json\/wp\/v2\/users\/1"}],"replies":[{"embeddable":true,"href":"https:\/\/mde.org.co\/mde15\/es\/wp-json\/wp\/v2\/comments?post=1224"}],"version-history":[{"count":4,"href":"https:\/\/mde.org.co\/mde15\/es\/wp-json\/wp\/v2\/pages\/1224\/revisions"}],"predecessor-version":[{"id":6626,"href":"https:\/\/mde.org.co\/mde15\/es\/wp-json\/wp\/v2\/pages\/1224\/revisions\/6626"}],"up":[{"embeddable":true,"href":"https:\/\/mde.org.co\/mde15\/es\/wp-json\/wp\/v2\/pages\/1229"}],"wp:attachment":[{"href":"https:\/\/mde.org.co\/mde15\/es\/wp-json\/wp\/v2\/media?parent=1224"}],"curies":[{"name":"wp","href":"https:\/\/api.w.org\/{rel}","templated":true}]}}