{"id":1219,"date":"2015-10-04T17:13:15","date_gmt":"2015-10-04T22:13:15","guid":{"rendered":"http:\/\/mde.org.co\/mde15\/?page_id=1219"},"modified":"2015-10-29T10:07:39","modified_gmt":"2015-10-29T15:07:39","slug":"actividades-paralelas","status":"publish","type":"page","link":"https:\/\/mde.org.co\/mde15\/es\/programa\/actividades-paralelas\/","title":{"rendered":"Actividades Paralelas"},"content":{"rendered":"<p>Esta categor\u00eda re\u00fane iniciativas que tendr\u00e1n lugar en la ciudad durante la realizaci\u00f3n del MDE15, pero que no est\u00e1n articuladas necesariamente al mismo por un enfoque tem\u00e1tico. Este componente refuerza el esp\u00edritu inclusivo del evento, al reconocer la importancia de las diversas actividades culturales que, animadas por comunidades y organizaciones sociales, contribuyen a la construcci\u00f3n de ciudad, hablan de su capacidad de resiliencia, y aportan posibilidades para imaginar nuevas realidades urbanas.<\/p>\n<p>Las Actividades paralelas ser\u00e1n difundidas en el sitio web del MDE15. Adem\u00e1s, informaci\u00f3n sobre algunas de ellas ser\u00e1 destacada en el espacio conocido como Corredor de ciudad, que se insertar\u00e1 en el circuito expositivo en el Museo de Antioquia.<\/p>\n<p>\u00bfQui\u00e9nes pueden hacer parte de las Actividades paralelas?<br \/>\n\u00b7 Organizaciones de base comunitaria<br \/>\n\u00b7 Agentes culturales<br \/>\n\u00b7 Instituciones educativas<br \/>\n\u00b7 Colectivos<br \/>\n\u00b7 Investigadores<br \/>\n\u00b7 Artistas<\/p>\n<p>Actividades que pueden hacer parte este componente:<br \/>\n\u00b7 Eventos art\u00edsticos, comunitarios y sociales<br \/>\n\u00b7 Mesas de trabajo<br \/>\n\u00b7 Reuniones<br \/>\n\u00b7 Recorridos<br \/>\n\u00b7 Actividades de formaci\u00f3n\u00a0(conversatorios, talleres, foros, charlas, encuentros)<\/p>\n<p>Env\u00ede su evento para actividades paralelas <a href=\"https:\/\/mde.org.co\/mde15\/programa\/actividades-paralelas\/envie-su-evento\/\">aqu\u00ed<\/a>.<\/p>","protected":false},"excerpt":{"rendered":"<p>Esta categor\u00eda re\u00fane iniciativas que tendr\u00e1n lugar en la ciudad durante la realizaci\u00f3n del MDE15, pero que no est\u00e1n articuladas necesariamente al mismo por un enfoque tem\u00e1tico. Este componente refuerza&hellip;<\/p>\n","protected":false},"author":1,"featured_media":0,"parent":1229,"menu_order":0,"comment_status":"closed","ping_status":"closed","template":"","meta":{"footnotes":""},"class_list":["post-1219","page","type-page","status-publish","hentry"],"_links":{"self":[{"href":"https:\/\/mde.org.co\/mde15\/es\/wp-json\/wp\/v2\/pages\/1219","targetHints":{"allow":["GET"]}}],"collection":[{"href":"https:\/\/mde.org.co\/mde15\/es\/wp-json\/wp\/v2\/pages"}],"about":[{"href":"https:\/\/mde.org.co\/mde15\/es\/wp-json\/wp\/v2\/types\/page"}],"author":[{"embeddable":true,"href":"https:\/\/mde.org.co\/mde15\/es\/wp-json\/wp\/v2\/users\/1"}],"replies":[{"embeddable":true,"href":"https:\/\/mde.org.co\/mde15\/es\/wp-json\/wp\/v2\/comments?post=1219"}],"version-history":[{"count":4,"href":"https:\/\/mde.org.co\/mde15\/es\/wp-json\/wp\/v2\/pages\/1219\/revisions"}],"predecessor-version":[{"id":5953,"href":"https:\/\/mde.org.co\/mde15\/es\/wp-json\/wp\/v2\/pages\/1219\/revisions\/5953"}],"up":[{"embeddable":true,"href":"https:\/\/mde.org.co\/mde15\/es\/wp-json\/wp\/v2\/pages\/1229"}],"wp:attachment":[{"href":"https:\/\/mde.org.co\/mde15\/es\/wp-json\/wp\/v2\/media?parent=1219"}],"curies":[{"name":"wp","href":"https:\/\/api.w.org\/{rel}","templated":true}]}}