{"id":865,"date":"2011-08-04T17:20:22","date_gmt":"2011-08-04T22:20:22","guid":{"rendered":"http:\/\/mde.org.co\/mde11\/wordpress\/?page_id=865"},"modified":"2011-08-04T17:20:22","modified_gmt":"2011-08-04T22:20:22","slug":"grupo-bijari","status":"publish","type":"page","link":"https:\/\/mde.org.co\/mde11\/es\/artistas\/grupo-bijari\/","title":{"rendered":"Bijari"},"content":{"rendered":"<p><img loading=\"lazy\" decoding=\"async\" class=\"size-full wp-image-870 aligncenter\" title=\"\" src=\"https:\/\/mde.org.co\/mde11\/wp-content\/uploads\/sites\/3\/2011\/08\/Grupo-Bijari-header.jpg\" alt=\"\" width=\"600\" height=\"280\" srcset=\"https:\/\/mde.org.co\/mde11\/wp-content\/uploads\/sites\/3\/2011\/08\/Grupo-Bijari-header.jpg 600w, https:\/\/mde.org.co\/mde11\/wp-content\/uploads\/sites\/3\/2011\/08\/Grupo-Bijari-header-300x140.jpg 300w\" sizes=\"auto, (max-width: 600px) 100vw, 600px\" \/><\/p>\n<p>Este colectivo art\u00edstico tiene su estudio en la ciudad de S\u00e3o Paulo (Brasil). Se conform\u00f3 en 1997, cuando sus integrantes (Eduardo Loureiro, Geandre Tomazoni, Gustavo Godoy, Maur\u00edcio Brand\u00e3o, Olavo Ekman y Rodrigo Ara\u00fajo) cursaban estudios en la escuela de Arquitectura y Urbanismo en la Universidad de S\u00e3o Paulo.<\/p>\n<p><strong>La metr\u00f3poli y la vida urbana, los espacios p\u00fablicos, sus sociabilidades conflictivas y los modos con los que se construyen, f\u00edsica y simb\u00f3licamente, son interrogantes constantes en el trabajo de Bijari.<\/strong><\/p>\n<p>El paisaje urbano en el que se da la \u201c(in)visibilidad de las tensiones culturales\u201d entre los enclaves urbanos, es uno de sus intereses, pues consideran que all\u00ed emergen los contrastes que definen identidades econ\u00f3micas y culturales, adem\u00e1s de las luchas entre grupos sociales por el derecho a la ciudad.<\/p>\n<p>En su inter\u00e9s por comprender las tensiones dentro de una comunidad, el colectivo desarroll\u00f3 una propuesta para el MDE11 a trav\u00e9s de la cual <strong>hace una investigaci\u00f3n de los cambios sociales y econ\u00f3micos que ha tra\u00eddo el sistema de transporte Metrocable al barrio Santo Domingo Savio, al nororiente de Medell\u00edn.<\/strong><\/p>\n<p>Para lograr un acercamiento con la comunidad, <strong>Bijari crea un taller con el que busca recopilar material documental y narrativo sobre cuentos, secretos, conflictos y deseos de los habitantes del barrio.<\/strong> Con el material resultante se busca dar una nueva mirada al paisaje local desde la altura del Metrocable, dado que se propone realizar una intervenci\u00f3n urbana en los techos de las casas que se ubican en el trayecto de \u00e9ste.<\/p>\n<p><img loading=\"lazy\" decoding=\"async\" class=\"aligncenter size-full wp-image-871\" title=\"\" src=\"https:\/\/mde.org.co\/mde11\/wp-content\/uploads\/sites\/3\/2011\/08\/Grupo-Bijari-frase.jpg\" alt=\"\" width=\"600\" height=\"150\" srcset=\"https:\/\/mde.org.co\/mde11\/wp-content\/uploads\/sites\/3\/2011\/08\/Grupo-Bijari-frase.jpg 600w, https:\/\/mde.org.co\/mde11\/wp-content\/uploads\/sites\/3\/2011\/08\/Grupo-Bijari-frase-300x75.jpg 300w\" sizes=\"auto, (max-width: 600px) 100vw, 600px\" \/><strong>Sitio web<\/strong><br \/>\n<a href=\"http:\/\/www.bijari.com.br\/\">www.bijari.com.br<\/a><\/p>\n<p>&nbsp;<\/p>\n<h2>Participaci\u00f3n en el MDE11<\/h2>\n<p>Presentaci\u00f3n de su proyecto: <a href=\"http:\/\/vimeo.com\/31507037\" target=\"_blank\">Bijari: \u00abContando con nosotros\u00bb<\/a> (Video)<\/p>\n<p><\/p>","protected":false},"excerpt":{"rendered":"<p>Este colectivo art\u00edstico tiene su estudio en la ciudad de S\u00e3o Paulo (Brasil). Se conform\u00f3 en 1997, cuando sus integrantes (Eduardo Loureiro, Geandre Tomazoni, Gustavo Godoy, Maur\u00edcio Brand\u00e3o, Olavo Ekman y Rodrigo Ara\u00fajo) cursaban estudios en la escuela de Arquitectura y Urbanismo en la Universidad de S\u00e3o Paulo. La metr\u00f3poli y la vida urbana, los espacios p\u00fablicos, sus sociabilidades conflictivas y los modos con los que se construyen, f\u00edsica y simb\u00f3licamente, son interrogantes constantes en el trabajo de Bijari. El paisaje urbano en el que se da la \u201c(in)visibilidad de las tensiones culturales\u201d entre los enclaves urbanos, es uno de sus intereses, pues consideran que all\u00ed emergen los contrastes que definen identidades econ\u00f3micas y culturales, adem\u00e1s de las luchas entre grupos sociales por el derecho a la ciudad. En su inter\u00e9s por comprender las tensiones dentro de una comunidad, el colectivo desarroll\u00f3 una propuesta para el MDE11 a trav\u00e9s de la cual hace una investigaci\u00f3n de los cambios sociales y econ\u00f3micos que ha tra\u00eddo el sistema de transporte Metrocable al barrio Santo Domingo Savio, al nororiente de Medell\u00edn. Para lograr un acercamiento con la comunidad, Bijari crea un taller con el que busca recopilar material documental y narrativo sobre cuentos, secretos, conflictos y deseos de los habitantes del barrio. Con el material resultante se busca dar una nueva mirada al paisaje local desde la altura del Metrocable, dado que se propone realizar una intervenci\u00f3n urbana en los techos de las casas que se ubican en el trayecto de \u00e9ste. Sitio web www.bijari.com.br &nbsp; Participaci\u00f3n en el MDE11 Presentaci\u00f3n de su proyecto: Bijari: \u00abContando con nosotros\u00bb (Video)<\/p>\n","protected":false},"author":1,"featured_media":0,"parent":143,"menu_order":0,"comment_status":"closed","ping_status":"open","template":"","meta":{"footnotes":""},"categories":[4],"class_list":["post-865","page","type-page","status-publish","hentry","category-exposicion"],"_links":{"self":[{"href":"https:\/\/mde.org.co\/mde11\/es\/wp-json\/wp\/v2\/pages\/865","targetHints":{"allow":["GET"]}}],"collection":[{"href":"https:\/\/mde.org.co\/mde11\/es\/wp-json\/wp\/v2\/pages"}],"about":[{"href":"https:\/\/mde.org.co\/mde11\/es\/wp-json\/wp\/v2\/types\/page"}],"author":[{"embeddable":true,"href":"https:\/\/mde.org.co\/mde11\/es\/wp-json\/wp\/v2\/users\/1"}],"replies":[{"embeddable":true,"href":"https:\/\/mde.org.co\/mde11\/es\/wp-json\/wp\/v2\/comments?post=865"}],"version-history":[{"count":0,"href":"https:\/\/mde.org.co\/mde11\/es\/wp-json\/wp\/v2\/pages\/865\/revisions"}],"up":[{"embeddable":true,"href":"https:\/\/mde.org.co\/mde11\/es\/wp-json\/wp\/v2\/pages\/143"}],"wp:attachment":[{"href":"https:\/\/mde.org.co\/mde11\/es\/wp-json\/wp\/v2\/media?parent=865"}],"wp:term":[{"taxonomy":"category","embeddable":true,"href":"https:\/\/mde.org.co\/mde11\/es\/wp-json\/wp\/v2\/categories?post=865"}],"curies":[{"name":"wp","href":"https:\/\/api.w.org\/{rel}","templated":true}]}}