{"id":7,"date":"2011-06-30T21:18:45","date_gmt":"2011-06-30T21:18:45","guid":{"rendered":"http:\/\/190.156.230.47:8080\/?page_id=7"},"modified":"2011-06-30T21:18:45","modified_gmt":"2011-06-30T21:18:45","slug":"que-es","status":"publish","type":"page","link":"https:\/\/mde.org.co\/mde11\/es\/que-es\/","title":{"rendered":"Qu\u00e9 es"},"content":{"rendered":"<p><img loading=\"lazy\" decoding=\"async\" class=\"aligncenter size-full wp-image-1090\" title=\"Museo de Antioquia\" src=\"https:\/\/mde.org.co\/mde11\/wp-content\/uploads\/sites\/3\/2011\/06\/DSC010311.jpg\" alt=\"\" width=\"600\" height=\"280\" srcset=\"https:\/\/mde.org.co\/mde11\/wp-content\/uploads\/sites\/3\/2011\/06\/DSC010311.jpg 600w, https:\/\/mde.org.co\/mde11\/wp-content\/uploads\/sites\/3\/2011\/06\/DSC010311-300x140.jpg 300w\" sizes=\"auto, (max-width: 600px) 100vw, 600px\" \/><\/p>\n<p><strong>El Encuentro Internacional de Medell\u00edn (MDE) es un proyecto liderado y realizado por el Museo de Antioquia que busca hacer de Medell\u00edn uno de los centros con presencia permanente en el escenario internacional del arte, promoviendo la producci\u00f3n, circulaci\u00f3n y apropiaci\u00f3n de las pr\u00e1cticas art\u00edsticas contempor\u00e1neas.<\/strong> El MDE cuestiona el formato convencional de las bienales, no s\u00f3lo por la periodicidad con la que se realiza sino tambi\u00e9n por su inter\u00e9s en vincularse con agentes internos y fortalecer el campo cultural local, articulando distintas nociones de relaci\u00f3n con lo urbano y generando la circulaci\u00f3n de personas, proyectos art\u00edsticos, discursos y concepciones culturales diversas. Las estrategias que ha planteado el Encuentro operan como una estructura horizontal de relaci\u00f3n, con la cual se activan y replantean diversas formas de comunicaci\u00f3n entre las pr\u00e1cticas art\u00edsticas y la ciudad.<\/p>\n<p>A trav\u00e9s de este Encuentro, el arte llega a m\u00faltiples comunidades y sectores de la ciudad por medio de conferencias, exposiciones, talleres, conciertos, charlas y otra serie de actividades que proponen un di\u00e1logo continuo y abierto con pr\u00e1cticas art\u00edsticas que se desarrollan tanto desde el espacio acad\u00e9mico como por fuera de \u00e9l.<\/p>\n<p>La primera versi\u00f3n del MDE, realizada en 2007, se enfoc\u00f3 en los espacios de hospitalidad. En dicho evento se invitaron a Medell\u00edn m\u00e1s de 286 artistas y numerosos conferencistas, adem\u00e1s de desarrollar exhibiciones, conversatorios, ciclos de cine y otras actividades que llegaron a cerca de 300 mil personas.<\/p>\n<p>El MDE11, la edici\u00f3n que se desarrolla entre septiembre y diciembre del presente a\u00f1o, tiene como concepto curatorial \u2018Ense\u00f1ar y aprender. Lugares del conocimiento en el arte\u2019. <strong>Su eje de trabajo ser\u00e1n los diferentes modos de construcci\u00f3n y recreaci\u00f3n de conocimiento en y desde el arte, as\u00ed como el potencial pedag\u00f3gico de las pr\u00e1cticas colaborativas y comunitarias.<\/strong><\/p>\n<p>La estructura y el desarrollo del MDE11 responden a un encargo preciso por parte del Museo de Antioquia para trabajar en el contexto de la ciudad de Medell\u00edn con sus agentes sociales y culturales. Desde su misi\u00f3n, el Museo busca promover la interacci\u00f3n educativa y cultural, convocar a la participaci\u00f3n de muchos y propiciar la reflexi\u00f3n por medio del di\u00e1logo polif\u00f3nico e interdisciplinario. En sinton\u00eda con estos objetivos, la curadur\u00eda del MDE11 se ha involucrado con colectivos y agentes diversos, desde la academia a los contextos de trabajo comunitario, as\u00ed como a los espacios de autogesti\u00f3n que existen en Medell\u00edn. De esta colaboraci\u00f3n resulta el proyecto general del MDE11. Es interesante destacar que <strong>el Museo de Antioquia, una instituci\u00f3n hegem\u00f3nica fuertemente implicada y comprometida con el desarrollo socio-cultural de Medell\u00edn, se coloca al frente de un evento de ciudad que relaciona institucionalidades diversas en un intento por tejer complicidades y potenciar un conjunto de propuestas que abarcan las artes pl\u00e1sticas, la arquitectura, la m\u00fasica, la imagen y la tecnolog\u00eda.<\/strong><\/p>\n<p>El Museo de Antioquia est\u00e1 convencido de la especial capacidad transformadora del arte y la cultura, y en esa medida comprende la necesidad de profundizar y propiciar formas de acercar sus p\u00fablicos a las pr\u00e1cticas art\u00edsticas contempor\u00e1neas. Por ello su apuesta por el MDE.<\/p>\n<p>Ver <strong><a href=\"https:\/\/mde.org.co\/mde11\/?page_id=24\">MDE07<\/a><\/strong><\/p>\n<p>Ver <strong><a href=\"https:\/\/mde.org.co\/mde11\/?page_id=22\">Introducci\u00f3n del MDE11<br \/>\n<\/a><\/strong><\/p>\n<p>Ver <strong><a href=\"https:\/\/mde.org.co\/mde11\/?page_id=1636\">Mapa mental<\/a><\/strong><\/p>\n<p><\/p>","protected":false},"excerpt":{"rendered":"<p>El Encuentro Internacional de Medell\u00edn (MDE) es una apuesta del Museo de Antioquia por poner de nuevo a la ciudad en el escenario internacional del arte contempor\u00e1neo.<\/p>\n","protected":false},"author":1,"featured_media":1091,"parent":0,"menu_order":0,"comment_status":"closed","ping_status":"closed","template":"","meta":{"footnotes":""},"categories":[7],"class_list":["post-7","page","type-page","status-publish","has-post-thumbnail","hentry","category-uncategorized"],"_links":{"self":[{"href":"https:\/\/mde.org.co\/mde11\/es\/wp-json\/wp\/v2\/pages\/7","targetHints":{"allow":["GET"]}}],"collection":[{"href":"https:\/\/mde.org.co\/mde11\/es\/wp-json\/wp\/v2\/pages"}],"about":[{"href":"https:\/\/mde.org.co\/mde11\/es\/wp-json\/wp\/v2\/types\/page"}],"author":[{"embeddable":true,"href":"https:\/\/mde.org.co\/mde11\/es\/wp-json\/wp\/v2\/users\/1"}],"replies":[{"embeddable":true,"href":"https:\/\/mde.org.co\/mde11\/es\/wp-json\/wp\/v2\/comments?post=7"}],"version-history":[{"count":0,"href":"https:\/\/mde.org.co\/mde11\/es\/wp-json\/wp\/v2\/pages\/7\/revisions"}],"wp:featuredmedia":[{"embeddable":true,"href":"https:\/\/mde.org.co\/mde11\/es\/wp-json\/wp\/v2\/media\/1091"}],"wp:attachment":[{"href":"https:\/\/mde.org.co\/mde11\/es\/wp-json\/wp\/v2\/media?parent=7"}],"wp:term":[{"taxonomy":"category","embeddable":true,"href":"https:\/\/mde.org.co\/mde11\/es\/wp-json\/wp\/v2\/categories?post=7"}],"curies":[{"name":"wp","href":"https:\/\/api.w.org\/{rel}","templated":true}]}}