{"id":662,"date":"2011-08-03T22:42:41","date_gmt":"2011-08-04T03:42:41","guid":{"rendered":"http:\/\/mde.org.co\/mde11\/wordpress\/?page_id=662"},"modified":"2011-08-03T22:42:41","modified_gmt":"2011-08-04T03:42:41","slug":"regina-jose-galindo","status":"publish","type":"page","link":"https:\/\/mde.org.co\/mde11\/es\/artistas\/regina-jose-galindo\/","title":{"rendered":"Regina Jos\u00e9 Galindo"},"content":{"rendered":"<p><img loading=\"lazy\" decoding=\"async\" class=\"aligncenter size-full wp-image-664\" title=\"Regina Jos\u00e9 Galindo\" src=\"https:\/\/mde.org.co\/mde11\/wp-content\/uploads\/sites\/3\/2011\/08\/Regina-Jos\u00e9-Galindo-header.jpg\" alt=\"\" width=\"600\" height=\"280\" srcset=\"https:\/\/mde.org.co\/mde11\/wp-content\/uploads\/sites\/3\/2011\/08\/Regina-Jos\u00e9-Galindo-header.jpg 600w, https:\/\/mde.org.co\/mde11\/wp-content\/uploads\/sites\/3\/2011\/08\/Regina-Jos\u00e9-Galindo-header-300x140.jpg 300w\" sizes=\"auto, (max-width: 600px) 100vw, 600px\" \/><\/p>\n<p>Naci\u00f3 en 1974 en Ciudad de Guatemala (Guatemala), donde actualmente vive y trabaja. Su carrera como artista comenz\u00f3 a finales de los a\u00f1os 90, pocos a\u00f1os despu\u00e9s de la firma de la paz en su pa\u00eds. En el 2005 obtuvo el Le\u00f3n de Oro de la 51 Bienal de Venecia en la categor\u00eda Artista joven. Su trabajo ha sido exhibido en muestras colectivas en diversos espacios alrededor del mundo. Regina tambi\u00e9n escribe poes\u00eda y cuento, y ya varios de sus textos forman parte de antolog\u00edas y revistas. \u2018Personal e intransmisible\u2019 se titula el libro de poes\u00eda que public\u00f3 en 1999.<\/p>\n<p>Ha participado en eventos de talla internacional como: Bienal de Venecia (versiones 49, 51, 53 y 54); The Sharjah Biennial; Bienal de Pontevedra (2010); 17 Bienal de Sydney; II Bienal de Mosc\u00fa; Primera Trienal de Auckland; Venice-Istanbul; I Bienal de Arte y Arquitectura Islas Canarias; III Bienal de Albania; II Bienal de Praga; III Bienal de Lima. Su trabajo forma parte de colecciones como Pricenton Universtity (Nueva Jersey); Meiac ( Espa\u00f1a); Fondazione Teseco (Pisa, Italia); Fondazione Galleria Civica (Trento, Italia); MMKA, Budapest, Hungr\u00eda; Consejer\u00eda de Murcia (Espa\u00f1a); Art Foundation Mallorca (Espa\u00f1a); Museo de Rivoli (Tur\u00edn, Italia);\u00a0 Fundaci\u00f3n Daros (Suiza); Blanton Museum (EE.UU); Colecci\u00f3n La Gaia; UBS Art Collection; Miami Art Museum y Cisneros Fountanal.<\/p>\n<p><strong>Durante el MDE11 estar\u00e1 presentando el video \u2018Punto ciego\u2019, performance realizado en Guatemala en el a\u00f1o 2010, el cual explora la relaci\u00f3n entre obra y p\u00fablico. <\/strong>Su trabajo se basa en una investigaci\u00f3n sobre el comportamiento de un grupo de individuos ciegos frente a una pieza de arte contempor\u00e1neo, pero tambi\u00e9n en un performance: una escultura, un cuerpo que no ven, que no comprenden, y que deben reconocer a trav\u00e9s de sus otros sentidos. Es un ensayo sobre c\u00f3mo se percibe la realidad, \u201cnuestra propia realidad\u201d, sobre c\u00f3mo nos desenvolvemos a ciegas, obviando al otro, neg\u00e1ndonos a ver.<\/p>\n<p>A Regina Jos\u00e9 Galindo le interesa crear experiencias, pues considera que es donde m\u00e1s se puede crecer y aprender. Por eso crea experiencias que generen preguntas y puedan ir m\u00e1s all\u00e1. Asimismo, dice, le <strong>\u201cinteresa crear obras donde se modifiquen o desplacen las relaciones lineales entre el p\u00fablico y la obra de arte. Romper los esquemas es necesario en todo proceso de transmisi\u00f3n de informaci\u00f3n, para que el conocimiento no se estanque\u201d.<\/strong><\/p>\n<p><strong><img loading=\"lazy\" decoding=\"async\" class=\"aligncenter size-full wp-image-663\" title=\"\" src=\"https:\/\/mde.org.co\/mde11\/wp-content\/uploads\/sites\/3\/2011\/08\/Regina-Jos\u00e9-Galindo-frase.jpg\" alt=\"\" width=\"600\" height=\"45\" srcset=\"https:\/\/mde.org.co\/mde11\/wp-content\/uploads\/sites\/3\/2011\/08\/Regina-Jos\u00e9-Galindo-frase.jpg 600w, https:\/\/mde.org.co\/mde11\/wp-content\/uploads\/sites\/3\/2011\/08\/Regina-Jos\u00e9-Galindo-frase-300x23.jpg 300w\" sizes=\"auto, (max-width: 600px) 100vw, 600px\" \/><br \/>\n<\/strong><\/p>\n<p><strong>Sitio web<br \/>\n<\/strong><a href=\"www.reginajosegalindo.com\" target=\"_blank\">www.reginajosegalindo.com<\/a><\/p>\n<p><strong>Sitios de inter\u00e9s<\/strong><\/p>\n<p><a href=\"http:\/\/www.prometeogallery.com\/regina-jose-galindo\/\">Regina Jos\u00e9 Galindo. Prometeo Gallery<\/a><br \/>\n<a href=\"http:\/\/bombsite.com\/issues\/94\/articles\/2780\" target=\"_blank\">\u2018Regina Jos\u00e9 Galindo\u2019, por Francisco Goldman (ingl\u00e9s)<br \/>\n<\/a><a href=\"http:\/\/www.elcultural.es\/version_papel\/ARTE\/21468\/Regina_Jose_Galindo\" target=\"_blank\">Regina Jos\u00e9 Galindo. Galer\u00eda La Caja Blanca<\/a><\/p>\n<p><strong>Contacto<br \/>\n<\/strong><a href=\"mailto:info@prometeogallery.com\">info@prometeogallery.com<br \/>\n<\/a><a href=\"mailto:prometeogallery@gmail.com\">prometeogallery@gmail.com<br \/>\n<\/a><\/p>\n<p>&nbsp;<\/p>\n<h2>Participaci\u00f3n en el MDE11<\/h2>\n<p>Art\u00edculo: <a href=\"https:\/\/mde.org.co\/mde11\/?p=3193\">\u2018Punto ciego\u2019: Regina Jose Galindo<\/a><\/p>\n<p>&nbsp;<\/p>","protected":false},"excerpt":{"rendered":"<p>Naci\u00f3 en 1974 en Ciudad de Guatemala (Guatemala), donde actualmente vive y trabaja. Su carrera como artista comenz\u00f3 a finales de los a\u00f1os 90, pocos a\u00f1os despu\u00e9s de la firma de la paz en su pa\u00eds. En el 2005 obtuvo el Le\u00f3n de Oro de la 51 Bienal de Venecia en la categor\u00eda Artista joven. Su trabajo ha sido exhibido en muestras colectivas en diversos espacios alrededor del mundo. Regina tambi\u00e9n escribe poes\u00eda y cuento, y ya varios de sus textos forman parte de antolog\u00edas y revistas. \u2018Personal e intransmisible\u2019 se titula el libro de poes\u00eda que public\u00f3 en 1999. Ha participado en eventos de talla internacional como: Bienal de Venecia (versiones 49, 51, 53 y 54); The Sharjah Biennial; Bienal de Pontevedra (2010); 17 Bienal de Sydney; II Bienal de Mosc\u00fa; Primera Trienal de Auckland; Venice-Istanbul; I Bienal de Arte y Arquitectura Islas Canarias; III Bienal de Albania; II Bienal de Praga; III Bienal de Lima. Su trabajo forma parte de colecciones como Pricenton Universtity (Nueva Jersey); Meiac ( Espa\u00f1a); Fondazione Teseco (Pisa, Italia); Fondazione Galleria Civica (Trento, Italia); MMKA, Budapest, Hungr\u00eda; Consejer\u00eda de Murcia (Espa\u00f1a); Art Foundation Mallorca (Espa\u00f1a); Museo de Rivoli (Tur\u00edn, Italia);\u00a0 Fundaci\u00f3n Daros (Suiza); Blanton Museum (EE.UU); Colecci\u00f3n La Gaia; UBS Art Collection; Miami Art Museum y Cisneros Fountanal. Durante el MDE11 estar\u00e1 presentando el video \u2018Punto ciego\u2019, performance realizado en Guatemala en el a\u00f1o 2010, el cual explora la relaci\u00f3n entre obra y p\u00fablico. Su trabajo se basa en una investigaci\u00f3n sobre el comportamiento de un grupo de individuos ciegos frente a una pieza de arte contempor\u00e1neo, pero tambi\u00e9n en un performance: una escultura, un cuerpo que no ven, que no comprenden, y que deben reconocer a trav\u00e9s de sus otros sentidos. Es un ensayo sobre c\u00f3mo se percibe la realidad, \u201cnuestra propia realidad\u201d, sobre c\u00f3mo nos desenvolvemos a ciegas, obviando al otro, neg\u00e1ndonos a ver. A Regina Jos\u00e9 Galindo le interesa crear experiencias, pues considera que es donde m\u00e1s se puede crecer y aprender. Por eso crea experiencias que generen preguntas y puedan ir m\u00e1s all\u00e1. Asimismo, dice, le \u201cinteresa crear obras donde se modifiquen o desplacen las relaciones lineales entre el p\u00fablico y la obra de arte. Romper los esquemas es necesario en todo proceso de transmisi\u00f3n de informaci\u00f3n, para que el conocimiento no se estanque\u201d. Sitio web www.reginajosegalindo.com Sitios de inter\u00e9s Regina Jos\u00e9 Galindo. Prometeo Gallery \u2018Regina Jos\u00e9 Galindo\u2019, por Francisco Goldman (ingl\u00e9s) Regina Jos\u00e9 Galindo. Galer\u00eda La Caja Blanca Contacto info@prometeogallery.com prometeogallery@gmail.com &nbsp; Participaci\u00f3n en el MDE11 Art\u00edculo: \u2018Punto ciego\u2019: Regina Jose Galindo &nbsp;<\/p>\n","protected":false},"author":1,"featured_media":0,"parent":143,"menu_order":0,"comment_status":"closed","ping_status":"open","template":"","meta":{"footnotes":""},"categories":[4],"class_list":["post-662","page","type-page","status-publish","hentry","category-exposicion"],"_links":{"self":[{"href":"https:\/\/mde.org.co\/mde11\/es\/wp-json\/wp\/v2\/pages\/662","targetHints":{"allow":["GET"]}}],"collection":[{"href":"https:\/\/mde.org.co\/mde11\/es\/wp-json\/wp\/v2\/pages"}],"about":[{"href":"https:\/\/mde.org.co\/mde11\/es\/wp-json\/wp\/v2\/types\/page"}],"author":[{"embeddable":true,"href":"https:\/\/mde.org.co\/mde11\/es\/wp-json\/wp\/v2\/users\/1"}],"replies":[{"embeddable":true,"href":"https:\/\/mde.org.co\/mde11\/es\/wp-json\/wp\/v2\/comments?post=662"}],"version-history":[{"count":0,"href":"https:\/\/mde.org.co\/mde11\/es\/wp-json\/wp\/v2\/pages\/662\/revisions"}],"up":[{"embeddable":true,"href":"https:\/\/mde.org.co\/mde11\/es\/wp-json\/wp\/v2\/pages\/143"}],"wp:attachment":[{"href":"https:\/\/mde.org.co\/mde11\/es\/wp-json\/wp\/v2\/media?parent=662"}],"wp:term":[{"taxonomy":"category","embeddable":true,"href":"https:\/\/mde.org.co\/mde11\/es\/wp-json\/wp\/v2\/categories?post=662"}],"curies":[{"name":"wp","href":"https:\/\/api.w.org\/{rel}","templated":true}]}}