{"id":55,"date":"2011-06-30T21:38:19","date_gmt":"2011-06-30T21:38:19","guid":{"rendered":"http:\/\/190.156.230.47:8080\/?page_id=55"},"modified":"2011-06-30T21:38:19","modified_gmt":"2011-06-30T21:38:19","slug":"transductores","status":"publish","type":"page","link":"https:\/\/mde.org.co\/mde11\/es\/estudio\/transductores\/","title":{"rendered":"Transductores"},"content":{"rendered":"<p>&#8216;Transductores. Pedagog\u00edas colectivas y pol\u00edticas espaciales&#8217; es un proyecto espa\u00f1ol que investiga y activa iniciativas en las que se articulan de manera flexible las pr\u00e1cticas art\u00edsticas, la intervenci\u00f3n pol\u00edtica y la educaci\u00f3n a partir de la acci\u00f3n de colectivos interdisciplinares.<\/p>\n<p>Transductores incluye la puesta en marcha de seminarios y talleres de formaci\u00f3n dirigidos a docentes y mediadores locales \u2013sus saberes y posicionamientos involucrados al trabajar con artistas\u2013, la exposici\u00f3n de parte de su archivo relacional, la edici\u00f3n de diversas publicaciones y una multiplicaci\u00f3n de proyectos en centros educativos y escuelas.<\/p>\n<p><a href=\"http:\/\/www.transductores.net\/?q=es\/category\/categor\u00ed\/mde11\" target=\"_blank\">Ac\u00e1 pueden conocer y seguir el proceso que adelantan Antonio Collados y Javier Rodrigo para el MDE11<\/a><\/p>","protected":false},"excerpt":{"rendered":"<p>&#8216;Transductores. Pedagog\u00edas colectivas y pol\u00edticas espaciales&#8217; es un proyecto espa\u00f1ol que investiga y activa iniciativas en las que se articulan de manera flexible las pr\u00e1cticas art\u00edsticas, la intervenci\u00f3n pol\u00edtica y la educaci\u00f3n a partir de la acci\u00f3n de colectivos interdisciplinares.<\/p>\n","protected":false},"author":1,"featured_media":0,"parent":45,"menu_order":0,"comment_status":"closed","ping_status":"open","template":"","meta":{"footnotes":""},"categories":[3],"class_list":["post-55","page","type-page","status-publish","hentry","category-estudio"],"_links":{"self":[{"href":"https:\/\/mde.org.co\/mde11\/es\/wp-json\/wp\/v2\/pages\/55","targetHints":{"allow":["GET"]}}],"collection":[{"href":"https:\/\/mde.org.co\/mde11\/es\/wp-json\/wp\/v2\/pages"}],"about":[{"href":"https:\/\/mde.org.co\/mde11\/es\/wp-json\/wp\/v2\/types\/page"}],"author":[{"embeddable":true,"href":"https:\/\/mde.org.co\/mde11\/es\/wp-json\/wp\/v2\/users\/1"}],"replies":[{"embeddable":true,"href":"https:\/\/mde.org.co\/mde11\/es\/wp-json\/wp\/v2\/comments?post=55"}],"version-history":[{"count":0,"href":"https:\/\/mde.org.co\/mde11\/es\/wp-json\/wp\/v2\/pages\/55\/revisions"}],"up":[{"embeddable":true,"href":"https:\/\/mde.org.co\/mde11\/es\/wp-json\/wp\/v2\/pages\/45"}],"wp:attachment":[{"href":"https:\/\/mde.org.co\/mde11\/es\/wp-json\/wp\/v2\/media?parent=55"}],"wp:term":[{"taxonomy":"category","embeddable":true,"href":"https:\/\/mde.org.co\/mde11\/es\/wp-json\/wp\/v2\/categories?post=55"}],"curies":[{"name":"wp","href":"https:\/\/api.w.org\/{rel}","templated":true}]}}