{"id":549,"date":"2011-08-03T01:13:31","date_gmt":"2011-08-03T06:13:31","guid":{"rendered":"http:\/\/mde.org.co\/mde11\/wordpress\/?page_id=549"},"modified":"2011-08-03T01:13:31","modified_gmt":"2011-08-03T06:13:31","slug":"paulo-licona","status":"publish","type":"page","link":"https:\/\/mde.org.co\/mde11\/es\/artistas\/paulo-licona\/","title":{"rendered":"Paulo Licona"},"content":{"rendered":"<p><strong><img loading=\"lazy\" decoding=\"async\" class=\"aligncenter size-full wp-image-550\" title=\"Skatepark - Paulo Licona\" src=\"https:\/\/mde.org.co\/mde11\/wp-content\/uploads\/sites\/3\/2011\/08\/Paulo-Licona-header.jpg\" alt=\"\" width=\"600\" height=\"280\" srcset=\"https:\/\/mde.org.co\/mde11\/wp-content\/uploads\/sites\/3\/2011\/08\/Paulo-Licona-header.jpg 600w, https:\/\/mde.org.co\/mde11\/wp-content\/uploads\/sites\/3\/2011\/08\/Paulo-Licona-header-300x140.jpg 300w\" sizes=\"auto, (max-width: 600px) 100vw, 600px\" \/><br \/>\n<\/strong><\/p>\n<p>Naci\u00f3 en 1977 en Tunja (Colombia). Sus estudios los realiz\u00f3 en Bogot\u00e1, donde vive en la actualidad. Hizo su pregrado en Artes en la Universidad Jorge Tadeo Lozano y el m\u00e1ster en Artes Pl\u00e1sticas en la Universidad Nacional de Colombia.<\/p>\n<p>Fue miembro fundador del colectivo <a href=\"http:\/\/www.flickr.com\/people\/todopipas\/\">Todopipas<\/a>, con el que realiz\u00f3 5 exposiciones individuales y varias colectivas en Bogot\u00e1. En 2004 hizo parte de Muca Roma en el Distrito Federal de M\u00e9xico, donde particip\u00f3 de la muestra \u2018Arte bogotano actual\u2019, curada por Luis Orozco. En el a\u00f1o 2005 fue ganador del concurso de exposiciones en la galer\u00eda Santaf\u00e9 del Planetario Distrital.<\/p>\n<p>Su proyecto \u2018Siga, esta es su casa\u2019 fue el inicio de su trabajo con tizas y tableros, por el que es reconocido. En el 2007 fue seleccionado para el concurso BBVA, donde realiz\u00f3 una intervenci\u00f3n en la ciudad de Medell\u00edn: \u2018Casa que cede\u2019 se llam\u00f3 entonces la acci\u00f3n en la que arrastr\u00f3 una casa de tiza de 30 kilos desde el terminal de transportes hasta la Casa del Encuentro del <a href=\"http:\/\/www.museodeantioquia.org.co\/\">Museo de Antioquia<\/a>, en el centro de la ciudad. Entre el 2008 y el 2010 fue invitado a Medell\u00edn a participar en el proyecto \u2018Exsitu-insitu\u2019.<\/p>\n<p>\u2018Skatepark\u2019 es el nombre del proyecto presentado en el MDE11, el cual se compone de varios procesos: \u201cSkatepark en aula taller\u201d, que consiste en una serie de peque\u00f1as rampas hechas con mobiliario rescatado de colegios y universidades; \u201cAula taller. Escuelita del mal\u201d, un espacio dedicado a conversatorios, clases \u201cte\u00f3ricas\u201d y muestras de algunos trabajos de skaters de la ciudad. Adem\u00e1s, el proyecto hace transversales te\u00f3rico-pr\u00e1cticos que relacionan el deporte y la ciencia. Paulo Licona convertir\u00e1 entonces el aula de clases en un patio de juegos.<\/p>\n<p>\u201cEl proyecto en su origen es la subversi\u00f3n de los ordenes escol\u00e1sticos, partiendo de elementos o herramientas f\u00edsicas b\u00e1sicas de aprendizaje\u201d, dice Licona, y a\u00f1ade que ello se logra al \u201cponer el tablero en el piso, romper lo vertical, la verdad y las ideas sobre la superficie que intimida, que reta y que al final se borra&#8230;\u201d<\/p>\n<p><img loading=\"lazy\" decoding=\"async\" class=\"aligncenter size-full wp-image-551\" title=\"\" src=\"https:\/\/mde.org.co\/mde11\/wp-content\/uploads\/sites\/3\/2011\/08\/Paulo-Licona-frases.jpg\" alt=\"\" width=\"600\" height=\"90\" srcset=\"https:\/\/mde.org.co\/mde11\/wp-content\/uploads\/sites\/3\/2011\/08\/Paulo-Licona-frases.jpg 600w, https:\/\/mde.org.co\/mde11\/wp-content\/uploads\/sites\/3\/2011\/08\/Paulo-Licona-frases-300x45.jpg 300w\" sizes=\"auto, (max-width: 600px) 100vw, 600px\" \/><\/p>\n<p><strong>Sitio web<\/strong><\/p>\n<p><a href=\"http:\/\/www.la-galeria.com.co\/paulo_licona\/index.html\">http:\/\/www.la-galeria.com.co\/paulo_licona\/index.html<\/a><\/p>\n<p><strong>Enlaces de inter\u00e9s<\/strong><\/p>\n<p><a href=\"http:\/\/www.flickr.com\/photos\/paulolicona\/\" target=\"_blank\">Flickr de Paulo licona<br \/>\n<\/a><a href=\"http:\/\/www.la-galeria.com.co\/exposiciones\/tizodromo\/comunicado.htm\" target=\"_blank\">Tiz\u00f3dromo<\/a><\/p>\n<p><strong>Redes<br \/>\n<\/strong><a href=\"http:\/\/www.flickr.com\/photos\/paulolicona\/\" target=\"_blank\">Flickr<\/a><\/p>\n<p>&nbsp;<\/p>\n<h2>Participaci\u00f3n en el MDE11<\/h2>\n<p>Art\u00edculo:\u00a0<a href=\"https:\/\/mde.org.co\/mde11\/?p=2010\">&#8216;La escuelita del mal&#8217; de Paulo Licona<\/a> (Video)<br \/>\nPresentaci\u00f3n de su proyecto: <a href=\"http:\/\/vimeo.com\/31493228\">Paulo Licona: \u00abSkatepark\u00bb\u00a0<\/a>(Video)<\/p>\n<p>&nbsp;<\/p>","protected":false},"excerpt":{"rendered":"<p>Naci\u00f3 en 1977 en Tunja (Colombia). Sus estudios los realiz\u00f3 en Bogot\u00e1, donde vive en la actualidad. Hizo su pregrado en Artes en la Universidad Jorge Tadeo Lozano y el m\u00e1ster en Artes Pl\u00e1sticas en la Universidad Nacional de Colombia. Fue miembro fundador del colectivo Todopipas, con el que realiz\u00f3 5 exposiciones individuales y varias colectivas en Bogot\u00e1. En 2004 hizo parte de Muca Roma en el Distrito Federal de M\u00e9xico, donde particip\u00f3 de la muestra \u2018Arte bogotano actual\u2019, curada por Luis Orozco. En el a\u00f1o 2005 fue ganador del concurso de exposiciones en la galer\u00eda Santaf\u00e9 del Planetario Distrital. Su proyecto \u2018Siga, esta es su casa\u2019 fue el inicio de su trabajo con tizas y tableros, por el que es reconocido. En el 2007 fue seleccionado para el concurso BBVA, donde realiz\u00f3 una intervenci\u00f3n en la ciudad de Medell\u00edn: \u2018Casa que cede\u2019 se llam\u00f3 entonces la acci\u00f3n en la que arrastr\u00f3 una casa de tiza de 30 kilos desde el terminal de transportes hasta la Casa del Encuentro del Museo de Antioquia, en el centro de la ciudad. Entre el 2008 y el 2010 fue invitado a Medell\u00edn a participar en el proyecto \u2018Exsitu-insitu\u2019. \u2018Skatepark\u2019 es el nombre del proyecto presentado en el MDE11, el cual se compone de varios procesos: \u201cSkatepark en aula taller\u201d, que consiste en una serie de peque\u00f1as rampas hechas con mobiliario rescatado de colegios y universidades; \u201cAula taller. Escuelita del mal\u201d, un espacio dedicado a conversatorios, clases \u201cte\u00f3ricas\u201d y muestras de algunos trabajos de skaters de la ciudad. Adem\u00e1s, el proyecto hace transversales te\u00f3rico-pr\u00e1cticos que relacionan el deporte y la ciencia. Paulo Licona convertir\u00e1 entonces el aula de clases en un patio de juegos. \u201cEl proyecto en su origen es la subversi\u00f3n de los ordenes escol\u00e1sticos, partiendo de elementos o herramientas f\u00edsicas b\u00e1sicas de aprendizaje\u201d, dice Licona, y a\u00f1ade que ello se logra al \u201cponer el tablero en el piso, romper lo vertical, la verdad y las ideas sobre la superficie que intimida, que reta y que al final se borra&#8230;\u201d Sitio web http:\/\/www.la-galeria.com.co\/paulo_licona\/index.html Enlaces de inter\u00e9s Flickr de Paulo licona Tiz\u00f3dromo Redes Flickr &nbsp; Participaci\u00f3n en el MDE11 Art\u00edculo:\u00a0&#8216;La escuelita del mal&#8217; de Paulo Licona (Video) Presentaci\u00f3n de su proyecto: Paulo Licona: \u00abSkatepark\u00bb\u00a0(Video) &nbsp;<\/p>\n","protected":false},"author":1,"featured_media":0,"parent":143,"menu_order":0,"comment_status":"closed","ping_status":"open","template":"","meta":{"footnotes":""},"categories":[4],"class_list":["post-549","page","type-page","status-publish","hentry","category-exposicion"],"_links":{"self":[{"href":"https:\/\/mde.org.co\/mde11\/es\/wp-json\/wp\/v2\/pages\/549","targetHints":{"allow":["GET"]}}],"collection":[{"href":"https:\/\/mde.org.co\/mde11\/es\/wp-json\/wp\/v2\/pages"}],"about":[{"href":"https:\/\/mde.org.co\/mde11\/es\/wp-json\/wp\/v2\/types\/page"}],"author":[{"embeddable":true,"href":"https:\/\/mde.org.co\/mde11\/es\/wp-json\/wp\/v2\/users\/1"}],"replies":[{"embeddable":true,"href":"https:\/\/mde.org.co\/mde11\/es\/wp-json\/wp\/v2\/comments?post=549"}],"version-history":[{"count":0,"href":"https:\/\/mde.org.co\/mde11\/es\/wp-json\/wp\/v2\/pages\/549\/revisions"}],"up":[{"embeddable":true,"href":"https:\/\/mde.org.co\/mde11\/es\/wp-json\/wp\/v2\/pages\/143"}],"wp:attachment":[{"href":"https:\/\/mde.org.co\/mde11\/es\/wp-json\/wp\/v2\/media?parent=549"}],"wp:term":[{"taxonomy":"category","embeddable":true,"href":"https:\/\/mde.org.co\/mde11\/es\/wp-json\/wp\/v2\/categories?post=549"}],"curies":[{"name":"wp","href":"https:\/\/api.w.org\/{rel}","templated":true}]}}