{"id":53,"date":"2011-06-30T21:37:57","date_gmt":"2011-06-30T21:37:57","guid":{"rendered":"http:\/\/190.156.230.47:8080\/?page_id=53"},"modified":"2011-06-30T21:37:57","modified_gmt":"2011-06-30T21:37:57","slug":"taller-central","status":"publish","type":"page","link":"https:\/\/mde.org.co\/mde11\/es\/exposicion\/taller-central\/","title":{"rendered":"Taller central"},"content":{"rendered":"<p>El componente expositivo del MDE11 toma su nombre, a modo de homenaje, de un valioso dispositivo pedag\u00f3gico de la Facultad de Artes de la Universidad Nacional de Colombia sede Medell\u00edn: es un sistema acad\u00e9mico que, a trav\u00e9s de la discusi\u00f3n abierta con compa\u00f1eros y docentes, busca propiciar y fortalecer la producci\u00f3n de los estudiantes, en cuya formaci\u00f3n ha contribuido y contin\u00faa contribuyendo.<\/p>\n<p>El grueso de esta exhibici\u00f3n se puede visitar en el Museo de Antioquia, aunque abarca tambi\u00e9n varios proyectos espec\u00edficos que se encuentran emplazados en diversos puntos de la ciudad, incluyendo espacios p\u00fablicos.<\/p>\n<p>Las propuestas de los artistas son estructuradas en torno a cuatro ejes: &#8216;Cabeza colectiva&#8217;: trabajo en grupo como facilitador de la confluencia de saberes de distinto orden; &#8216;Pliegues del archivo&#8217;: recuperaci\u00f3n, reorganizaci\u00f3n y puesta en circulaci\u00f3n de im\u00e1genes y conceptos que dan lugar a la reflexi\u00f3n pol\u00edtica; &#8216;Ret\u00f3ricas pedag\u00f3gicas&#8217;: uso de estrategias y materiales did\u00e1cticos para el cuestionamiento de jerarqu\u00edas y convenciones; y &#8216;Tiempos m\u00faltiples&#8217;: reciclado de la memoria y el collage de tiempos que posibilitan di\u00e1logos con el pasado y el futuro.<\/p>\n<p><\/p>","protected":false},"excerpt":{"rendered":"<p>El componente expositivo del MDE11 toma su nombre, a modo de homenaje, de un valioso dispositivo pedag\u00f3gico de la Facultad de Artes de la Universidad Nacional de Colombia sede Medell\u00edn: un sistema acad\u00e9mico que busca propiciar y fortalecer la producci\u00f3n de los estudiantes.<\/p>\n","protected":false},"author":1,"featured_media":0,"parent":51,"menu_order":0,"comment_status":"closed","ping_status":"open","template":"","meta":{"footnotes":""},"categories":[4],"class_list":["post-53","page","type-page","status-publish","hentry","category-exposicion"],"_links":{"self":[{"href":"https:\/\/mde.org.co\/mde11\/es\/wp-json\/wp\/v2\/pages\/53","targetHints":{"allow":["GET"]}}],"collection":[{"href":"https:\/\/mde.org.co\/mde11\/es\/wp-json\/wp\/v2\/pages"}],"about":[{"href":"https:\/\/mde.org.co\/mde11\/es\/wp-json\/wp\/v2\/types\/page"}],"author":[{"embeddable":true,"href":"https:\/\/mde.org.co\/mde11\/es\/wp-json\/wp\/v2\/users\/1"}],"replies":[{"embeddable":true,"href":"https:\/\/mde.org.co\/mde11\/es\/wp-json\/wp\/v2\/comments?post=53"}],"version-history":[{"count":0,"href":"https:\/\/mde.org.co\/mde11\/es\/wp-json\/wp\/v2\/pages\/53\/revisions"}],"up":[{"embeddable":true,"href":"https:\/\/mde.org.co\/mde11\/es\/wp-json\/wp\/v2\/pages\/51"}],"wp:attachment":[{"href":"https:\/\/mde.org.co\/mde11\/es\/wp-json\/wp\/v2\/media?parent=53"}],"wp:term":[{"taxonomy":"category","embeddable":true,"href":"https:\/\/mde.org.co\/mde11\/es\/wp-json\/wp\/v2\/categories?post=53"}],"curies":[{"name":"wp","href":"https:\/\/api.w.org\/{rel}","templated":true}]}}