{"id":529,"date":"2011-08-03T00:45:24","date_gmt":"2011-08-03T05:45:24","guid":{"rendered":"http:\/\/mde.org.co\/mde11\/wordpress\/?page_id=529"},"modified":"2011-08-03T00:45:24","modified_gmt":"2011-08-03T05:45:24","slug":"medialab-bogota","status":"publish","type":"page","link":"https:\/\/mde.org.co\/mde11\/es\/artistas\/medialab-bogota\/","title":{"rendered":"Medialab Bogot\u00e1"},"content":{"rendered":"<p><img loading=\"lazy\" decoding=\"async\" class=\"aligncenter size-full wp-image-531\" title=\"Alejandro Tamayo (MediaLab Bogot\u00e1)\" src=\"https:\/\/mde.org.co\/mde11\/wp-content\/uploads\/sites\/3\/2011\/08\/MediaLab-Bogot\u00e1-header.jpg\" alt=\"\" width=\"600\" height=\"280\" srcset=\"https:\/\/mde.org.co\/mde11\/wp-content\/uploads\/sites\/3\/2011\/08\/MediaLab-Bogot\u00e1-header.jpg 600w, https:\/\/mde.org.co\/mde11\/wp-content\/uploads\/sites\/3\/2011\/08\/MediaLab-Bogot\u00e1-header-300x140.jpg 300w\" sizes=\"auto, (max-width: 600px) 100vw, 600px\" \/><\/p>\n<p>Alejandro Tamayo, ingeniero de la Universidad Eafit (Colombia) con postgrado en Dise\u00f1o y Artes Computacionales de la Universidad Concordia (Canad\u00e1), es quien lidera este colectivo. Su profesi\u00f3n la ha combinado con la docencia, la investigaci\u00f3n y la creaci\u00f3n art\u00edstica, integrando el dise\u00f1o, el arte, la ciencia y la tecnolog\u00eda. <strong>Sus intereses lo llevaron a conformar en el a\u00f1o 2005 el taller <\/strong><a href=\"http:\/\/www.thepopshop.org\/vida\">v*i*d*a lab<\/a><strong>, un laboratorio de exploraci\u00f3n interdisciplinar para estudiantes de dise\u00f1o industrial de la Universidad Javeriana (Colombia).<\/strong><\/p>\n<p><a href=\"http:\/\/medialab-bogota.org\/\">Medialab Bogot\u00e1<\/a> inici\u00f3 como laboratorio de investigaci\u00f3n en dise\u00f1o, arte, ciencia y tecnolog\u00eda con la idea de incentivar la conformaci\u00f3n de una comunidad interdisciplinaria en Bogot\u00e1, un espacio en el que artistas, cient\u00edficos e ingenieros pudiera reunirse a pensar y so\u00f1ar juntos.<\/p>\n<p>El proyecto que realiza en el MDE11 consiste en la conformaci\u00f3n de un espacio de encuentro interdisciplinario para dictar charlas y talleres abiertos al p\u00fablico. <strong>El tema central de su participaci\u00f3n en el encuentro es la vida a escalas macro y microc\u00f3smicas.<\/strong><\/p>\n<p>Como creador de Medialab Bogot\u00e1, Tamayo expresa: <strong>\u201cexiste un contacto del arte con la sociedad por el lenguaje mismo del arte, que es en esencia po\u00e9tico, y por tanto se encuentra por fuera del lenguaje, siendo m\u00e1s rico y evocador por lo que no dice que por lo que dice.\u201d<\/strong><\/p>\n<p><strong><img loading=\"lazy\" decoding=\"async\" class=\"aligncenter size-full wp-image-530\" title=\"\" src=\"https:\/\/mde.org.co\/mde11\/wp-content\/uploads\/sites\/3\/2011\/08\/Alejandro-tamayo-frases.jpg\" alt=\"\" width=\"600\" height=\"90\" srcset=\"https:\/\/mde.org.co\/mde11\/wp-content\/uploads\/sites\/3\/2011\/08\/Alejandro-tamayo-frases.jpg 600w, https:\/\/mde.org.co\/mde11\/wp-content\/uploads\/sites\/3\/2011\/08\/Alejandro-tamayo-frases-300x45.jpg 300w\" sizes=\"auto, (max-width: 600px) 100vw, 600px\" \/><br \/>\n<\/strong> <strong>Sitio web<br \/>\n<\/strong><a href=\"http:\/\/medialab-bogota.org\/\">medialab-bogota.org<br \/>\n<\/a><a href=\"http:\/\/www.thepopshop.org\/\">www.thepopshop.org<\/a><\/p>\n<p><strong>Sitios de inter\u00e9s<br \/>\n<\/strong><a href=\"http:\/\/we-make-money-not-art.com\/archives\/2007\/02\/interview-with-11.php\" target=\"_blank\">\u2018Entrevista con Alejandro Tamayo\u2019 (ingl\u00e9s)<br \/>\n<\/a><a href=\"http:\/\/www.elniuton.com\/colombia\/view_niuton.php?ed=05&amp;pag=81\" target=\"_blank\">\u2018Alejandro Tamayo. Personaje colombiano que explora la poes\u00eda de la tecnolog\u00eda<br \/>\n<\/a><a href=\"http:\/\/tdd.elisava.net\/coleccion\/26\/tamayo-es\" target=\"_blank\">\u2019\u2018v*i*d*a lab: repensar los objetos para la vida cotidiana\u2019<\/a><\/p>\n<p><strong>Redes sociales<br \/>\n<\/strong><a href=\"http:\/\/www.flickr.com\/photos\/laimagendelmundo\/\" target=\"_blank\">Flickr<br \/>\n<\/a><a href=\"https:\/\/twitter.com\/#!\/mlBta\" target=\"_blank\">Twitter<\/a><\/p>\n<p><strong>Contacto<br \/>\n<\/strong><a href=\"mailto:info@medialab-bogota.org\">info@medialab-bogota.org<br \/>\n<\/a><a href=\"mailto:laimagendelmundo@yahoo.ca\">laimagendelmundo@yahoo.ca<\/a><\/p>\n<p>&nbsp;<\/p>\n<h2>Participaci\u00f3n en el MDE11<\/h2>\n<p>Art\u00edculo:\u00a0<a href=\"https:\/\/mde.org.co\/mde11\/?p=2350\">Medialab Bogot\u00e1 llega al Medialab del MDE11<\/a><\/p>\n<p><\/p>","protected":false},"excerpt":{"rendered":"<p>Alejandro Tamayo, ingeniero de la Universidad Eafit (Colombia) con postgrado en Dise\u00f1o y Artes Computacionales de la Universidad Concordia (Canad\u00e1), es quien lidera este colectivo. Su profesi\u00f3n la ha combinado con la docencia, la investigaci\u00f3n y la creaci\u00f3n art\u00edstica, integrando el dise\u00f1o, el arte, la ciencia y la tecnolog\u00eda. Sus intereses lo llevaron a conformar en el a\u00f1o 2005 el taller v*i*d*a lab, un laboratorio de exploraci\u00f3n interdisciplinar para estudiantes de dise\u00f1o industrial de la Universidad Javeriana (Colombia). Medialab Bogot\u00e1 inici\u00f3 como laboratorio de investigaci\u00f3n en dise\u00f1o, arte, ciencia y tecnolog\u00eda con la idea de incentivar la conformaci\u00f3n de una comunidad interdisciplinaria en Bogot\u00e1, un espacio en el que artistas, cient\u00edficos e ingenieros pudiera reunirse a pensar y so\u00f1ar juntos. El proyecto que realiza en el MDE11 consiste en la conformaci\u00f3n de un espacio de encuentro interdisciplinario para dictar charlas y talleres abiertos al p\u00fablico. El tema central de su participaci\u00f3n en el encuentro es la vida a escalas macro y microc\u00f3smicas. Como creador de Medialab Bogot\u00e1, Tamayo expresa: \u201cexiste un contacto del arte con la sociedad por el lenguaje mismo del arte, que es en esencia po\u00e9tico, y por tanto se encuentra por fuera del lenguaje, siendo m\u00e1s rico y evocador por lo que no dice que por lo que dice.\u201d Sitio web medialab-bogota.org www.thepopshop.org Sitios de inter\u00e9s \u2018Entrevista con Alejandro Tamayo\u2019 (ingl\u00e9s) \u2018Alejandro Tamayo. Personaje colombiano que explora la poes\u00eda de la tecnolog\u00eda \u2019\u2018v*i*d*a lab: repensar los objetos para la vida cotidiana\u2019 Redes sociales Flickr Twitter Contacto info@medialab-bogota.org laimagendelmundo@yahoo.ca &nbsp; Participaci\u00f3n en el MDE11 Art\u00edculo:\u00a0Medialab Bogot\u00e1 llega al Medialab del MDE11<\/p>\n","protected":false},"author":1,"featured_media":0,"parent":143,"menu_order":0,"comment_status":"closed","ping_status":"open","template":"","meta":{"footnotes":""},"categories":[5],"class_list":["post-529","page","type-page","status-publish","hentry","category-laboratorio"],"_links":{"self":[{"href":"https:\/\/mde.org.co\/mde11\/es\/wp-json\/wp\/v2\/pages\/529","targetHints":{"allow":["GET"]}}],"collection":[{"href":"https:\/\/mde.org.co\/mde11\/es\/wp-json\/wp\/v2\/pages"}],"about":[{"href":"https:\/\/mde.org.co\/mde11\/es\/wp-json\/wp\/v2\/types\/page"}],"author":[{"embeddable":true,"href":"https:\/\/mde.org.co\/mde11\/es\/wp-json\/wp\/v2\/users\/1"}],"replies":[{"embeddable":true,"href":"https:\/\/mde.org.co\/mde11\/es\/wp-json\/wp\/v2\/comments?post=529"}],"version-history":[{"count":0,"href":"https:\/\/mde.org.co\/mde11\/es\/wp-json\/wp\/v2\/pages\/529\/revisions"}],"up":[{"embeddable":true,"href":"https:\/\/mde.org.co\/mde11\/es\/wp-json\/wp\/v2\/pages\/143"}],"wp:attachment":[{"href":"https:\/\/mde.org.co\/mde11\/es\/wp-json\/wp\/v2\/media?parent=529"}],"wp:term":[{"taxonomy":"category","embeddable":true,"href":"https:\/\/mde.org.co\/mde11\/es\/wp-json\/wp\/v2\/categories?post=529"}],"curies":[{"name":"wp","href":"https:\/\/api.w.org\/{rel}","templated":true}]}}