{"id":517,"date":"2011-08-02T19:14:57","date_gmt":"2011-08-03T00:14:57","guid":{"rendered":"http:\/\/mde.org.co\/mde11\/wordpress\/?page_id=517"},"modified":"2011-08-02T19:14:57","modified_gmt":"2011-08-03T00:14:57","slug":"hiperbarrio","status":"publish","type":"page","link":"https:\/\/mde.org.co\/mde11\/es\/artistas\/hiperbarrio\/","title":{"rendered":"HiperBarrio"},"content":{"rendered":"<p><img loading=\"lazy\" decoding=\"async\" class=\"size-full wp-image-1153 aligncenter\" title=\"Hiperbarrio\" src=\"https:\/\/mde.org.co\/mde11\/wp-content\/uploads\/sites\/3\/2011\/08\/Hiperbarrio-header.jpg\" alt=\"\" width=\"600\" height=\"280\" srcset=\"https:\/\/mde.org.co\/mde11\/wp-content\/uploads\/sites\/3\/2011\/08\/Hiperbarrio-header.jpg 600w, https:\/\/mde.org.co\/mde11\/wp-content\/uploads\/sites\/3\/2011\/08\/Hiperbarrio-header-300x140.jpg 300w\" sizes=\"auto, (max-width: 600px) 100vw, 600px\" \/><\/p>\n<p>HiperBarrio es un laboratorio de aprendizaje y alfabetizaci\u00f3n que busca la inclusi\u00f3n digital y social que\u00a0 se desarrolla en la ciudad de Medell\u00edn y en algunos municipios de Antioquia.<strong> Su escenario son las bibliotecas p\u00fablicas, dado que su fin es crear comunidades de aprendizaje y de autopublicaci\u00f3n en la web<\/strong>. Este colectivo busca propiciar espacios libres e informales de aprendizaje que creen conocimiento a trav\u00e9s de procesos colaborativos.<\/p>\n<p>El colectivo hace parte de la red \u00a0<a href=\"http:\/\/rising.globalvoicesonline.org\/\">Rising<\/a><a href=\"http:\/\/rising.globalvoicesonline.org\/\">Voices<\/a><em>, <\/em>uno de<em> <\/em>35 grupos\u00a0 desplegados en todo el mundo que sigue la propuesta de\u00a0<a href=\"http:\/\/es.globalvoicesonline.org\/\">Global<\/a><a href=\"http:\/\/es.globalvoicesonline.org\/\">Voices<\/a><a href=\"http:\/\/es.globalvoicesonline.org\/\">On<\/a><a href=\"http:\/\/es.globalvoicesonline.org\/\">Line<\/a>, la cual pretende romper no solo el monopolio del flujo de informaci\u00f3n sino la hegemon\u00eda del idioma ingl\u00e9s en internet. Ha sido ganador del \u201cMejor medio comunitario en web\u201d (2010), del primer Concurso de Periodismo Comunitario de Medell\u00edn, adem\u00e1s del premio Golden Nica (2009), en la categor\u00eda Comunidades digitales, del <a href=\"http:\/\/www.aec.at\/humannature\/en\/\">Festival Prix Ars Electr\u00f3nica<\/a>.<\/p>\n<p><strong>Sumar experiencias para el aprendizaje colectivo y la producci\u00f3n de contenidos\u00a0 generados\u00a0 desde las cotidianidades del ciudadano de a pie, es la propuesta que HiperBarrio desarrolla en las instalaciones del Museo de Antioquia y su entorno\u00a0 inmediato.<\/strong> Esta labor se hace mediante talleres de microrrelatos creativos, ejercicios de mapeo, producci\u00f3n de video y programaci\u00f3n de juegos. Desde este espacio de experimentaci\u00f3n tambi\u00e9n se reflexiona, discute, edita, comparte y publican ideas en la web, adem\u00e1s de puntos de vista, textos breves, fotos y videos de experiencias personales.<\/p>\n<p>Su modalidad de trabajo se divide en 2 partes. Una de ellas es la serie de talleres (que se ofrece entre septiembre y noviembre de 2011) sobre procesos de aprendizaje establecidos por un grupo fijo de 20 personas; esto se llev\u00f3 a cabo en 3 bibliotecas p\u00fablicas de la ciudad, en aquellas que se encuentran en las periferias. La segunda modalidad fueron los talleres ofrecidos durante 15 d\u00edas, donde se construyeron modelos de aprendizaje colaborativo sobre la idea \u201caprender haciendo\u201d.<\/p>\n<p>Su propuesta de participaci\u00f3n para el MDE11 busca sumar la experiencia adquirida de lo que hacen otras personas y colectivos. Del laboratorio participan Camilo Cantor, <a href=\"http:\/\/agenciapinocho.com\/\">Agencia Pinocho<\/a>, <a href=\"http:\/\/co.sugarlabs.org\/\">SugarLabs Colombia<\/a> y <a href=\"http:\/\/unloquer.org\/\">Un\/Loquer<\/a>. <strong>Esta iniciativa sale a la calle y suma a la idea de que las bibliotecas son escenarios de aprendizaje y experimentaci\u00f3n.<\/strong><\/p>\n<p><img loading=\"lazy\" decoding=\"async\" class=\"aligncenter size-full wp-image-519\" title=\"\" src=\"https:\/\/mde.org.co\/mde11\/wp-content\/uploads\/sites\/3\/2011\/08\/frases2.jpg\" alt=\"\" width=\"600\" height=\"90\" srcset=\"https:\/\/mde.org.co\/mde11\/wp-content\/uploads\/sites\/3\/2011\/08\/frases2.jpg 600w, https:\/\/mde.org.co\/mde11\/wp-content\/uploads\/sites\/3\/2011\/08\/frases2-300x45.jpg 300w\" sizes=\"auto, (max-width: 600px) 100vw, 600px\" \/><\/p>\n<p><strong>Sitio<br \/>\n<\/strong><a href=\"http:\/\/hiperbarrio.org\/\">www.hiperbarrio<\/a><a href=\"http:\/\/hiperbarrio.org\/\">.<\/a><a href=\"http:\/\/hiperbarrio.org\/\">org<\/a><\/p>\n<p><strong>Sitios de inter\u00e9s<\/strong> (blog colectivos)<em><br \/>\n<\/em><a href=\"http:\/\/convergentes.hiperbarrio.org\/\" target=\"_blank\">ConVergentes<br \/>\n<\/a><a href=\"http:\/\/funacrate.hiperbarrio.org\/\" target=\"_blank\">Funacrate<br \/>\n<\/a><span class=\"Apple-style-span\" style=\"color: #000000\"><a href=\"http:\/\/cambiojuvenil.wordpress.com\/\" target=\"_blank\">Ituango<br \/>\n<\/a><\/span><a href=\"http:\/\/qwerty.co\/\" target=\"_blank\">Qwerty<br \/>\n<\/a><a href=\"http:\/\/revolucionesperanza.hiperbarrio.org\/\" target=\"_blank\">Revoluci\u00f3n Esperanza<br \/>\n<\/a><a href=\"http:\/\/redconstruccion.hiperbarrio.org\/\" target=\"_blank\">RedConstrucci\u00f3n<br \/>\n<\/a><a href=\"http:\/\/villactivos.hiperbarrio.org\/\" target=\"_blank\">Villactivos<\/a><a href=\"http:\/\/redconstruccion.hiperbarrio.org\/\" target=\"_blank\">\u00a0<\/a><\/p>\n<p><strong>Redes Sociales<\/strong><\/p>\n<p><a href=\"https:\/\/twitter.com\/HiperBarrio\" target=\"_blank\">Twitter<br \/>\n<\/a><a href=\"http:\/\/www.flickr.com\/photos\/hiperbarrio\/\" target=\"_blank\">Flickr<br \/>\n<\/a><a href=\"http:\/\/www.facebook.com\/hiperbarrio\" target=\"_blank\">Facebook<\/a><\/p>\n<p>&nbsp;<\/p>\n<h2>Participaci\u00f3n en el MDE11<\/h2>\n<p>Presentaci\u00f3n de HiperBarrio: <a href=\"http:\/\/vimeo.com\/33733688\" target=\"_blank\">&#8216;Qu\u00e9 quiero aprender y qu\u00e9 puedo ense\u00f1ar&#8217;<\/a> (Video)<\/p>\n<p><\/p>","protected":false},"excerpt":{"rendered":"<p>HiperBarrio es un laboratorio de aprendizaje y alfabetizaci\u00f3n que busca la inclusi\u00f3n digital y social que\u00a0 se desarrolla en la ciudad de Medell\u00edn y en algunos municipios de Antioquia. Su escenario son las bibliotecas p\u00fablicas, dado que su fin es crear comunidades de aprendizaje y de autopublicaci\u00f3n en la web. Este colectivo busca propiciar espacios libres e informales de aprendizaje que creen conocimiento a trav\u00e9s de procesos colaborativos. El colectivo hace parte de la red \u00a0RisingVoices, uno de 35 grupos\u00a0 desplegados en todo el mundo que sigue la propuesta de\u00a0GlobalVoicesOnLine, la cual pretende romper no solo el monopolio del flujo de informaci\u00f3n sino la hegemon\u00eda del idioma ingl\u00e9s en internet. Ha sido ganador del \u201cMejor medio comunitario en web\u201d (2010), del primer Concurso de Periodismo Comunitario de Medell\u00edn, adem\u00e1s del premio Golden Nica (2009), en la categor\u00eda Comunidades digitales, del Festival Prix Ars Electr\u00f3nica. Sumar experiencias para el aprendizaje colectivo y la producci\u00f3n de contenidos\u00a0 generados\u00a0 desde las cotidianidades del ciudadano de a pie, es la propuesta que HiperBarrio desarrolla en las instalaciones del Museo de Antioquia y su entorno\u00a0 inmediato. Esta labor se hace mediante talleres de microrrelatos creativos, ejercicios de mapeo, producci\u00f3n de video y programaci\u00f3n de juegos. Desde este espacio de experimentaci\u00f3n tambi\u00e9n se reflexiona, discute, edita, comparte y publican ideas en la web, adem\u00e1s de puntos de vista, textos breves, fotos y videos de experiencias personales. Su modalidad de trabajo se divide en 2 partes. Una de ellas es la serie de talleres (que se ofrece entre septiembre y noviembre de 2011) sobre procesos de aprendizaje establecidos por un grupo fijo de 20 personas; esto se llev\u00f3 a cabo en 3 bibliotecas p\u00fablicas de la ciudad, en aquellas que se encuentran en las periferias. La segunda modalidad fueron los talleres ofrecidos durante 15 d\u00edas, donde se construyeron modelos de aprendizaje colaborativo sobre la idea \u201caprender haciendo\u201d. Su propuesta de participaci\u00f3n para el MDE11 busca sumar la experiencia adquirida de lo que hacen otras personas y colectivos. Del laboratorio participan Camilo Cantor, Agencia Pinocho, SugarLabs Colombia y Un\/Loquer. Esta iniciativa sale a la calle y suma a la idea de que las bibliotecas son escenarios de aprendizaje y experimentaci\u00f3n. Sitio www.hiperbarrio.org Sitios de inter\u00e9s (blog colectivos) ConVergentes Funacrate Ituango Qwerty Revoluci\u00f3n Esperanza RedConstrucci\u00f3n Villactivos\u00a0 Redes Sociales Twitter Flickr Facebook &nbsp; Participaci\u00f3n en el MDE11 Presentaci\u00f3n de HiperBarrio: &#8216;Qu\u00e9 quiero aprender y qu\u00e9 puedo ense\u00f1ar&#8217; (Video)<\/p>\n","protected":false},"author":1,"featured_media":0,"parent":143,"menu_order":0,"comment_status":"closed","ping_status":"open","template":"","meta":{"footnotes":""},"categories":[5],"class_list":["post-517","page","type-page","status-publish","hentry","category-laboratorio"],"_links":{"self":[{"href":"https:\/\/mde.org.co\/mde11\/es\/wp-json\/wp\/v2\/pages\/517","targetHints":{"allow":["GET"]}}],"collection":[{"href":"https:\/\/mde.org.co\/mde11\/es\/wp-json\/wp\/v2\/pages"}],"about":[{"href":"https:\/\/mde.org.co\/mde11\/es\/wp-json\/wp\/v2\/types\/page"}],"author":[{"embeddable":true,"href":"https:\/\/mde.org.co\/mde11\/es\/wp-json\/wp\/v2\/users\/1"}],"replies":[{"embeddable":true,"href":"https:\/\/mde.org.co\/mde11\/es\/wp-json\/wp\/v2\/comments?post=517"}],"version-history":[{"count":0,"href":"https:\/\/mde.org.co\/mde11\/es\/wp-json\/wp\/v2\/pages\/517\/revisions"}],"up":[{"embeddable":true,"href":"https:\/\/mde.org.co\/mde11\/es\/wp-json\/wp\/v2\/pages\/143"}],"wp:attachment":[{"href":"https:\/\/mde.org.co\/mde11\/es\/wp-json\/wp\/v2\/media?parent=517"}],"wp:term":[{"taxonomy":"category","embeddable":true,"href":"https:\/\/mde.org.co\/mde11\/es\/wp-json\/wp\/v2\/categories?post=517"}],"curies":[{"name":"wp","href":"https:\/\/api.w.org\/{rel}","templated":true}]}}