{"id":49,"date":"2011-06-30T21:36:40","date_gmt":"2011-06-30T21:36:40","guid":{"rendered":"http:\/\/190.156.230.47:8080\/?page_id=49"},"modified":"2011-06-30T21:36:40","modified_gmt":"2011-06-30T21:36:40","slug":"taller-construccion","status":"publish","type":"page","link":"https:\/\/mde.org.co\/mde11\/es\/estudio\/taller-construccion\/","title":{"rendered":"Taller de construcci\u00f3n"},"content":{"rendered":"<p><a href=\"https:\/\/mde.org.co\/mde11\/wordpress\/wp-content\/uploads\/2011\/06\/Taller-de-construcci%C3%B3n.jpg\"><img loading=\"lazy\" decoding=\"async\" class=\"alignnone size-full wp-image-4315\" title=\"Taller de construcci\u00f3n\" src=\"https:\/\/mde.org.co\/mde11\/wordpress\/wp-content\/uploads\/2011\/06\/Taller-de-construcci%C3%B3n.jpg\" alt=\"\" width=\"600\" height=\"280\" \/><\/a><\/p>\n<p>A partir de una convocatoria abierta, fueron elegidos doce j\u00f3venes artistas (once estudiantes avanzados de las diversas instituciones educativas de Medell\u00edn y un becario procedente de Bogot\u00e1) para asistir en noviembre a un taller o &#8216;workshop&#8217; dirigido por los curadores del MDE11.<\/p>\n<p>Durante doce d\u00edas de trabajo en com\u00fan, cada participante presenta un proyecto de obra a realizar y recibe la retroalimentaci\u00f3n de los dem\u00e1s en torno a aspectos t\u00e9cnicos, tem\u00e1ticos, conceptuales, log\u00edsticos, entre otros. Bajo el seguimiento curatorial, los artistas avanzan en la concreci\u00f3n de sus proyectos para finalmente integrar una exposici\u00f3n concebida y construida grupalmente. Esta se estar\u00e1 exhibiendo en la Casa del Encuentro del Museo de Antioquia.<\/p>\n<p>&nbsp;<\/p>\n<table width=\"600\" border=\"0\" cellspacing=\"0\">\n<tbody>\n<tr>\n<td valign=\"top\" width=\"300\">\n<h2>B<\/h2>\n<p><a href=\"https:\/\/mde.org.co\/mde11\/?page_id=2770\">Beatriz Johana Londo\u00f1o Fl\u00f3rez (Corto Plazo)<\/a><\/p>\n<p>&nbsp;<\/td>\n<td valign=\"top\"><\/td>\n<\/tr>\n<tr>\n<td valign=\"top\">\n<h2>D<\/h2>\n<p><a href=\"https:\/\/mde.org.co\/mde11\/?page_id=2776\">Daniel R\u00faa Calle<\/a><\/p>\n<p>&nbsp;<\/td>\n<td valign=\"top\"><\/td>\n<\/tr>\n<tr>\n<td valign=\"top\">\n<h2>J<\/h2>\n<p><a href=\"https:\/\/mde.org.co\/mde11\/?page_id=2782\">Jorge Andr\u00e9s Mar\u00edn V\u00e1squez<\/a><br \/>\n<a href=\"https:\/\/mde.org.co\/mde11\/?page_id=2787\">Juan Camilo Londo\u00f1o Manco<\/a><br \/>\n<a href=\"https:\/\/mde.org.co\/mde11\/?page_id=2792\">Juan David Henao Grisales<\/a><br \/>\n<a href=\"https:\/\/mde.org.co\/mde11\/?page_id=3523\">Juan Felipe Fl\u00f3rez Restrepo<\/a><br \/>\n<a href=\"https:\/\/mde.org.co\/mde11\/?page_id=3513\">Juan Sebasti\u00e1n Cadavid Cadavid<\/a><br \/>\n<a href=\"https:\/\/mde.org.co\/mde11\/?page_id=2716\">Juan Sebasti\u00e1n Moreno M\u00fanera<\/a><\/p>\n<p>&nbsp;<\/td>\n<td valign=\"top\"><\/td>\n<\/tr>\n<tr>\n<td valign=\"top\">\n<h2>M<\/h2>\n<p><a href=\"https:\/\/mde.org.co\/mde11\/?page_id=2719\">Mar\u00eda Alejandra L\u00f3pez V\u00e1squez<\/a><br \/>\n<a href=\"https:\/\/mde.org.co\/mde11\/?page_id=2723\">Maria Cristina Ospina S\u00e1nchez<\/a><\/p>\n<p>&nbsp;<\/td>\n<td valign=\"top\"><\/td>\n<\/tr>\n<tr>\n<td valign=\"top\">\n<h2>S<\/h2>\n<p><a href=\"https:\/\/mde.org.co\/mde11\/?page_id=2711\">Sandra Carolina Chac\u00f3n Bernal<\/a><\/p>\n<p>&nbsp;<\/td>\n<td valign=\"top\"><\/td>\n<\/tr>\n<tr>\n<td valign=\"top\">\n<h2>Y<\/h2>\n<p><a href=\"https:\/\/mde.org.co\/mde11\/?page_id=2728\">Yaneth Mesa Mart\u00ednez<\/a><\/td>\n<td valign=\"top\"><\/td>\n<\/tr>\n<\/tbody>\n<\/table>\n<p><\/p>","protected":false},"excerpt":{"rendered":"<p>A partir de una convocatoria abierta, fueron elegidos doce j\u00f3venes artistas para asistir en noviembre a un taller o &#8216;workshop&#8217; dirigido por los curadores del MDE11.<\/p>\n","protected":false},"author":1,"featured_media":0,"parent":45,"menu_order":0,"comment_status":"closed","ping_status":"open","template":"","meta":{"footnotes":""},"categories":[3],"class_list":["post-49","page","type-page","status-publish","hentry","category-estudio"],"_links":{"self":[{"href":"https:\/\/mde.org.co\/mde11\/es\/wp-json\/wp\/v2\/pages\/49","targetHints":{"allow":["GET"]}}],"collection":[{"href":"https:\/\/mde.org.co\/mde11\/es\/wp-json\/wp\/v2\/pages"}],"about":[{"href":"https:\/\/mde.org.co\/mde11\/es\/wp-json\/wp\/v2\/types\/page"}],"author":[{"embeddable":true,"href":"https:\/\/mde.org.co\/mde11\/es\/wp-json\/wp\/v2\/users\/1"}],"replies":[{"embeddable":true,"href":"https:\/\/mde.org.co\/mde11\/es\/wp-json\/wp\/v2\/comments?post=49"}],"version-history":[{"count":0,"href":"https:\/\/mde.org.co\/mde11\/es\/wp-json\/wp\/v2\/pages\/49\/revisions"}],"up":[{"embeddable":true,"href":"https:\/\/mde.org.co\/mde11\/es\/wp-json\/wp\/v2\/pages\/45"}],"wp:attachment":[{"href":"https:\/\/mde.org.co\/mde11\/es\/wp-json\/wp\/v2\/media?parent=49"}],"wp:term":[{"taxonomy":"category","embeddable":true,"href":"https:\/\/mde.org.co\/mde11\/es\/wp-json\/wp\/v2\/categories?post=49"}],"curies":[{"name":"wp","href":"https:\/\/api.w.org\/{rel}","templated":true}]}}