{"id":4724,"date":"2011-11-29T12:00:14","date_gmt":"2011-11-29T17:00:14","guid":{"rendered":"http:\/\/mde.org.co\/mde11\/?page_id=4724"},"modified":"2011-11-29T12:00:14","modified_gmt":"2011-11-29T17:00:14","slug":"adriana-maria-urrea","status":"publish","type":"page","link":"https:\/\/mde.org.co\/mde11\/es\/conferencistas\/adriana-maria-urrea\/","title":{"rendered":"Adriana Mar\u00eda Urrea"},"content":{"rendered":"<p><img loading=\"lazy\" decoding=\"async\" class=\"alignnone size-full wp-image-4725\" title=\"Adriana Mar\u00eda Urrea\" src=\"https:\/\/mde.org.co\/mde11\/wp-content\/uploads\/sites\/3\/2011\/11\/Adriana-Urrea-MDe11.jpg\" alt=\"\" width=\"600\" height=\"280\" srcset=\"https:\/\/mde.org.co\/mde11\/wp-content\/uploads\/sites\/3\/2011\/11\/Adriana-Urrea-MDe11.jpg 600w, https:\/\/mde.org.co\/mde11\/wp-content\/uploads\/sites\/3\/2011\/11\/Adriana-Urrea-MDe11-300x140.jpg 300w\" sizes=\"auto, (max-width: 600px) 100vw, 600px\" \/><\/p>\n<p>Fil\u00f3sofa y candidata a doctor en la Pontificia Universidad Javeriana (Bogot\u00e1). Su trabajo indaga la relaci\u00f3n memoria y cuerpo a partir del pensamiento del rastro, la cual es planteada por el escritor martinicano \u00c9douard Glissant y la obra literaria del escritor cartagenero Roberto Burgos Cantor.<\/p>\n<p>Ha combinado su vida acad\u00e9mica con el trabajo en el mundo de las artes, la cultura y el entorno editorial desde el sector p\u00fablico y privado. Fue fundadora de la primera agancia literaria que hubo en Colombia, La Bicicleta Invisible, subdirectora de Fomento a las Artes y las Expresiones Culturales y subdirectora de Eventos y Escenarios del antiguo Instituto Distrital de Cultura y Turismo.<\/p>\n<p>Su trabajo te\u00f3rico se ha desarrollado en el contexto de la est\u00e9tica, la filosof\u00eda del arte, la filosof\u00eda pol\u00edtica y la relaci\u00f3n filosof\u00eda-literatura; es tambi\u00e9n miembro fundador del n\u00facleo de Est\u00e9tica de la Pontificia Universidad Javeriana y de la fundaci\u00f3n Mapa Teatro.<\/p>\n<p>Actualmente se desempe\u00f1a como profesora de la Facultad de Filosof\u00eda de la Pontificia Universidad Javeriana y en la Maestr\u00eda de Teatro y Artes Vivas de la Universidad Nacional de Colombia; es, adem\u00e1s, asesora de proyectos editoriales y culturales.<\/p>","protected":false},"excerpt":{"rendered":"<p>Fil\u00f3sofa y candidata a doctor en la Pontificia Universidad Javeriana (Bogot\u00e1). Su trabajo indaga la relaci\u00f3n memoria y cuerpo a partir del pensamiento del rastro, la cual es planteada por el escritor martinicano \u00c9douard Glissant y la obra literaria del escritor cartagenero Roberto Burgos Cantor. Ha combinado su vida acad\u00e9mica con el trabajo en el mundo de las artes, la cultura y el entorno editorial desde el sector p\u00fablico y privado. Fue fundadora de la primera agancia literaria que hubo en Colombia, La Bicicleta Invisible, subdirectora de Fomento a las Artes y las Expresiones Culturales y subdirectora de Eventos y Escenarios del antiguo Instituto Distrital de Cultura y Turismo. Su trabajo te\u00f3rico se ha desarrollado en el contexto de la est\u00e9tica, la filosof\u00eda del arte, la filosof\u00eda pol\u00edtica y la relaci\u00f3n filosof\u00eda-literatura; es tambi\u00e9n miembro fundador del n\u00facleo de Est\u00e9tica de la Pontificia Universidad Javeriana y de la fundaci\u00f3n Mapa Teatro. Actualmente se desempe\u00f1a como profesora de la Facultad de Filosof\u00eda de la Pontificia Universidad Javeriana y en la Maestr\u00eda de Teatro y Artes Vivas de la Universidad Nacional de Colombia; es, adem\u00e1s, asesora de proyectos editoriales y culturales.<\/p>\n","protected":false},"author":1,"featured_media":0,"parent":1265,"menu_order":0,"comment_status":"open","ping_status":"open","template":"","meta":{"footnotes":""},"categories":[3],"class_list":["post-4724","page","type-page","status-publish","hentry","category-estudio"],"_links":{"self":[{"href":"https:\/\/mde.org.co\/mde11\/es\/wp-json\/wp\/v2\/pages\/4724","targetHints":{"allow":["GET"]}}],"collection":[{"href":"https:\/\/mde.org.co\/mde11\/es\/wp-json\/wp\/v2\/pages"}],"about":[{"href":"https:\/\/mde.org.co\/mde11\/es\/wp-json\/wp\/v2\/types\/page"}],"author":[{"embeddable":true,"href":"https:\/\/mde.org.co\/mde11\/es\/wp-json\/wp\/v2\/users\/1"}],"replies":[{"embeddable":true,"href":"https:\/\/mde.org.co\/mde11\/es\/wp-json\/wp\/v2\/comments?post=4724"}],"version-history":[{"count":0,"href":"https:\/\/mde.org.co\/mde11\/es\/wp-json\/wp\/v2\/pages\/4724\/revisions"}],"up":[{"embeddable":true,"href":"https:\/\/mde.org.co\/mde11\/es\/wp-json\/wp\/v2\/pages\/1265"}],"wp:attachment":[{"href":"https:\/\/mde.org.co\/mde11\/es\/wp-json\/wp\/v2\/media?parent=4724"}],"wp:term":[{"taxonomy":"category","embeddable":true,"href":"https:\/\/mde.org.co\/mde11\/es\/wp-json\/wp\/v2\/categories?post=4724"}],"curies":[{"name":"wp","href":"https:\/\/api.w.org\/{rel}","templated":true}]}}