{"id":47,"date":"2011-06-30T21:34:57","date_gmt":"2011-06-30T21:34:57","guid":{"rendered":"http:\/\/190.156.230.47:8080\/?page_id=47"},"modified":"2011-06-30T21:34:57","modified_gmt":"2011-06-30T21:34:57","slug":"aula-dialogica","status":"publish","type":"page","link":"https:\/\/mde.org.co\/mde11\/es\/estudio\/aula-dialogica\/","title":{"rendered":"Aula dial\u00f3gica"},"content":{"rendered":"<p>Espacio de conversaci\u00f3n e intercambio donde el arte y la pedagog\u00eda se extienden y re-articulan, y donde el aprendizaje desde la est\u00e9tica se vincula con otros procesos.<\/p>\n<p>Este opera como un espacio adyacente a los proyectos art\u00edsticos del MDE11, extendiendo discusiones ya iniciadas por ellos e introduciendo nuevas ideas sobre la relaci\u00f3n entre arte y pedagog\u00eda.<\/p>\n<p>El Aula dial\u00f3gica abarca dos \u00e1reas: Seminario MDE11, espacio de discurso designado para conferencias, debates y presentaciones tanto de te\u00f3ricos nacionales e internacionales como de los artistas que hacen parte del encuentro; de otro lado est\u00e1 Interlocuciones, que mediante la colaboraci\u00f3n de especialistas en las \u00e1reas de video, teatro y m\u00fasica convocan a diversos colectivos, corporaciones y proyectos comunitarios, art\u00edsticos y pedag\u00f3gicos de la regi\u00f3n para que compartan sus programaciones e ideas con el p\u00fablico.<\/p>\n<p>La Casa del Encuentro del Museo de Antioquia y el Centro de Desarrollo Cultural de Moravia son las sedes del Aula dial\u00f3gica.<\/p>\n<p><a href=\"https:\/\/mde.org.co\/mde11\/?page_id=1265\">Ver listado de conferencistas<\/a><\/p>\n<p>&nbsp;   <\/p>","protected":false},"excerpt":{"rendered":"<p>Espacio de conversaci\u00f3n e intercambio donde el arte y la pedagog\u00eda se extienden y re-articulan, y donde el aprendizaje desde la est\u00e9tica se vincula con otros procesos.<\/p>\n","protected":false},"author":1,"featured_media":0,"parent":45,"menu_order":0,"comment_status":"closed","ping_status":"open","template":"","meta":{"footnotes":""},"categories":[3],"class_list":["post-47","page","type-page","status-publish","hentry","category-estudio"],"_links":{"self":[{"href":"https:\/\/mde.org.co\/mde11\/es\/wp-json\/wp\/v2\/pages\/47","targetHints":{"allow":["GET"]}}],"collection":[{"href":"https:\/\/mde.org.co\/mde11\/es\/wp-json\/wp\/v2\/pages"}],"about":[{"href":"https:\/\/mde.org.co\/mde11\/es\/wp-json\/wp\/v2\/types\/page"}],"author":[{"embeddable":true,"href":"https:\/\/mde.org.co\/mde11\/es\/wp-json\/wp\/v2\/users\/1"}],"replies":[{"embeddable":true,"href":"https:\/\/mde.org.co\/mde11\/es\/wp-json\/wp\/v2\/comments?post=47"}],"version-history":[{"count":0,"href":"https:\/\/mde.org.co\/mde11\/es\/wp-json\/wp\/v2\/pages\/47\/revisions"}],"up":[{"embeddable":true,"href":"https:\/\/mde.org.co\/mde11\/es\/wp-json\/wp\/v2\/pages\/45"}],"wp:attachment":[{"href":"https:\/\/mde.org.co\/mde11\/es\/wp-json\/wp\/v2\/media?parent=47"}],"wp:term":[{"taxonomy":"category","embeddable":true,"href":"https:\/\/mde.org.co\/mde11\/es\/wp-json\/wp\/v2\/categories?post=47"}],"curies":[{"name":"wp","href":"https:\/\/api.w.org\/{rel}","templated":true}]}}