{"id":4596,"date":"2011-11-26T10:43:10","date_gmt":"2011-11-26T15:43:10","guid":{"rendered":"http:\/\/mde.org.co\/mde11\/?page_id=4596"},"modified":"2015-10-17T11:11:31","modified_gmt":"2015-10-17T16:11:31","slug":"federico-carrasquilla","status":"publish","type":"page","link":"https:\/\/mde.org.co\/mde11\/es\/conferencistas\/federico-carrasquilla\/","title":{"rendered":"Federico Carrasquilla"},"content":{"rendered":"<p><img loading=\"lazy\" decoding=\"async\" class=\"alignnone size-full wp-image-4597\" title=\"Federico Carrasquilla\" src=\"https:\/\/mde.org.co\/mde11\/wp-content\/uploads\/sites\/3\/2011\/11\/Federico-Carrasquilla.jpg\" alt=\"\" width=\"600\" height=\"280\" srcset=\"https:\/\/mde.org.co\/mde11\/wp-content\/uploads\/sites\/3\/2011\/11\/Federico-Carrasquilla.jpg 600w, https:\/\/mde.org.co\/mde11\/wp-content\/uploads\/sites\/3\/2011\/11\/Federico-Carrasquilla-300x140.jpg 300w\" sizes=\"auto, (max-width: 600px) 100vw, 600px\" \/><\/p>\n<p>Sacerdote diocesano nacido en 1935. Es conocido por ser uno de los fundadores del barrio Popular, zona nororiental de Medell\u00edn (Colombia). <strong>Se ordena como sacerdote en Roma (Italia) en 1959 y hace su licenciatura en Teolog\u00eda en la Universidad Gregoriana de Roma; de all\u00ed pasa a la Universidad Cat\u00f3lica de Lovaina (B\u00e9lgica), donde obtiene el t\u00edtulo de Doctor en Filosof\u00eda, con \u00e9nfasis en antropolog\u00eda, con la tesis \u201cEl marxismo de Jean-Paul Sartre\u201d.<\/strong> Al regresar a Medell\u00edn ense\u00f1a 5 a\u00f1os en el Seminario Mayor y en la Facultad de Filosof\u00eda de la Universidad Pontificia Bolivariana.<\/p>\n<p>En 1967 es nombrado p\u00e1rroco del barrio Popular, logrando con ello dar inicio a su vocaci\u00f3n: dedicar su vida y ministerio sacerdotal a acompa\u00f1ar a las comunidades m\u00e1s pobres de la ciudad viviendo y trabajando con ellas.<\/p>\n<p>Su pr\u00e1ctica est\u00e1 marcada por la Teolog\u00eda de la Liberaci\u00f3n, movimiento alentado por la segunda Conferencia Episcopal de Am\u00e9rica Latina, reunida en Medell\u00edn en 1968. <strong>La orientaci\u00f3n de su trabajo se centra en acompa\u00f1ar a los m\u00e1s pobres con el \u00e1nimo de que recuperen su dignidad e identidad.<\/strong> Para hacerlo posible promueve las iniciativas de las mismas personas que vayan en \u00e9sa l\u00ednea; la labor se realiza desde 2 corporaciones de vivienda popular en las que \u201cno se construyen viviendas para los pobres sino que se les acompa\u00f1a para que ellos mismos sean sujetos de su liberaci\u00f3n\u201d.<\/p>\n<p>Ha escrito art\u00edculos sobre el tema, adem\u00e1s de un libro en el que concretiza su concepci\u00f3n de los pobres: \u2018Escuchemos a los pobres: aportes para una antropolog\u00eda del pobre\u2019 (1997).<\/p>\n<p>&nbsp;<\/p>\n<h2>Presentaci\u00f3n en el MDE11<\/h2>\n<p>Su charla destaca la manera de acompa\u00f1ar al pobre a trav\u00e9s de una actividad esencialmente educativa para que se haga \u201csujeto de su propia liberaci\u00f3n\u201d. Su aporte consiste en mostrar que si no se cambia el concepto de pobre, \u00e9ste nunca conseguir\u00e1 su liberaci\u00f3n ni se har\u00e1 sujeto de su propio desarrollo.<\/p>\n<p><strong>Enlaces de inter\u00e9s<\/strong><br \/>\n<a href=\"http:\/\/vimeo.com\/11654051\" target=\"_blank\">Memoria y construcci\u00f3n de futuro en el barrio Popular No. 1 de Medell\u00edn<\/a> (video)<\/p>\n<p>&nbsp;<\/p>\n<h2><a href=\"https:\/\/mde.org.co\/mde11\/wp-content\/uploads\/sites\/3\/2011\/11\/Federico-Carrrasquilla-indice-charla-MD11.pdf\">Descargar presentaci\u00f3n (PDF)<\/a><\/h2>\n<p><\/p>","protected":false},"excerpt":{"rendered":"<p>Sacerdote diocesano nacido en 1935. Es conocido por ser uno de los fundadores del barrio Popular, zona nororiental de Medell\u00edn (Colombia). Se ordena como sacerdote en Roma (Italia) en 1959 y hace su licenciatura en Teolog\u00eda en la Universidad Gregoriana de Roma; de all\u00ed pasa a la Universidad Cat\u00f3lica de Lovaina (B\u00e9lgica), donde obtiene el t\u00edtulo de Doctor en Filosof\u00eda, con \u00e9nfasis en antropolog\u00eda, con la tesis \u201cEl marxismo de Jean-Paul Sartre\u201d. Al regresar a Medell\u00edn ense\u00f1a 5 a\u00f1os en el Seminario Mayor y en la Facultad de Filosof\u00eda de la Universidad Pontificia Bolivariana. En 1967 es nombrado p\u00e1rroco del barrio Popular, logrando con ello dar inicio a su vocaci\u00f3n: dedicar su vida y ministerio sacerdotal a acompa\u00f1ar a las comunidades m\u00e1s pobres de la ciudad viviendo y trabajando con ellas. Su pr\u00e1ctica est\u00e1 marcada por la Teolog\u00eda de la Liberaci\u00f3n, movimiento alentado por la segunda Conferencia Episcopal de Am\u00e9rica Latina, reunida en Medell\u00edn en 1968. La orientaci\u00f3n de su trabajo se centra en acompa\u00f1ar a los m\u00e1s pobres con el \u00e1nimo de que recuperen su dignidad e identidad. Para hacerlo posible promueve las iniciativas de las mismas personas que vayan en \u00e9sa l\u00ednea; la labor se realiza desde 2 corporaciones de vivienda popular en las que \u201cno se construyen viviendas para los pobres sino que se les acompa\u00f1a para que ellos mismos sean sujetos de su liberaci\u00f3n\u201d. Ha escrito art\u00edculos sobre el tema, adem\u00e1s de un libro en el que concretiza su concepci\u00f3n de los pobres: \u2018Escuchemos a los pobres: aportes para una antropolog\u00eda del pobre\u2019 (1997). &nbsp; Presentaci\u00f3n en el MDE11 Su charla destaca la manera de acompa\u00f1ar al pobre a trav\u00e9s de una actividad esencialmente educativa para que se haga \u201csujeto de su propia liberaci\u00f3n\u201d. Su aporte consiste en mostrar que si no se cambia el concepto de pobre, \u00e9ste nunca conseguir\u00e1 su liberaci\u00f3n ni se har\u00e1 sujeto de su propio desarrollo. Enlaces de inter\u00e9s Memoria y construcci\u00f3n de futuro en el barrio Popular No. 1 de Medell\u00edn (video) &nbsp; Descargar presentaci\u00f3n (PDF)<\/p>\n","protected":false},"author":1,"featured_media":0,"parent":1265,"menu_order":0,"comment_status":"closed","ping_status":"open","template":"","meta":{"footnotes":""},"categories":[3],"class_list":["post-4596","page","type-page","status-publish","hentry","category-estudio"],"_links":{"self":[{"href":"https:\/\/mde.org.co\/mde11\/es\/wp-json\/wp\/v2\/pages\/4596","targetHints":{"allow":["GET"]}}],"collection":[{"href":"https:\/\/mde.org.co\/mde11\/es\/wp-json\/wp\/v2\/pages"}],"about":[{"href":"https:\/\/mde.org.co\/mde11\/es\/wp-json\/wp\/v2\/types\/page"}],"author":[{"embeddable":true,"href":"https:\/\/mde.org.co\/mde11\/es\/wp-json\/wp\/v2\/users\/1"}],"replies":[{"embeddable":true,"href":"https:\/\/mde.org.co\/mde11\/es\/wp-json\/wp\/v2\/comments?post=4596"}],"version-history":[{"count":1,"href":"https:\/\/mde.org.co\/mde11\/es\/wp-json\/wp\/v2\/pages\/4596\/revisions"}],"predecessor-version":[{"id":5181,"href":"https:\/\/mde.org.co\/mde11\/es\/wp-json\/wp\/v2\/pages\/4596\/revisions\/5181"}],"up":[{"embeddable":true,"href":"https:\/\/mde.org.co\/mde11\/es\/wp-json\/wp\/v2\/pages\/1265"}],"wp:attachment":[{"href":"https:\/\/mde.org.co\/mde11\/es\/wp-json\/wp\/v2\/media?parent=4596"}],"wp:term":[{"taxonomy":"category","embeddable":true,"href":"https:\/\/mde.org.co\/mde11\/es\/wp-json\/wp\/v2\/categories?post=4596"}],"curies":[{"name":"wp","href":"https:\/\/api.w.org\/{rel}","templated":true}]}}