{"id":43,"date":"2011-06-30T21:34:04","date_gmt":"2011-06-30T21:34:04","guid":{"rendered":"http:\/\/190.156.230.47:8080\/?page_id=43"},"modified":"2011-06-30T21:34:04","modified_gmt":"2011-06-30T21:34:04","slug":"medialab","status":"publish","type":"page","link":"https:\/\/mde.org.co\/mde11\/es\/laboratorio\/medialab\/","title":{"rendered":"Medialab"},"content":{"rendered":"<p>El laboratorio de medios estar\u00e1 en la Casa del Encuentro, lugar desde el cual se dirigir\u00e1 el registro, edici\u00f3n en tiempo real y comunicaci\u00f3n de las actividades del MDE11 a trav\u00e9s de la p\u00e1gina web <a href=\"https:\/\/mde.org.co\/mde11\/\">www.mde11.org<\/a><\/p>\n<p>En paralelo, el Medialab recibe a cuatro grupos con una especializaci\u00f3n similar o relacionada con problem\u00e1ticas de arte\/tecnolog\u00eda\/pedagog\u00eda. Cada colectivo invitado estar\u00e1 generando para el MDE11 una programaci\u00f3n de tres semanas, donde se incluir\u00e1n talleres, conferencias, discusiones y encuentros sobre cuestiones relacionadas con la capacidad de la tecnolog\u00eda en el desarrollo de un conocimiento com\u00fan, adem\u00e1s de exponer sus herramientas, procesos y alcances.<\/p>","protected":false},"excerpt":{"rendered":"<p>El laboratorio de medios estar\u00e1 en la Casa del Encuentro, lugar desde el cual se dirigir\u00e1 el registro, edici\u00f3n en tiempo real y comunicaci\u00f3n de las actividades del MDE11 a trav\u00e9s de esta p\u00e1gina web.<\/p>\n","protected":false},"author":1,"featured_media":0,"parent":37,"menu_order":-2,"comment_status":"closed","ping_status":"open","template":"","meta":{"footnotes":""},"categories":[5],"class_list":["post-43","page","type-page","status-publish","hentry","category-laboratorio"],"_links":{"self":[{"href":"https:\/\/mde.org.co\/mde11\/es\/wp-json\/wp\/v2\/pages\/43","targetHints":{"allow":["GET"]}}],"collection":[{"href":"https:\/\/mde.org.co\/mde11\/es\/wp-json\/wp\/v2\/pages"}],"about":[{"href":"https:\/\/mde.org.co\/mde11\/es\/wp-json\/wp\/v2\/types\/page"}],"author":[{"embeddable":true,"href":"https:\/\/mde.org.co\/mde11\/es\/wp-json\/wp\/v2\/users\/1"}],"replies":[{"embeddable":true,"href":"https:\/\/mde.org.co\/mde11\/es\/wp-json\/wp\/v2\/comments?post=43"}],"version-history":[{"count":0,"href":"https:\/\/mde.org.co\/mde11\/es\/wp-json\/wp\/v2\/pages\/43\/revisions"}],"up":[{"embeddable":true,"href":"https:\/\/mde.org.co\/mde11\/es\/wp-json\/wp\/v2\/pages\/37"}],"wp:attachment":[{"href":"https:\/\/mde.org.co\/mde11\/es\/wp-json\/wp\/v2\/media?parent=43"}],"wp:term":[{"taxonomy":"category","embeddable":true,"href":"https:\/\/mde.org.co\/mde11\/es\/wp-json\/wp\/v2\/categories?post=43"}],"curies":[{"name":"wp","href":"https:\/\/api.w.org\/{rel}","templated":true}]}}