{"id":41,"date":"2011-06-30T21:33:43","date_gmt":"2011-06-30T21:33:43","guid":{"rendered":"http:\/\/190.156.230.47:8080\/?page_id=41"},"modified":"2011-06-30T21:33:43","modified_gmt":"2011-06-30T21:33:43","slug":"espacios-anfitriones","status":"publish","type":"page","link":"https:\/\/mde.org.co\/mde11\/es\/laboratorio\/espacios-anfitriones\/","title":{"rendered":"Espacios anfitriones"},"content":{"rendered":"<p>Este componente se construye como una plataforma de coproducci\u00f3n entre el MDE11 y cinco espacios que tienen una actividad permanente u ocasional como sedes de residencias art\u00edsticas en Medell\u00edn.<\/p>\n<p>Cada espacio recibe a lo largo del encuentro, durante un lapso de tres semanas, a dos espacios independientes que provienen de otra parte del mundo. Estos cruces -iniciados con \u00e9xito en el MDE07- potencian la realizaci\u00f3n conjunta de un programa de exposiciones o actividades que involucran tanto a los visitantes como a los anfitriones, y adem\u00e1s se proyectan hacia el resto de la ciudad a trav\u00e9s de m\u00faltiples propuestas abiertas al p\u00fablico.<\/p>\n<table width=\"600\" border=\"0\" cellspacing=\"0\">\n<tbody>\n<tr>\n<td><\/td>\n<\/tr>\n<tr>\n<td><a style=\"line-height: 19px\" href=\"\/mde11\/?page_id=300\">Casa Imago<\/a> &#8211; L\u2019Appartment 22 \/ LaMutante<\/td>\n<\/tr>\n<tr>\n<td><a style=\"line-height: 19px\" href=\"\/mde11\/?page_id=295\">Casa Tres Patios<\/a> &#8211; Antimuseo \/ San Art<\/td>\n<\/tr>\n<tr>\n<td><a style=\"line-height: 19px\" href=\"\/mde11\/?page_id=307 \">Centro de Desarrollo Cultural de Moravia<\/a> &#8211; Tranv\u00eda Cero \/ Slanguage Studio \/ Pep Dardany\u00e0<\/td>\n<\/tr>\n<tr>\n<td><a style=\"line-height: 19px\" href=\"\/mde11\/?page_id=297\">Taller Sitio<\/a> &#8211; Lugar a Dudas \/ Proyectos Ultravioleta<\/td>\n<\/tr>\n<tr>\n<td><a style=\"line-height: 19px\" href=\"\/mde11\/?page_id=302\">Taller 7<\/a> &#8211; Club del Dibujo \/ Estaci\u00f3n Tijuana<\/p>\n<p>&nbsp;<\/td>\n<\/tr>\n<\/tbody>\n<\/table>\n<p>   <\/p>","protected":false},"excerpt":{"rendered":"<p>Este componente se construye como una plataforma de coproducci\u00f3n entre el MDE11 y cinco espacios que tienen una actividad permanente u ocasional como sedes de residencias art\u00edsticas en Medell\u00edn.<\/p>\n","protected":false},"author":1,"featured_media":0,"parent":37,"menu_order":0,"comment_status":"closed","ping_status":"open","template":"","meta":{"footnotes":""},"categories":[5],"class_list":["post-41","page","type-page","status-publish","hentry","category-laboratorio"],"_links":{"self":[{"href":"https:\/\/mde.org.co\/mde11\/es\/wp-json\/wp\/v2\/pages\/41","targetHints":{"allow":["GET"]}}],"collection":[{"href":"https:\/\/mde.org.co\/mde11\/es\/wp-json\/wp\/v2\/pages"}],"about":[{"href":"https:\/\/mde.org.co\/mde11\/es\/wp-json\/wp\/v2\/types\/page"}],"author":[{"embeddable":true,"href":"https:\/\/mde.org.co\/mde11\/es\/wp-json\/wp\/v2\/users\/1"}],"replies":[{"embeddable":true,"href":"https:\/\/mde.org.co\/mde11\/es\/wp-json\/wp\/v2\/comments?post=41"}],"version-history":[{"count":0,"href":"https:\/\/mde.org.co\/mde11\/es\/wp-json\/wp\/v2\/pages\/41\/revisions"}],"up":[{"embeddable":true,"href":"https:\/\/mde.org.co\/mde11\/es\/wp-json\/wp\/v2\/pages\/37"}],"wp:attachment":[{"href":"https:\/\/mde.org.co\/mde11\/es\/wp-json\/wp\/v2\/media?parent=41"}],"wp:term":[{"taxonomy":"category","embeddable":true,"href":"https:\/\/mde.org.co\/mde11\/es\/wp-json\/wp\/v2\/categories?post=41"}],"curies":[{"name":"wp","href":"https:\/\/api.w.org\/{rel}","templated":true}]}}