{"id":404,"date":"2011-08-01T16:30:45","date_gmt":"2011-08-01T21:30:45","guid":{"rendered":"http:\/\/mde.org.co\/mde11\/wordpress\/?page_id=404"},"modified":"2011-08-01T16:30:45","modified_gmt":"2011-08-01T21:30:45","slug":"diplomado-de-culturas-musicales-callejeras","status":"publish","type":"page","link":"https:\/\/mde.org.co\/mde11\/es\/estudio\/diplomado-de-culturas-musicales-callejeras\/","title":{"rendered":"Diplomado de Culturas Musicales Callejeras"},"content":{"rendered":"<p>Plataforma de di\u00e1logo entre comunidades que con frecuencia permanecen distantes entre s\u00ed y del saber formal de la academia. Al privilegiar la idea de comunidad, no se centra s\u00f3lo en los m\u00fasicos sino que incorpora la red humana que se re\u00fane en torno a la m\u00fasica, entendida \u00e9sta como pr\u00e1ctica social.<\/p>\n<p>El diplomado se dicta entre septiembre y diciembre, ocupa diversas sedes e incluye visitas a espacios. Los docentes a cargo son personas que han participado en redes y proyectos colectivos alrededor de las culturas musicales callejeras: m\u00fasicos, gestores culturales y promotores, comunicadores, artistas y acad\u00e9micos que se han acercado en alg\u00fan momento a modelos pedag\u00f3gicos desde el movimiento comunitario como la educaci\u00f3n popular.<\/p>\n<p>Incluye entre sus interlocutores tanto a agrupaciones independientes como a instituciones educativas p\u00fablicas y privadas.<\/p>\n<p><a href=\"https:\/\/mde.org.co\/mde11\/?p=721\">Ver toda la informaci\u00f3n del diplomado<\/a><\/p>","protected":false},"excerpt":{"rendered":"<p>Plataforma de di\u00e1logo entre comunidades que con frecuencia permanecen distantes entre s\u00ed y del saber formal de la academia. Al privilegiar la idea de comunidad, no se centra s\u00f3lo en los m\u00fasicos sino que incorpora la red humana que se re\u00fane en torno a la m\u00fasica, entendida \u00e9sta como pr\u00e1ctica social.<\/p>\n","protected":false},"author":1,"featured_media":0,"parent":45,"menu_order":0,"comment_status":"closed","ping_status":"open","template":"","meta":{"footnotes":""},"categories":[3],"class_list":["post-404","page","type-page","status-publish","hentry","category-estudio"],"_links":{"self":[{"href":"https:\/\/mde.org.co\/mde11\/es\/wp-json\/wp\/v2\/pages\/404","targetHints":{"allow":["GET"]}}],"collection":[{"href":"https:\/\/mde.org.co\/mde11\/es\/wp-json\/wp\/v2\/pages"}],"about":[{"href":"https:\/\/mde.org.co\/mde11\/es\/wp-json\/wp\/v2\/types\/page"}],"author":[{"embeddable":true,"href":"https:\/\/mde.org.co\/mde11\/es\/wp-json\/wp\/v2\/users\/1"}],"replies":[{"embeddable":true,"href":"https:\/\/mde.org.co\/mde11\/es\/wp-json\/wp\/v2\/comments?post=404"}],"version-history":[{"count":0,"href":"https:\/\/mde.org.co\/mde11\/es\/wp-json\/wp\/v2\/pages\/404\/revisions"}],"up":[{"embeddable":true,"href":"https:\/\/mde.org.co\/mde11\/es\/wp-json\/wp\/v2\/pages\/45"}],"wp:attachment":[{"href":"https:\/\/mde.org.co\/mde11\/es\/wp-json\/wp\/v2\/media?parent=404"}],"wp:term":[{"taxonomy":"category","embeddable":true,"href":"https:\/\/mde.org.co\/mde11\/es\/wp-json\/wp\/v2\/categories?post=404"}],"curies":[{"name":"wp","href":"https:\/\/api.w.org\/{rel}","templated":true}]}}