{"id":4009,"date":"2011-11-08T14:23:13","date_gmt":"2011-11-08T19:23:13","guid":{"rendered":"http:\/\/mde.org.co\/mde11\/?page_id=4009"},"modified":"2011-11-08T14:23:13","modified_gmt":"2011-11-08T19:23:13","slug":"el-citofono-sep-11-2011","status":"publish","type":"page","link":"https:\/\/mde.org.co\/mde11\/es\/el-citofono-sep-11-2011\/","title":{"rendered":"El Cit\u00f3fono &#8211; Sep. 11 \/ 2011"},"content":{"rendered":"<p>Entrevista con\u00a0<a href=\"https:\/\/mde.org.co\/mde11\/?page_id=1942\">Teddy Cruz<\/a>, arquitecto guatemalteco participante en el Encuentro Internacional de Medell\u00edn. Teddy presenta los resultados preliminares de su trabajo de campo sobre las interacciones y los impactos sociales de los parques biblioteca en Medell\u00edn, actividad investigativa que est\u00e1 realizando en el marco del MDE11.<\/p>\n<p>Entrevista con Claudia del R\u00edo, fundadora y directora del\u00a0<a href=\"https:\/\/mde.org.co\/mde11\/?page_id=1500\">Club del Dibujo<\/a>\u00a0de Rosario (Argentina) y \u00c1lvaro V\u00e9lez, \u201ctrucha frita\u201d, historiador y caricaturista invitado a las actividades del espacio alternativo\u00a0<a href=\"https:\/\/mde.org.co\/mde11\/?page_id=302\">Taller 7<\/a>. Claudia y \u00c1lvaro hablan sobre la pieza pizarr\u00f3n, proyecto art\u00edstico que se desarroll\u00f3 durante tres semanas en este espacio anfitri\u00f3n del MDE11.<\/p>\n<p>[audio:https:\/\/mde.org.co\/mde11\/wp-content\/uploads\/sites\/3\/2011\/11\/elcitofono_septiembre_11_2011.mp3|titles=El Cit\u00f3fono &#8211; Sep. 11 \/ 2011]<\/p>","protected":false},"excerpt":{"rendered":"<p>Entrevista con\u00a0Teddy Cruz, arquitecto guatemalteco participante en el Encuentro Internacional de Medell\u00edn. Teddy presenta los resultados preliminares de su trabajo de campo sobre las interacciones y los impactos sociales de los parques biblioteca en Medell\u00edn, actividad investigativa que est\u00e1 realizando en el marco del MDE11. Entrevista con Claudia del R\u00edo, fundadora y directora del\u00a0Club del Dibujo\u00a0de Rosario (Argentina) y \u00c1lvaro V\u00e9lez, \u201ctrucha frita\u201d, historiador y caricaturista invitado a las actividades del espacio alternativo\u00a0Taller 7. Claudia y \u00c1lvaro hablan sobre la pieza pizarr\u00f3n, proyecto art\u00edstico que se desarroll\u00f3 durante tres semanas en este espacio anfitri\u00f3n del MDE11. [audio:https:\/\/mde.org.co\/mde11\/wp-content\/uploads\/sites\/3\/2011\/11\/elcitofono_septiembre_11_2011.mp3|titles=El Cit\u00f3fono &#8211; Sep. 11 \/ 2011]<\/p>\n","protected":false},"author":1,"featured_media":0,"parent":0,"menu_order":0,"comment_status":"open","ping_status":"open","template":"","meta":{"footnotes":""},"categories":[],"class_list":["post-4009","page","type-page","status-publish","hentry"],"_links":{"self":[{"href":"https:\/\/mde.org.co\/mde11\/es\/wp-json\/wp\/v2\/pages\/4009","targetHints":{"allow":["GET"]}}],"collection":[{"href":"https:\/\/mde.org.co\/mde11\/es\/wp-json\/wp\/v2\/pages"}],"about":[{"href":"https:\/\/mde.org.co\/mde11\/es\/wp-json\/wp\/v2\/types\/page"}],"author":[{"embeddable":true,"href":"https:\/\/mde.org.co\/mde11\/es\/wp-json\/wp\/v2\/users\/1"}],"replies":[{"embeddable":true,"href":"https:\/\/mde.org.co\/mde11\/es\/wp-json\/wp\/v2\/comments?post=4009"}],"version-history":[{"count":0,"href":"https:\/\/mde.org.co\/mde11\/es\/wp-json\/wp\/v2\/pages\/4009\/revisions"}],"wp:attachment":[{"href":"https:\/\/mde.org.co\/mde11\/es\/wp-json\/wp\/v2\/media?parent=4009"}],"wp:term":[{"taxonomy":"category","embeddable":true,"href":"https:\/\/mde.org.co\/mde11\/es\/wp-json\/wp\/v2\/categories?post=4009"}],"curies":[{"name":"wp","href":"https:\/\/api.w.org\/{rel}","templated":true}]}}