{"id":39,"date":"2011-06-30T21:33:16","date_gmt":"2011-06-30T21:33:16","guid":{"rendered":"http:\/\/190.156.230.47:8080\/?page_id=39"},"modified":"2011-06-30T21:33:16","modified_gmt":"2011-06-30T21:33:16","slug":"trabajo-de-campo","status":"publish","type":"page","link":"https:\/\/mde.org.co\/mde11\/es\/laboratorio\/trabajo-de-campo\/","title":{"rendered":"Trabajo de campo"},"content":{"rendered":"<p>Cuatro colectivos internacionales son invitados a investigar y desarrollar actividades junto a interlocutores locales. Para ello se utilizar\u00e1 como base de operaciones una oficina en la Casa del Encuentro y se acudir\u00e1 a diferentes zonas de la ciudad para expandir las capacidades.<\/p>\n<p>Cada colectivo permanece en Medell\u00edn aproximadamente tres semanas, uno a continuaci\u00f3n de otro, entre fines de agosto y principios de diciembre. Los temas que se despliegan en sus proyectos se identifican con campos de creciente inter\u00e9s para el arte contempor\u00e1neo: pedagog\u00eda\/urbanismo, edici\u00f3n\/publicaciones, militancia\/racismo, planificaci\u00f3n urbana\/medio ambiente. Sus procesos son accesibles para el p\u00fablico en d\u00edas y horarios predefinidos. Cada semana se realiza un \u201cInforme de avance\u201d, que consiste en una charla abierta en la que comparten detalles de su trabajo.<\/p>","protected":false},"excerpt":{"rendered":"<p>Cuatro colectivos internacionales son invitados a investigar y desarrollar actividades junto a interlocutores locales. Para ello se utilizar\u00e1 como base de operaciones una oficina en la Casa del Encuentro y se acudir\u00e1 a diferentes zonas de la ciudad para expandir las capacidades.<\/p>\n","protected":false},"author":1,"featured_media":0,"parent":37,"menu_order":-1,"comment_status":"closed","ping_status":"open","template":"","meta":{"footnotes":""},"categories":[5],"class_list":["post-39","page","type-page","status-publish","hentry","category-laboratorio"],"_links":{"self":[{"href":"https:\/\/mde.org.co\/mde11\/es\/wp-json\/wp\/v2\/pages\/39","targetHints":{"allow":["GET"]}}],"collection":[{"href":"https:\/\/mde.org.co\/mde11\/es\/wp-json\/wp\/v2\/pages"}],"about":[{"href":"https:\/\/mde.org.co\/mde11\/es\/wp-json\/wp\/v2\/types\/page"}],"author":[{"embeddable":true,"href":"https:\/\/mde.org.co\/mde11\/es\/wp-json\/wp\/v2\/users\/1"}],"replies":[{"embeddable":true,"href":"https:\/\/mde.org.co\/mde11\/es\/wp-json\/wp\/v2\/comments?post=39"}],"version-history":[{"count":0,"href":"https:\/\/mde.org.co\/mde11\/es\/wp-json\/wp\/v2\/pages\/39\/revisions"}],"up":[{"embeddable":true,"href":"https:\/\/mde.org.co\/mde11\/es\/wp-json\/wp\/v2\/pages\/37"}],"wp:attachment":[{"href":"https:\/\/mde.org.co\/mde11\/es\/wp-json\/wp\/v2\/media?parent=39"}],"wp:term":[{"taxonomy":"category","embeddable":true,"href":"https:\/\/mde.org.co\/mde11\/es\/wp-json\/wp\/v2\/categories?post=39"}],"curies":[{"name":"wp","href":"https:\/\/api.w.org\/{rel}","templated":true}]}}