{"id":3523,"date":"2011-10-12T18:24:36","date_gmt":"2011-10-12T23:24:36","guid":{"rendered":"http:\/\/mde.org.co\/mde11\/?page_id=3523"},"modified":"2011-10-12T18:24:36","modified_gmt":"2011-10-12T23:24:36","slug":"juan-felipe-florez-restrepo","status":"publish","type":"page","link":"https:\/\/mde.org.co\/mde11\/es\/estudio\/taller-construccion\/juan-felipe-florez-restrepo\/","title":{"rendered":"Juan Felipe Fl\u00f3rez Restrepo"},"content":{"rendered":"<p><img loading=\"lazy\" decoding=\"async\" class=\"aligncenter size-full wp-image-3525\" title=\"Juan Felipe Fl\u00f3rez\" src=\"https:\/\/mde.org.co\/mde11\/wp-content\/uploads\/sites\/3\/2011\/10\/Juan-Felipe-Florez.jpg\" alt=\"\" width=\"600\" height=\"280\" srcset=\"https:\/\/mde.org.co\/mde11\/wp-content\/uploads\/sites\/3\/2011\/10\/Juan-Felipe-Florez.jpg 600w, https:\/\/mde.org.co\/mde11\/wp-content\/uploads\/sites\/3\/2011\/10\/Juan-Felipe-Florez-300x140.jpg 300w\" sizes=\"auto, (max-width: 600px) 100vw, 600px\" \/><\/p>\n<p>Naci\u00f3 en Caldas (Antioquia, Colombia) en 1987. Tiene el t\u00edtulo de mag\u00edster en Artes Pl\u00e1sticas de la Universidad de Antioquia, adem\u00e1s del diplomado en Laboratorios de Formaci\u00f3n e Investigaci\u00f3n para la Promoci\u00f3n de las Artes Visuales.<\/p>\n<p><strong>Su trabajo ha sido expuesto en instituciones como: Alianza Francesa, Banco de la Rep\u00fablica, Palacio de la Cultura Rafael Uribe Uribe, Casa Tres Patios, Taller 7, entre otras.<\/strong> Recientemente fue seleccionado por el Museo de Arte Contempor\u00e1neo de Bogot\u00e1 para participar en el Proyecto Tesis, el cual recoge las mejores tesis de grado en artes visuales de Colombia.<\/p>\n<h2><\/h2>\n<h2><\/h2>\n<h2>Participaci\u00f3n en el Taller de construcci\u00f3n del MDE11<\/h2>\n<p><strong>\u2018MacGyver\u2019 es un proyecto que surge a partir del inter\u00e9s personal por el famoso personaje televisivo de finales de los a\u00f1os 80.<\/strong> Con \u00e9ste se propone establecer un paralelo entre la realidad del tercer mundo latinoamericano y las estrategias y procedimientos llevadas a cabo por este personaje de ficci\u00f3n, haciendo un enfoque en el aprovechamiento de recursos y el uso no convencional de herramientas y objetos en la vida cotidiana colombiana.<\/p>\n<p><strong>La propuesta busca crear una serie de reflexiones sobre la funcionalidad y la \u201cficcionalidad\u201d de los objetos desde 2 extremos: la cultura del \u201cdo it yourself\u201d y la cultura del \u201crebusque\u201d,<\/strong> contrastando la mirada del h\u00e9roe del primer mundo, cuya recursividad se convierte en entretenimiento televisivo gracias a la creatividad y recursividad que surge de la escasez de los recursos al alargar la vida \u00fatil de aparatos, la elaboraci\u00f3n de utensilios de trabajo o la fabricaci\u00f3n de armas caseras.<\/p>\n<p><strong>Sitio web<\/strong><br \/>\n<a href=\"http:\/\/cargocollective.com\/felipeflorez\" target=\"_blank\">Cargocollective.com\/felipeflorez<\/a><\/p>","protected":false},"excerpt":{"rendered":"<p>Naci\u00f3 en Caldas (Antioquia, Colombia) en 1987. Tiene el t\u00edtulo de mag\u00edster en Artes Pl\u00e1sticas de la Universidad de Antioquia, adem\u00e1s del diplomado en Laboratorios de Formaci\u00f3n e Investigaci\u00f3n para la Promoci\u00f3n de las Artes Visuales. Su trabajo ha sido expuesto en instituciones como: Alianza Francesa, Banco de la Rep\u00fablica, Palacio de la Cultura Rafael Uribe Uribe, Casa Tres Patios, Taller 7, entre otras. Recientemente fue seleccionado por el Museo de Arte Contempor\u00e1neo de Bogot\u00e1 para participar en el Proyecto Tesis, el cual recoge las mejores tesis de grado en artes visuales de Colombia. Participaci\u00f3n en el Taller de construcci\u00f3n del MDE11 \u2018MacGyver\u2019 es un proyecto que surge a partir del inter\u00e9s personal por el famoso personaje televisivo de finales de los a\u00f1os 80. Con \u00e9ste se propone establecer un paralelo entre la realidad del tercer mundo latinoamericano y las estrategias y procedimientos llevadas a cabo por este personaje de ficci\u00f3n, haciendo un enfoque en el aprovechamiento de recursos y el uso no convencional de herramientas y objetos en la vida cotidiana colombiana. La propuesta busca crear una serie de reflexiones sobre la funcionalidad y la \u201cficcionalidad\u201d de los objetos desde 2 extremos: la cultura del \u201cdo it yourself\u201d y la cultura del \u201crebusque\u201d, contrastando la mirada del h\u00e9roe del primer mundo, cuya recursividad se convierte en entretenimiento televisivo gracias a la creatividad y recursividad que surge de la escasez de los recursos al alargar la vida \u00fatil de aparatos, la elaboraci\u00f3n de utensilios de trabajo o la fabricaci\u00f3n de armas caseras. Sitio web Cargocollective.com\/felipeflorez<\/p>\n","protected":false},"author":1,"featured_media":0,"parent":49,"menu_order":0,"comment_status":"open","ping_status":"open","template":"","meta":{"footnotes":""},"categories":[3],"class_list":["post-3523","page","type-page","status-publish","hentry","category-estudio"],"_links":{"self":[{"href":"https:\/\/mde.org.co\/mde11\/es\/wp-json\/wp\/v2\/pages\/3523","targetHints":{"allow":["GET"]}}],"collection":[{"href":"https:\/\/mde.org.co\/mde11\/es\/wp-json\/wp\/v2\/pages"}],"about":[{"href":"https:\/\/mde.org.co\/mde11\/es\/wp-json\/wp\/v2\/types\/page"}],"author":[{"embeddable":true,"href":"https:\/\/mde.org.co\/mde11\/es\/wp-json\/wp\/v2\/users\/1"}],"replies":[{"embeddable":true,"href":"https:\/\/mde.org.co\/mde11\/es\/wp-json\/wp\/v2\/comments?post=3523"}],"version-history":[{"count":0,"href":"https:\/\/mde.org.co\/mde11\/es\/wp-json\/wp\/v2\/pages\/3523\/revisions"}],"up":[{"embeddable":true,"href":"https:\/\/mde.org.co\/mde11\/es\/wp-json\/wp\/v2\/pages\/49"}],"wp:attachment":[{"href":"https:\/\/mde.org.co\/mde11\/es\/wp-json\/wp\/v2\/media?parent=3523"}],"wp:term":[{"taxonomy":"category","embeddable":true,"href":"https:\/\/mde.org.co\/mde11\/es\/wp-json\/wp\/v2\/categories?post=3523"}],"curies":[{"name":"wp","href":"https:\/\/api.w.org\/{rel}","templated":true}]}}