{"id":3513,"date":"2011-10-12T17:25:23","date_gmt":"2011-10-12T22:25:23","guid":{"rendered":"http:\/\/mde.org.co\/mde11\/?page_id=3513"},"modified":"2011-10-12T17:25:23","modified_gmt":"2011-10-12T22:25:23","slug":"sebastian-cadavid-cadavid","status":"publish","type":"page","link":"https:\/\/mde.org.co\/mde11\/es\/estudio\/taller-construccion\/sebastian-cadavid-cadavid\/","title":{"rendered":"Juan Sebasti\u00e1n Cadavid Cadavid"},"content":{"rendered":"<p><img loading=\"lazy\" decoding=\"async\" class=\"aligncenter size-full wp-image-3514\" title=\"Sebastian Cadavid\" src=\"https:\/\/mde.org.co\/mde11\/wp-content\/uploads\/sites\/3\/2011\/10\/Sebastian-Cadavid.jpg\" alt=\"\" width=\"600\" height=\"280\" srcset=\"https:\/\/mde.org.co\/mde11\/wp-content\/uploads\/sites\/3\/2011\/10\/Sebastian-Cadavid.jpg 600w, https:\/\/mde.org.co\/mde11\/wp-content\/uploads\/sites\/3\/2011\/10\/Sebastian-Cadavid-300x140.jpg 300w\" sizes=\"auto, (max-width: 600px) 100vw, 600px\" \/><\/p>\n<p>Naci\u00f3 en Medell\u00edn en 1989 y vive en el municipio de Girardota (Antioquia, Colombia). Actualmente cursa sexto semestre de Dise\u00f1o Gr\u00e1fico en el Instituto Tecnol\u00f3gico Pascual Bravo. Ejerce su oficio en la Corporaci\u00f3n Cultural La Zafra, organizaci\u00f3n dedicada a la investigaci\u00f3n cultural y la difusi\u00f3n art\u00edstica en Girardota.<\/p>\n<p>Desde 2010 hace parte de las sesiones de dibujo que Taller 7 dicta los d\u00edas viernes, donde comparte trazos con el maestro Jos\u00e9 Antonio Su\u00e1rez Londo\u00f1o, una de sus principales influencias art\u00edsticas, junto a Paola Gaviria (\u201cPower Paola\u201d), personaje del mundo del c\u00f3mic.<\/p>\n<p>En 2010 fue invitado a la exposici\u00f3n \u2018Casa tomada 2010: La memoria y lo que olvida\u2019, realizada en Girardota. Su trabajo explora la conexi\u00f3n que se puede establecer entre el pasado y el presente usando el dibujo como hilo conductor.<\/p>\n<p>&nbsp;<\/p>\n<h3>Participaci\u00f3n en el Taller de construcci\u00f3n del MDE11<\/h3>\n<p><strong>\u2018Econom\u00edas\u2019 es el nombre de su proyecto,<\/strong> un trabajo en el que loteros, tinterillos, peluqueros, emboladores, vendedores de chucher\u00edas, de tinto, de frutas, de minutos a celular o de casi cualquier cosa que se pueda vender, se convierten en el veh\u00edculo para <strong>exponer las peque\u00f1as econom\u00edas que inundan las calles y parques del centro de la ciudad, mismas que lo nutren y que configuran el paisaje<\/strong>. Es el consumo del diario, del momento, el regateo, el flujo del comercio en un espacio en el que confluye todo el movimiento de una ciudad fermentada en sensaciones.<\/p>\n<p>A trav\u00e9s del dibujo y la transformaci\u00f3n de la imagen formal \u2013con la que logra particularizar momentos, expresiones, sensaciones y gestos\u2013<strong> busca dar cuenta del peque\u00f1o mundo econ\u00f3mico que se mueve en las calles de la ciudad, ese que, alejado de las grandes cifras, es el que le da vida a estos espacios y el sustento a muchos de los que lo habitan, lo transitan, lo frecuentan.<\/strong><\/p>\n<p>&nbsp;<\/p>\n<p><strong>Sitio web<\/strong><\/p>\n<p><a href=\"http:\/\/sebastiancadavid.blogspot.com\" target=\"_blank\">Sebastiancadavid.blogspot.com<\/a><br \/>\n<a href=\"http:\/\/www.flickr.com\/photos\/50199461@N03\/\" target=\"_blank\">Im\u00e1genes en Flickr<\/a><\/p>","protected":false},"excerpt":{"rendered":"<p>Naci\u00f3 en Medell\u00edn en 1989 y vive en el municipio de Girardota (Antioquia, Colombia). Actualmente cursa sexto semestre de Dise\u00f1o Gr\u00e1fico en el Instituto Tecnol\u00f3gico Pascual Bravo.<\/p>\n","protected":false},"author":1,"featured_media":0,"parent":49,"menu_order":0,"comment_status":"open","ping_status":"open","template":"","meta":{"footnotes":""},"categories":[3],"class_list":["post-3513","page","type-page","status-publish","hentry","category-estudio"],"_links":{"self":[{"href":"https:\/\/mde.org.co\/mde11\/es\/wp-json\/wp\/v2\/pages\/3513","targetHints":{"allow":["GET"]}}],"collection":[{"href":"https:\/\/mde.org.co\/mde11\/es\/wp-json\/wp\/v2\/pages"}],"about":[{"href":"https:\/\/mde.org.co\/mde11\/es\/wp-json\/wp\/v2\/types\/page"}],"author":[{"embeddable":true,"href":"https:\/\/mde.org.co\/mde11\/es\/wp-json\/wp\/v2\/users\/1"}],"replies":[{"embeddable":true,"href":"https:\/\/mde.org.co\/mde11\/es\/wp-json\/wp\/v2\/comments?post=3513"}],"version-history":[{"count":0,"href":"https:\/\/mde.org.co\/mde11\/es\/wp-json\/wp\/v2\/pages\/3513\/revisions"}],"up":[{"embeddable":true,"href":"https:\/\/mde.org.co\/mde11\/es\/wp-json\/wp\/v2\/pages\/49"}],"wp:attachment":[{"href":"https:\/\/mde.org.co\/mde11\/es\/wp-json\/wp\/v2\/media?parent=3513"}],"wp:term":[{"taxonomy":"category","embeddable":true,"href":"https:\/\/mde.org.co\/mde11\/es\/wp-json\/wp\/v2\/categories?post=3513"}],"curies":[{"name":"wp","href":"https:\/\/api.w.org\/{rel}","templated":true}]}}