{"id":3128,"date":"2011-09-28T12:16:39","date_gmt":"2011-09-28T17:16:39","guid":{"rendered":"http:\/\/mde.org.co\/mde11\/?page_id=3128"},"modified":"2011-09-28T12:16:39","modified_gmt":"2011-09-28T17:16:39","slug":"carlos-mario-jaramillo","status":"publish","type":"page","link":"https:\/\/mde.org.co\/mde11\/es\/conferencistas\/carlos-mario-jaramillo\/","title":{"rendered":"Carlos Mario Jaramillo"},"content":{"rendered":"<p><\/p>\n<div id=\"__ss_9460575\" style=\"width: 477px\"><img loading=\"lazy\" decoding=\"async\" class=\"aligncenter size-full wp-image-3136\" title=\"Carlos Mario Jaramillo\" src=\"https:\/\/mde.org.co\/mde11\/wp-content\/uploads\/sites\/3\/2011\/09\/Carlos-Mario-Jaramillo.jpg\" alt=\"\" width=\"600\" height=\"280\" srcset=\"https:\/\/mde.org.co\/mde11\/wp-content\/uploads\/sites\/3\/2011\/09\/Carlos-Mario-Jaramillo.jpg 600w, https:\/\/mde.org.co\/mde11\/wp-content\/uploads\/sites\/3\/2011\/09\/Carlos-Mario-Jaramillo-300x140.jpg 300w\" sizes=\"auto, (max-width: 600px) 100vw, 600px\" \/><\/div>\n<p>Carlos Mario Jaramillo es maestro en Artes Pl\u00e1sticas de la Universidad Nacional de Colombia (sede Medell\u00edn), especialista en Inform\u00e1tica Educativa y candidato a doctor en Historia de la Pedagog\u00eda. Actualmente es docente de la Universidad Eafit del Departamento de M\u00fasica, donde tambi\u00e9n trabaja como asesor en el programa de innovaci\u00f3n tecnol\u00f3gica <a href=\"http:\/\/www.eafit.edu.co\/proyecto50\/Paginas\/proyecto-50.aspx\">Proyecto 50<\/a>.<\/p>\n<p>Ha trabajado adem\u00e1s en proyectos que han estado relacionados con el Museo de Antioquia, particularmente en el dise\u00f1o y conceptualizaci\u00f3n del proyecto educativo &#8216;Maletas viajeras&#8217;.<\/p>\n<p>Participa en el Aula dial\u00f3gica del MDE11 con la ponencia \u00abContextos hist\u00f3ricos arte escuela en Colombia\u00bb.<\/p>\n<p>&nbsp;<\/p>\n<h2 style=\"width: 477px\">Presentaci\u00f3n en el MDE11<\/h2>\n<p>El proceso modernizador de la educaci\u00f3n colombiana, caracterizado por una constante secularizaci\u00f3n de sus contenidos, gener\u00f3 a principios del siglo XX la aparici\u00f3n y el desarrollo de conceptos espaciales que permitieron abordar lo geogr\u00e1fico, lo geol\u00f3gico y lo cartogr\u00e1fico. El deseo de imprimir a la educaci\u00f3n la imagen de naci\u00f3n oblig\u00f3 a generar relaciones y estudios de teor\u00edas pedag\u00f3gicas que ampliaran el reconocimiento del territorio y la perspectiva cient\u00edfica del aprendizaje. Este proceso se dio en doble v\u00eda: por un lado se generaron experiencias de aula, para relacionar de manera efectiva a los estudiantes con el modelo de las ciencias naturales, y en segundo plano se dej\u00f3 abierta la escuela a relaciones con el proyecto de biblioteca museo y auditorio.<\/p>\n<p>Esta conferencia pretende mostrar c\u00f3mo el legado cultural del siglo XIX y la pol\u00edtica educativa de la d\u00e9cada de 1930 entran en juego con las instituciones de la rep\u00fablica liberal, lo que permite observar discontinuidades entre la ense\u00f1anza del arte y el reconocimiento sensible del espacio. En esa d\u00e9cada se asume de manera consciente un proyecto pol\u00edtico y cultural en la educaci\u00f3n que pone en evidencia nuevas relaciones entre artistas pl\u00e1sticos, m\u00fasicos y pedagogos que orientaron con matices especiales la configuraci\u00f3n del sujeto est\u00e9tico \u2013perspectiva a la que aspir\u00f3 el proceso modernizador colombiano\u2013. En este \u00faltimo plano se pretende hacer evidente c\u00f3mo el proceso modernizador desplaz\u00f3 el registro est\u00e9tico hacia la formaci\u00f3n de un sujeto que, en la experiencia del arte, reconociera el ideal nacional.<\/p>\n<div style=\"width: 477px\"><strong style=\"margin: 12px 0 4px\"><br \/>\n<\/strong><\/div>\n<h1 style=\"width: 477px\"><a href=\"https:\/\/mde.org.co\/mde11\/wp-content\/uploads\/sites\/3\/2011\/09\/Contextos-hist\u00f3ricos-arte-escuela-en-Colombia-Carlos-Mario-Jaramillo.pdf\" target=\"_blank\">Descargar presentaci\u00f3n (PDF)<\/a><\/h1>\n<p><\/p>","protected":false},"excerpt":{"rendered":"<p>Carlos Mario Jaramillo es maestro en Artes Pl\u00e1sticas de la Universidad Nacional de Colombia (sede Medell\u00edn), especialista en Inform\u00e1tica Educativa y candidato a doctor en Historia de la Pedagog\u00eda. Actualmente es docente de la Universidad Eafit del Departamento de M\u00fasica, donde tambi\u00e9n trabaja como asesor en el programa de innovaci\u00f3n tecnol\u00f3gica Proyecto 50. Ha trabajado adem\u00e1s en proyectos que han estado relacionados con el Museo de Antioquia, particularmente en el dise\u00f1o y conceptualizaci\u00f3n del proyecto educativo &#8216;Maletas viajeras&#8217;. Participa en el Aula dial\u00f3gica del MDE11 con la ponencia \u00abContextos hist\u00f3ricos arte escuela en Colombia\u00bb. &nbsp; Presentaci\u00f3n en el MDE11 El proceso modernizador de la educaci\u00f3n colombiana, caracterizado por una constante secularizaci\u00f3n de sus contenidos, gener\u00f3 a principios del siglo XX la aparici\u00f3n y el desarrollo de conceptos espaciales que permitieron abordar lo geogr\u00e1fico, lo geol\u00f3gico y lo cartogr\u00e1fico. El deseo de imprimir a la educaci\u00f3n la imagen de naci\u00f3n oblig\u00f3 a generar relaciones y estudios de teor\u00edas pedag\u00f3gicas que ampliaran el reconocimiento del territorio y la perspectiva cient\u00edfica del aprendizaje. Este proceso se dio en doble v\u00eda: por un lado se generaron experiencias de aula, para relacionar de manera efectiva a los estudiantes con el modelo de las ciencias naturales, y en segundo plano se dej\u00f3 abierta la escuela a relaciones con el proyecto de biblioteca museo y auditorio. Esta conferencia pretende mostrar c\u00f3mo el legado cultural del siglo XIX y la pol\u00edtica educativa de la d\u00e9cada de 1930 entran en juego con las instituciones de la rep\u00fablica liberal, lo que permite observar discontinuidades entre la ense\u00f1anza del arte y el reconocimiento sensible del espacio. En esa d\u00e9cada se asume de manera consciente un proyecto pol\u00edtico y cultural en la educaci\u00f3n que pone en evidencia nuevas relaciones entre artistas pl\u00e1sticos, m\u00fasicos y pedagogos que orientaron con matices especiales la configuraci\u00f3n del sujeto est\u00e9tico \u2013perspectiva a la que aspir\u00f3 el proceso modernizador colombiano\u2013. En este \u00faltimo plano se pretende hacer evidente c\u00f3mo el proceso modernizador desplaz\u00f3 el registro est\u00e9tico hacia la formaci\u00f3n de un sujeto que, en la experiencia del arte, reconociera el ideal nacional. Descargar presentaci\u00f3n (PDF)<\/p>\n","protected":false},"author":1,"featured_media":0,"parent":1265,"menu_order":0,"comment_status":"open","ping_status":"open","template":"","meta":{"footnotes":""},"categories":[3],"class_list":["post-3128","page","type-page","status-publish","hentry","category-estudio"],"_links":{"self":[{"href":"https:\/\/mde.org.co\/mde11\/es\/wp-json\/wp\/v2\/pages\/3128","targetHints":{"allow":["GET"]}}],"collection":[{"href":"https:\/\/mde.org.co\/mde11\/es\/wp-json\/wp\/v2\/pages"}],"about":[{"href":"https:\/\/mde.org.co\/mde11\/es\/wp-json\/wp\/v2\/types\/page"}],"author":[{"embeddable":true,"href":"https:\/\/mde.org.co\/mde11\/es\/wp-json\/wp\/v2\/users\/1"}],"replies":[{"embeddable":true,"href":"https:\/\/mde.org.co\/mde11\/es\/wp-json\/wp\/v2\/comments?post=3128"}],"version-history":[{"count":0,"href":"https:\/\/mde.org.co\/mde11\/es\/wp-json\/wp\/v2\/pages\/3128\/revisions"}],"up":[{"embeddable":true,"href":"https:\/\/mde.org.co\/mde11\/es\/wp-json\/wp\/v2\/pages\/1265"}],"wp:attachment":[{"href":"https:\/\/mde.org.co\/mde11\/es\/wp-json\/wp\/v2\/media?parent=3128"}],"wp:term":[{"taxonomy":"category","embeddable":true,"href":"https:\/\/mde.org.co\/mde11\/es\/wp-json\/wp\/v2\/categories?post=3128"}],"curies":[{"name":"wp","href":"https:\/\/api.w.org\/{rel}","templated":true}]}}