{"id":307,"date":"2011-07-29T19:06:38","date_gmt":"2011-07-30T00:06:38","guid":{"rendered":"http:\/\/mde.org.co\/mde11\/wordpress\/?page_id=307"},"modified":"2011-07-29T19:06:38","modified_gmt":"2011-07-30T00:06:38","slug":"centro-de-desarrollo-cultural-de-moravia","status":"publish","type":"page","link":"https:\/\/mde.org.co\/mde11\/es\/lugares\/centro-de-desarrollo-cultural-de-moravia\/","title":{"rendered":"Centro de Desarrollo Cultural de Moravia"},"content":{"rendered":"<p><img loading=\"lazy\" decoding=\"async\" src=\"https:\/\/mde.org.co\/mde11\/wp-content\/uploads\/sites\/3\/2011\/07\/Moravia_header.jpg\" alt=\"\" title=\"Centro de Desarrollo Cultural de Moravia\" width=\"600\" height=\"280\" class=\"alignnone size-full wp-image-1433\" srcset=\"https:\/\/mde.org.co\/mde11\/wp-content\/uploads\/sites\/3\/2011\/07\/Moravia_header.jpg 600w, https:\/\/mde.org.co\/mde11\/wp-content\/uploads\/sites\/3\/2011\/07\/Moravia_header-300x140.jpg 300w\" sizes=\"auto, (max-width: 600px) 100vw, 600px\" \/><\/p>\n<p>El Centro de Desarrollo Cultural de Moravia es un espacio donde la cultura, el arte y la educaci\u00f3n son protagonistas, como motores\u00a0 del desarrollo local. Fue inaugurado en el 2005, y surgi\u00f3 de una iniciativa civil de la comunidad del barrio Moravia de Medell\u00edn.<\/p>\n<p>Los espacios y actividades que all\u00ed se ofrecen, unidos a su ubicaci\u00f3n estrat\u00e9gica en el final del paseo urbano Carabobo, en intersecci\u00f3n con el Parque Lineal La Bermejala, lo convierten en un lugar de encuentro para la comuna nororiental.<\/p>\n<p><strong>El Centro Cultural recibir\u00e1 en el MDE11 a los colectivos: Tranv\u00eda Cero (Ecuador) y Slanguaje Studio (Estados Unidos). Y al artista Pep Dardany\u00e0 (Espa\u00f1a), con su proyecto \u201cLa memoria reciclada\u201d.<\/strong><\/p>\n<p><strong>Contacto<\/strong><\/p>\n<p><a href=\"mailto:culturamoravia@gmail.com\" target=\"_blank\">culturamoravia@gmail.com<\/a><br \/>\nCalle 82 A N\u00b0 52-25, paseo urbano Carabobo<br \/>\nTel: (57+4) 213 2809<\/p>\n<p><small>Ver <a href=\"http:\/\/www.google.com\/maps\/ms?msa=0&amp;ie=UTF8&amp;vpsrc=6&amp;msid=215913375414245854074.0004a93cbeefee49338d6&amp;ll=6.272386,-75.562506&amp;spn=0.017063,0.04283&amp;z=14&amp;source=embed\" style=\"color:#0000FF;text-align:left\">Lugares MDE11<\/a> en un mapa m\u00e1s grande<\/small><\/p>","protected":false},"excerpt":{"rendered":"<p>El Centro de Desarrollo Cultural de Moravia es un espacio donde la cultura, el arte y la educaci\u00f3n son protagonistas, como motores\u00a0 del desarrollo local. Fue inaugurado en el 2005, y surgi\u00f3 de una iniciativa civil de la comunidad del barrio Moravia de Medell\u00edn. Los espacios y actividades que all\u00ed se ofrecen, unidos a su ubicaci\u00f3n estrat\u00e9gica en el final del paseo urbano Carabobo, en intersecci\u00f3n con el Parque Lineal La Bermejala, lo convierten en un lugar de encuentro para la comuna nororiental. El Centro Cultural recibir\u00e1 en el MDE11 a los colectivos: Tranv\u00eda Cero (Ecuador) y Slanguaje Studio (Estados Unidos). Y al artista Pep Dardany\u00e0 (Espa\u00f1a), con su proyecto \u201cLa memoria reciclada\u201d. Contacto culturamoravia@gmail.com Calle 82 A N\u00b0 52-25, paseo urbano Carabobo Tel: (57+4) 213 2809 Ver Lugares MDE11 en un mapa m\u00e1s grande<\/p>\n","protected":false},"author":1,"featured_media":0,"parent":11,"menu_order":0,"comment_status":"closed","ping_status":"closed","template":"","meta":{"footnotes":""},"categories":[5],"class_list":["post-307","page","type-page","status-publish","hentry","category-laboratorio"],"_links":{"self":[{"href":"https:\/\/mde.org.co\/mde11\/es\/wp-json\/wp\/v2\/pages\/307","targetHints":{"allow":["GET"]}}],"collection":[{"href":"https:\/\/mde.org.co\/mde11\/es\/wp-json\/wp\/v2\/pages"}],"about":[{"href":"https:\/\/mde.org.co\/mde11\/es\/wp-json\/wp\/v2\/types\/page"}],"author":[{"embeddable":true,"href":"https:\/\/mde.org.co\/mde11\/es\/wp-json\/wp\/v2\/users\/1"}],"replies":[{"embeddable":true,"href":"https:\/\/mde.org.co\/mde11\/es\/wp-json\/wp\/v2\/comments?post=307"}],"version-history":[{"count":0,"href":"https:\/\/mde.org.co\/mde11\/es\/wp-json\/wp\/v2\/pages\/307\/revisions"}],"up":[{"embeddable":true,"href":"https:\/\/mde.org.co\/mde11\/es\/wp-json\/wp\/v2\/pages\/11"}],"wp:attachment":[{"href":"https:\/\/mde.org.co\/mde11\/es\/wp-json\/wp\/v2\/media?parent=307"}],"wp:term":[{"taxonomy":"category","embeddable":true,"href":"https:\/\/mde.org.co\/mde11\/es\/wp-json\/wp\/v2\/categories?post=307"}],"curies":[{"name":"wp","href":"https:\/\/api.w.org\/{rel}","templated":true}]}}