{"id":305,"date":"2011-07-29T19:06:11","date_gmt":"2011-07-30T00:06:11","guid":{"rendered":"http:\/\/mde.org.co\/mde11\/wordpress\/?page_id=305"},"modified":"2011-07-29T19:06:11","modified_gmt":"2011-07-30T00:06:11","slug":"mamm","status":"publish","type":"page","link":"https:\/\/mde.org.co\/mde11\/es\/lugares\/mamm\/","title":{"rendered":"Museo de Arte Moderno de Medell\u00edn"},"content":{"rendered":"<p><img loading=\"lazy\" decoding=\"async\" class=\"alignnone size-full wp-image-1439\" title=\"Museo de Arte Moderno de Medell\u00edn\" src=\"https:\/\/mde.org.co\/mde11\/wp-content\/uploads\/sites\/3\/2011\/07\/Mamm_header.jpg\" alt=\"\" width=\"600\" height=\"280\" srcset=\"https:\/\/mde.org.co\/mde11\/wp-content\/uploads\/sites\/3\/2011\/07\/Mamm_header.jpg 600w, https:\/\/mde.org.co\/mde11\/wp-content\/uploads\/sites\/3\/2011\/07\/Mamm_header-300x140.jpg 300w\" sizes=\"auto, (max-width: 600px) 100vw, 600px\" \/><\/p>\n<p>El Museo de Arte Moderno de Medell\u00edn (Mamm), en sus m\u00e1s de treinta a\u00f1os de trabajo, se ha propuesto trascender la visi\u00f3n de un museo para ser \u201cun espacio para el encuentro y la sorpresa, en el que tengan cabida diferentes manifestaciones art\u00edsticas y culturales, que convoquen p\u00fablicos diversos\u201d.<\/p>\n<p><strong>La nave central del MAMM fue activada en el MDE11 por el Taller de fundici\u00f3n por medio del artista colombiano Oswaldo Maci\u00e1. <\/strong>Entre octubre y noviembre, el artista revivi\u00f3 la \u00e9poca en que este espacio pertenec\u00eda a la empresa sider\u00fargica Simesa, donde se fabricaba toda suerte de piezas con materiales fundidos.<\/p>\n<p><strong>Sitio web<\/strong><br \/>\n<a href=\"http:\/\/www.elmamm.org\/\" target=\"_blank\">www.elmamm.org<\/a><\/p>\n<p><strong>Contacto<\/strong><br \/>\n<a href=\"mailto:info@elmamm.org\" target=\"_blank\">info@elmamm.org<\/a><br \/>\nSede Ciudad del R\u00edo. Carrera 44 # 19A &#8211; 100<br \/>\nTel: (57+4) 444 26 22<\/p>\n<p><small>Ver <a style=\"color: #0000ff;text-align: left\" href=\"http:\/\/www.google.com\/maps\/ms?msa=0&amp;msid=215913375414245854074.0004a93cbeefee49338d6&amp;ie=UTF8&amp;ll=6.22418,-75.586882&amp;spn=0.017065,0.04283&amp;z=14&amp;source=embed\">Lugares MDE11<\/a> en un mapa m\u00e1s grande<\/small><\/p>","protected":false},"excerpt":{"rendered":"<p>El Museo de Arte Moderno de Medell\u00edn (Mamm), en sus m\u00e1s de treinta a\u00f1os de trabajo, se ha propuesto trascender la visi\u00f3n de un museo para ser \u201cun espacio para el encuentro y la sorpresa, en el que tengan cabida diferentes manifestaciones art\u00edsticas y culturales, que convoquen p\u00fablicos diversos\u201d. La nave central del MAMM fue activada en el MDE11 por el Taller de fundici\u00f3n por medio del artista colombiano Oswaldo Maci\u00e1. Entre octubre y noviembre, el artista revivi\u00f3 la \u00e9poca en que este espacio pertenec\u00eda a la empresa sider\u00fargica Simesa, donde se fabricaba toda suerte de piezas con materiales fundidos. Sitio web www.elmamm.org Contacto info@elmamm.org Sede Ciudad del R\u00edo. Carrera 44 # 19A &#8211; 100 Tel: (57+4) 444 26 22 Ver Lugares MDE11 en un mapa m\u00e1s grande<\/p>\n","protected":false},"author":1,"featured_media":0,"parent":11,"menu_order":0,"comment_status":"closed","ping_status":"closed","template":"","meta":{"footnotes":""},"categories":[4],"class_list":["post-305","page","type-page","status-publish","hentry","category-exposicion"],"_links":{"self":[{"href":"https:\/\/mde.org.co\/mde11\/es\/wp-json\/wp\/v2\/pages\/305","targetHints":{"allow":["GET"]}}],"collection":[{"href":"https:\/\/mde.org.co\/mde11\/es\/wp-json\/wp\/v2\/pages"}],"about":[{"href":"https:\/\/mde.org.co\/mde11\/es\/wp-json\/wp\/v2\/types\/page"}],"author":[{"embeddable":true,"href":"https:\/\/mde.org.co\/mde11\/es\/wp-json\/wp\/v2\/users\/1"}],"replies":[{"embeddable":true,"href":"https:\/\/mde.org.co\/mde11\/es\/wp-json\/wp\/v2\/comments?post=305"}],"version-history":[{"count":0,"href":"https:\/\/mde.org.co\/mde11\/es\/wp-json\/wp\/v2\/pages\/305\/revisions"}],"up":[{"embeddable":true,"href":"https:\/\/mde.org.co\/mde11\/es\/wp-json\/wp\/v2\/pages\/11"}],"wp:attachment":[{"href":"https:\/\/mde.org.co\/mde11\/es\/wp-json\/wp\/v2\/media?parent=305"}],"wp:term":[{"taxonomy":"category","embeddable":true,"href":"https:\/\/mde.org.co\/mde11\/es\/wp-json\/wp\/v2\/categories?post=305"}],"curies":[{"name":"wp","href":"https:\/\/api.w.org\/{rel}","templated":true}]}}