{"id":302,"date":"2011-07-29T19:05:29","date_gmt":"2011-07-30T00:05:29","guid":{"rendered":"http:\/\/mde.org.co\/mde11\/wordpress\/?page_id=302"},"modified":"2011-07-29T19:05:29","modified_gmt":"2011-07-30T00:05:29","slug":"taller-7","status":"publish","type":"page","link":"https:\/\/mde.org.co\/mde11\/es\/lugares\/taller-7\/","title":{"rendered":"Taller 7"},"content":{"rendered":"<p><img loading=\"lazy\" decoding=\"async\" class=\"alignnone size-full wp-image-1435\" title=\"Taller 7\" src=\"https:\/\/mde.org.co\/mde11\/wp-content\/uploads\/sites\/3\/2011\/07\/Taller-7_header.jpg\" alt=\"\" width=\"600\" height=\"280\" srcset=\"https:\/\/mde.org.co\/mde11\/wp-content\/uploads\/sites\/3\/2011\/07\/Taller-7_header.jpg 600w, https:\/\/mde.org.co\/mde11\/wp-content\/uploads\/sites\/3\/2011\/07\/Taller-7_header-300x140.jpg 300w\" sizes=\"auto, (max-width: 600px) 100vw, 600px\" \/><\/p>\n<p>Configurado como un espacio de encuentro en Medell\u00edn, Taller 7 es conocido por la creaci\u00f3n de discusiones y reflexiones alrededor de diferentes temas que competen a las pr\u00e1cticas art\u00edsticas, permitiendo con ello evidenciar problemas de diversa \u00edndole.<\/p>\n<p><strong>El objetivo de Taller 7 \u201ces la creaci\u00f3n de nuevas rutas de interacci\u00f3n entre los artistas, los procesos y el p\u00fablico, en contraste con los circuitos est\u00e1ticos y cerrados que la institucionalidad ofrece\u201d<\/strong>. El equipo est\u00e1 integrado por Carlos Carmona, Mauricio Carmona, Paola Gaviria, Adriana Mar\u00eda Pineda y Juli\u00e1n Urrego.<\/p>\n<p>Como espacio anfitri\u00f3n del MDE11, <strong>recibi\u00f3 2 proyectos: Club del Dibujo y Estaci\u00f3n Tijuana<\/strong>. Ambos colectivos realizaron un trabajo colaborativo durante el encuentro y llevaron a cabo diversas actividades que se presentaron a los diferentes p\u00fablicos de la ciudad.<\/p>\n<p><strong>Sitio web<\/strong><a href=\"http:\/\/www.tallersiete.com\/\" target=\"_blank\"><br \/>\nwww.tallersiete.com<\/a><\/p>\n<p><strong>Contacto<\/strong><br \/>\nCarrera 41 # 46-67, barrio Bombon\u00e1<br \/>\nTel: (57+4) 239 55 08<\/p>\n<p><small>Ver <a style=\"color: #0000ff;text-align: left\" href=\"http:\/\/www.google.com\/maps\/ms?msa=0&amp;msid=215913375414245854074.0004a93cbeefee49338d6&amp;ie=UTF8&amp;ll=6.244423,-75.566368&amp;spn=0.004245,0.010707&amp;z=16&amp;source=embed\">Lugares MDE11<\/a> en un mapa m\u00e1s grande<\/small><\/p>","protected":false},"excerpt":{"rendered":"<p>Configurado como un espacio de encuentro en Medell\u00edn, Taller 7 es conocido por la creaci\u00f3n de discusiones y reflexiones alrededor de diferentes temas que competen a las pr\u00e1cticas art\u00edsticas, permitiendo con ello evidenciar problemas de diversa \u00edndole. El objetivo de Taller 7 \u201ces la creaci\u00f3n de nuevas rutas de interacci\u00f3n entre los artistas, los procesos y el p\u00fablico, en contraste con los circuitos est\u00e1ticos y cerrados que la institucionalidad ofrece\u201d. El equipo est\u00e1 integrado por Carlos Carmona, Mauricio Carmona, Paola Gaviria, Adriana Mar\u00eda Pineda y Juli\u00e1n Urrego. Como espacio anfitri\u00f3n del MDE11, recibi\u00f3 2 proyectos: Club del Dibujo y Estaci\u00f3n Tijuana. Ambos colectivos realizaron un trabajo colaborativo durante el encuentro y llevaron a cabo diversas actividades que se presentaron a los diferentes p\u00fablicos de la ciudad. Sitio web www.tallersiete.com Contacto Carrera 41 # 46-67, barrio Bombon\u00e1 Tel: (57+4) 239 55 08 Ver Lugares MDE11 en un mapa m\u00e1s grande<\/p>\n","protected":false},"author":1,"featured_media":0,"parent":11,"menu_order":0,"comment_status":"closed","ping_status":"open","template":"","meta":{"footnotes":""},"categories":[5],"class_list":["post-302","page","type-page","status-publish","hentry","category-laboratorio"],"_links":{"self":[{"href":"https:\/\/mde.org.co\/mde11\/es\/wp-json\/wp\/v2\/pages\/302","targetHints":{"allow":["GET"]}}],"collection":[{"href":"https:\/\/mde.org.co\/mde11\/es\/wp-json\/wp\/v2\/pages"}],"about":[{"href":"https:\/\/mde.org.co\/mde11\/es\/wp-json\/wp\/v2\/types\/page"}],"author":[{"embeddable":true,"href":"https:\/\/mde.org.co\/mde11\/es\/wp-json\/wp\/v2\/users\/1"}],"replies":[{"embeddable":true,"href":"https:\/\/mde.org.co\/mde11\/es\/wp-json\/wp\/v2\/comments?post=302"}],"version-history":[{"count":0,"href":"https:\/\/mde.org.co\/mde11\/es\/wp-json\/wp\/v2\/pages\/302\/revisions"}],"up":[{"embeddable":true,"href":"https:\/\/mde.org.co\/mde11\/es\/wp-json\/wp\/v2\/pages\/11"}],"wp:attachment":[{"href":"https:\/\/mde.org.co\/mde11\/es\/wp-json\/wp\/v2\/media?parent=302"}],"wp:term":[{"taxonomy":"category","embeddable":true,"href":"https:\/\/mde.org.co\/mde11\/es\/wp-json\/wp\/v2\/categories?post=302"}],"curies":[{"name":"wp","href":"https:\/\/api.w.org\/{rel}","templated":true}]}}