{"id":300,"date":"2011-07-29T19:04:37","date_gmt":"2011-07-30T00:04:37","guid":{"rendered":"http:\/\/mde.org.co\/mde11\/wordpress\/?page_id=300"},"modified":"2011-07-29T19:04:37","modified_gmt":"2011-07-30T00:04:37","slug":"casa-imago","status":"publish","type":"page","link":"https:\/\/mde.org.co\/mde11\/es\/lugares\/casa-imago\/","title":{"rendered":"Casa Imago"},"content":{"rendered":"<p><img loading=\"lazy\" decoding=\"async\" src=\"https:\/\/mde.org.co\/mde11\/wp-content\/uploads\/sites\/3\/2011\/07\/CasaImago_header.jpg\" alt=\"\" title=\"Casa Imago\" width=\"600\" height=\"280\" class=\"alignnone size-full wp-image-1428\" srcset=\"https:\/\/mde.org.co\/mde11\/wp-content\/uploads\/sites\/3\/2011\/07\/CasaImago_header.jpg 600w, https:\/\/mde.org.co\/mde11\/wp-content\/uploads\/sites\/3\/2011\/07\/CasaImago_header-300x140.jpg 300w\" sizes=\"auto, (max-width: 600px) 100vw, 600px\" \/><\/p>\n<p>Casa Imago es un espacio para el pensamiento creativo contempor\u00e1neo dedicado al est\u00edmulo, la promoci\u00f3n y la creaci\u00f3n. En sus instalaciones cuenta con sala de exposiciones, centro de documentaci\u00f3n de artes y fotograf\u00eda, publicaciones y el centro acad\u00e9mico para las artes y las disciplinas human\u00edsticas.<\/p>\n<p><strong>Durante el MDE11 acoger\u00e1 2 proyectos. El primero ser\u00e1 L\u2019Appartment 22<\/strong>, dirigido por el curador marroqu\u00ed Abdellah Karroum, quien trabajar\u00e1 en compa\u00f1\u00eda del tambi\u00e9n curador Juan Gait\u00e1n. Su trabajo estar\u00e1 alrededor del acompa\u00f1amiento y la difusi\u00f3n en la web de los trabajos de un grupo selecto de artistas locales que producen formas de arte relacionadas con entornos electr\u00f3nicos y la radio.<\/p>\n<p><strong>El espacio tambi\u00e9n ser\u00e1 anfitri\u00f3n del colectivo LaMutante, el cual desarrollar\u00e1 un conjunto de actividades participativas.<\/strong> Los resultados de los trabajos y de la participaci\u00f3n que se genere con el p\u00fablico, se exhibir\u00e1 en la sala de exposiciones de Casa Imago.<\/p>\n<p><strong>Sitio web<\/strong><br \/>\n<a href=\"http:\/\/casaimago.blogspot.com\/\">casaimago.blogspot.com<\/a><\/p>\n<p><strong>Contacto<\/strong><br \/>\n<a href=\"mailto:casaimago@gmail.com\">casaimago@gmail.com<\/a><br \/>\nCalle 52 # 43 \u2013 84, edificio Playa Horizontal<br \/>\nTel\u00e9fono: (57+4) 511 49 31<\/p>\n<p><small>Ver <a style=\"color: #0000ff;text-align: left\" href=\"http:\/\/www.google.com\/maps\/ms?msa=0&amp;msid=215913375414245854074.0004a93cbeefee49338d6&amp;ie=UTF8&amp;ll=6.249584,-75.565274&amp;spn=0.004266,0.010707&amp;z=16&amp;source=embed\">Lugares MDE11<\/a> en un mapa m\u00e1s grande<\/small><\/p>","protected":false},"excerpt":{"rendered":"<p>Casa Imago es un espacio para el pensamiento creativo contempor\u00e1neo dedicado al est\u00edmulo, la promoci\u00f3n y la creaci\u00f3n. En sus instalaciones cuenta con sala de exposiciones, centro de documentaci\u00f3n de artes y fotograf\u00eda, publicaciones y el centro acad\u00e9mico para las artes y las disciplinas human\u00edsticas. Durante el MDE11 acoger\u00e1 2 proyectos. El primero ser\u00e1 L\u2019Appartment 22, dirigido por el curador marroqu\u00ed Abdellah Karroum, quien trabajar\u00e1 en compa\u00f1\u00eda del tambi\u00e9n curador Juan Gait\u00e1n. Su trabajo estar\u00e1 alrededor del acompa\u00f1amiento y la difusi\u00f3n en la web de los trabajos de un grupo selecto de artistas locales que producen formas de arte relacionadas con entornos electr\u00f3nicos y la radio. El espacio tambi\u00e9n ser\u00e1 anfitri\u00f3n del colectivo LaMutante, el cual desarrollar\u00e1 un conjunto de actividades participativas. Los resultados de los trabajos y de la participaci\u00f3n que se genere con el p\u00fablico, se exhibir\u00e1 en la sala de exposiciones de Casa Imago. Sitio web casaimago.blogspot.com Contacto casaimago@gmail.com Calle 52 # 43 \u2013 84, edificio Playa Horizontal Tel\u00e9fono: (57+4) 511 49 31 Ver Lugares MDE11 en un mapa m\u00e1s grande<\/p>\n","protected":false},"author":1,"featured_media":0,"parent":11,"menu_order":0,"comment_status":"closed","ping_status":"closed","template":"","meta":{"footnotes":""},"categories":[5],"class_list":["post-300","page","type-page","status-publish","hentry","category-laboratorio"],"_links":{"self":[{"href":"https:\/\/mde.org.co\/mde11\/es\/wp-json\/wp\/v2\/pages\/300","targetHints":{"allow":["GET"]}}],"collection":[{"href":"https:\/\/mde.org.co\/mde11\/es\/wp-json\/wp\/v2\/pages"}],"about":[{"href":"https:\/\/mde.org.co\/mde11\/es\/wp-json\/wp\/v2\/types\/page"}],"author":[{"embeddable":true,"href":"https:\/\/mde.org.co\/mde11\/es\/wp-json\/wp\/v2\/users\/1"}],"replies":[{"embeddable":true,"href":"https:\/\/mde.org.co\/mde11\/es\/wp-json\/wp\/v2\/comments?post=300"}],"version-history":[{"count":0,"href":"https:\/\/mde.org.co\/mde11\/es\/wp-json\/wp\/v2\/pages\/300\/revisions"}],"up":[{"embeddable":true,"href":"https:\/\/mde.org.co\/mde11\/es\/wp-json\/wp\/v2\/pages\/11"}],"wp:attachment":[{"href":"https:\/\/mde.org.co\/mde11\/es\/wp-json\/wp\/v2\/media?parent=300"}],"wp:term":[{"taxonomy":"category","embeddable":true,"href":"https:\/\/mde.org.co\/mde11\/es\/wp-json\/wp\/v2\/categories?post=300"}],"curies":[{"name":"wp","href":"https:\/\/api.w.org\/{rel}","templated":true}]}}