{"id":295,"date":"2011-07-29T19:03:12","date_gmt":"2011-07-30T00:03:12","guid":{"rendered":"http:\/\/mde.org.co\/mde11\/wordpress\/?page_id=295"},"modified":"2011-07-29T19:03:12","modified_gmt":"2011-07-30T00:03:12","slug":"casa-tres-patios","status":"publish","type":"page","link":"https:\/\/mde.org.co\/mde11\/es\/lugares\/casa-tres-patios\/","title":{"rendered":"Casa Tres Patios"},"content":{"rendered":"<p><img loading=\"lazy\" decoding=\"async\" src=\"https:\/\/mde.org.co\/mde11\/wp-content\/uploads\/sites\/3\/2011\/07\/Casa3Patios_header.jpg\" alt=\"\" title=\"Casa Tres Patios\" width=\"600\" height=\"280\" class=\"alignnone size-full wp-image-1430\" srcset=\"https:\/\/mde.org.co\/mde11\/wp-content\/uploads\/sites\/3\/2011\/07\/Casa3Patios_header.jpg 600w, https:\/\/mde.org.co\/mde11\/wp-content\/uploads\/sites\/3\/2011\/07\/Casa3Patios_header-300x140.jpg 300w\" sizes=\"auto, (max-width: 600px) 100vw, 600px\" \/><\/p>\n<p>Casa Tres Patios (C3P) es una fundaci\u00f3n sin \u00e1nimo de lucro que sirve de plataforma para las pr\u00e1cticas art\u00edsticas contempor\u00e1neas y fomenta el intercambio cultural, interdisciplinario y de pensamiento cr\u00edtico.<\/p>\n<p><strong>Durante el MDE11 recibir\u00e1 a los integrantes de los colectivos Antimuseo, Tom\u00e1s Ruiz-Rivas, Mar\u00eda Mar\u00eda, y San Art, que tendr\u00e1 a Dinh Q Le como representante con el proyecto \u2018Los signos y se\u00f1ales de la periferia\u2019. <\/strong><\/p>\n<p>El Antimuseo de Arte Contempor\u00e1neo realizar\u00e1 la propuesta \u2018Centro Port\u00e1til de Arte Contempor\u00e1neo\u2019, que consiste en un taller en el que estar\u00e1n involucrados distintos artistas y agentes culturales o sociales de Medell\u00edn.<\/p>\n<p><strong>Sitio web<\/strong><br \/>\n<a href=\"http:\/\/www.casatrespatios.org\" target=\"_blank\">www.casatrespatios.org<\/a><\/p>\n<p><strong>Contacto<\/strong><br \/>\nCarrera 50A # 63 \u2013 31, barrio Prado Centro<br \/>\nTel\u00e9fono: (57+4) 571 77 98<\/p>\n<p><small>Ver <a style=\"color: #0000ff;text-align: left\" href=\"http:\/\/www.google.com\/maps\/ms?msa=0&amp;msid=215913375414245854074.0004a93cbeefee49338d6&amp;ie=UTF8&amp;ll=6.261188,-75.566068&amp;spn=0.004266,0.010707&amp;z=16&amp;source=embed\">Lugares MDE11<\/a> en un mapa m\u00e1s grande<\/small><\/p>","protected":false},"excerpt":{"rendered":"<p>Casa Tres Patios (C3P) es una fundaci\u00f3n sin \u00e1nimo de lucro que sirve de plataforma para las pr\u00e1cticas art\u00edsticas contempor\u00e1neas y fomenta el intercambio cultural, interdisciplinario y de pensamiento cr\u00edtico. Durante el MDE11 recibir\u00e1 a los integrantes de los colectivos Antimuseo, Tom\u00e1s Ruiz-Rivas, Mar\u00eda Mar\u00eda, y San Art, que tendr\u00e1 a Dinh Q Le como representante con el proyecto \u2018Los signos y se\u00f1ales de la periferia\u2019. El Antimuseo de Arte Contempor\u00e1neo realizar\u00e1 la propuesta \u2018Centro Port\u00e1til de Arte Contempor\u00e1neo\u2019, que consiste en un taller en el que estar\u00e1n involucrados distintos artistas y agentes culturales o sociales de Medell\u00edn. Sitio web www.casatrespatios.org Contacto Carrera 50A # 63 \u2013 31, barrio Prado Centro Tel\u00e9fono: (57+4) 571 77 98 Ver Lugares MDE11 en un mapa m\u00e1s grande<\/p>\n","protected":false},"author":1,"featured_media":0,"parent":11,"menu_order":0,"comment_status":"closed","ping_status":"closed","template":"","meta":{"footnotes":""},"categories":[5],"class_list":["post-295","page","type-page","status-publish","hentry","category-laboratorio"],"_links":{"self":[{"href":"https:\/\/mde.org.co\/mde11\/es\/wp-json\/wp\/v2\/pages\/295","targetHints":{"allow":["GET"]}}],"collection":[{"href":"https:\/\/mde.org.co\/mde11\/es\/wp-json\/wp\/v2\/pages"}],"about":[{"href":"https:\/\/mde.org.co\/mde11\/es\/wp-json\/wp\/v2\/types\/page"}],"author":[{"embeddable":true,"href":"https:\/\/mde.org.co\/mde11\/es\/wp-json\/wp\/v2\/users\/1"}],"replies":[{"embeddable":true,"href":"https:\/\/mde.org.co\/mde11\/es\/wp-json\/wp\/v2\/comments?post=295"}],"version-history":[{"count":0,"href":"https:\/\/mde.org.co\/mde11\/es\/wp-json\/wp\/v2\/pages\/295\/revisions"}],"up":[{"embeddable":true,"href":"https:\/\/mde.org.co\/mde11\/es\/wp-json\/wp\/v2\/pages\/11"}],"wp:attachment":[{"href":"https:\/\/mde.org.co\/mde11\/es\/wp-json\/wp\/v2\/media?parent=295"}],"wp:term":[{"taxonomy":"category","embeddable":true,"href":"https:\/\/mde.org.co\/mde11\/es\/wp-json\/wp\/v2\/categories?post=295"}],"curies":[{"name":"wp","href":"https:\/\/api.w.org\/{rel}","templated":true}]}}