{"id":2792,"date":"2011-09-19T18:56:59","date_gmt":"2011-09-19T23:56:59","guid":{"rendered":"http:\/\/mde.org.co\/mde11\/?page_id=2792"},"modified":"2011-09-19T18:56:59","modified_gmt":"2011-09-19T23:56:59","slug":"juan-david-henao-grisales","status":"publish","type":"page","link":"https:\/\/mde.org.co\/mde11\/es\/estudio\/taller-construccion\/juan-david-henao-grisales\/","title":{"rendered":"Juan David Henao Grisales"},"content":{"rendered":"<p><img loading=\"lazy\" decoding=\"async\" class=\"aligncenter size-full wp-image-2793\" title=\"Juan David Henao\" src=\"https:\/\/mde.org.co\/mde11\/wp-content\/uploads\/sites\/3\/2011\/09\/Juan-David-Henao.jpg\" alt=\"\" width=\"600\" height=\"280\" srcset=\"https:\/\/mde.org.co\/mde11\/wp-content\/uploads\/sites\/3\/2011\/09\/Juan-David-Henao.jpg 600w, https:\/\/mde.org.co\/mde11\/wp-content\/uploads\/sites\/3\/2011\/09\/Juan-David-Henao-300x140.jpg 300w\" sizes=\"auto, (max-width: 600px) 100vw, 600px\" \/><\/p>\n<p>Naci\u00f3 en Medell\u00edn (1987). Estudia en la Fundaci\u00f3n Universitaria Bellas Artes y trabaja en el Museo de Arte Moderno de Medell\u00edn (Mamm) como mediador en educaci\u00f3n.<\/p>\n<p>Considera que su trabajo art\u00edstico se ha construido a partir de las condiciones culturales y las influencias dadas por los procesos de la colonia europea en Latinoam\u00e9rica.<\/p>\n<p>Ha participado en exposiciones colectivas como: Sal\u00f3n Departamental de Artes Visuales, Palacio de la Cultura Rafael Uribe Uribe (Medell\u00edn); XIV Sal\u00f3n de Estudiantes Fuba, Fundaci\u00f3n Universitaria Bellas Artes, (Medell\u00edn); \u2018Pr\u00f3tesis\u2019, C\u00e1mara de Comercio de Bello, (Bello); \u2018Acad\u00e9mica 09\u2019, Mamm (Medell\u00edn); \u2018Bienal de Comfenalco\u2019, Comfenalco (Medell\u00edn) y \u2018Amnist\u00eda\u2019, Mamm.<\/p>\n<p>&nbsp;<\/p>\n<h2>Participaci\u00f3n en el Taller de construcci\u00f3n del MDE11<\/h2>\n<p>La propuesta consiste en una intervenci\u00f3n desde la escultura a partir del estudio y las reflexiones sobre el estado actual de Latinoam\u00e9rica, evidenciando las marcas que producen los fen\u00f3menos de aculturaci\u00f3n, transculturaci\u00f3n e hibridaci\u00f3n cultural desde los procesos de colonizaci\u00f3n.<\/p>\n<p>El proyecto se aborda desde la concepci\u00f3n de h\u00edbrido como la uni\u00f3n de 2 especies de diferentes naturalezas. En este caso, la uni\u00f3n de 2 culturas que dan como resultado una tercera, la generaci\u00f3n de una nueva que a trav\u00e9s del tiempo va dejando atr\u00e1s su procedencia.<\/p>\n<p>La escultura es una columna hecha con recipientes cer\u00e1micos que van apilados uno sobre otro. Dichos objetos proceden de distintas naturalezas. Una base que proviene del estilo de la cer\u00e1mica precolombina y los otros de la cer\u00e1mica europea, se instauran a partir del proceso de colonizaci\u00f3n en Latinoam\u00e9rica.<\/p>","protected":false},"excerpt":{"rendered":"<p>Naci\u00f3 en Medell\u00edn (1987). Estudia en la Fundaci\u00f3n Universitaria Bellas Artes y trabaja en el Museo de Arte Moderno de Medell\u00edn (Mamm) como mediador en educaci\u00f3n. Considera que su trabajo art\u00edstico se ha construido a partir de las condiciones culturales y las influencias dadas por los procesos de la colonia europea en Latinoam\u00e9rica. Ha participado en exposiciones colectivas como: Sal\u00f3n Departamental de Artes Visuales, Palacio de la Cultura Rafael Uribe Uribe (Medell\u00edn); XIV Sal\u00f3n de Estudiantes Fuba, Fundaci\u00f3n Universitaria Bellas Artes, (Medell\u00edn); \u2018Pr\u00f3tesis\u2019, C\u00e1mara de Comercio de Bello, (Bello); \u2018Acad\u00e9mica 09\u2019, Mamm (Medell\u00edn); \u2018Bienal de Comfenalco\u2019, Comfenalco (Medell\u00edn) y \u2018Amnist\u00eda\u2019, Mamm. &nbsp; Participaci\u00f3n en el Taller de construcci\u00f3n del MDE11 La propuesta consiste en una intervenci\u00f3n desde la escultura a partir del estudio y las reflexiones sobre el estado actual de Latinoam\u00e9rica, evidenciando las marcas que producen los fen\u00f3menos de aculturaci\u00f3n, transculturaci\u00f3n e hibridaci\u00f3n cultural desde los procesos de colonizaci\u00f3n. El proyecto se aborda desde la concepci\u00f3n de h\u00edbrido como la uni\u00f3n de 2 especies de diferentes naturalezas. En este caso, la uni\u00f3n de 2 culturas que dan como resultado una tercera, la generaci\u00f3n de una nueva que a trav\u00e9s del tiempo va dejando atr\u00e1s su procedencia. La escultura es una columna hecha con recipientes cer\u00e1micos que van apilados uno sobre otro. Dichos objetos proceden de distintas naturalezas. Una base que proviene del estilo de la cer\u00e1mica precolombina y los otros de la cer\u00e1mica europea, se instauran a partir del proceso de colonizaci\u00f3n en Latinoam\u00e9rica.<\/p>\n","protected":false},"author":1,"featured_media":0,"parent":49,"menu_order":0,"comment_status":"open","ping_status":"open","template":"","meta":{"footnotes":""},"categories":[3],"class_list":["post-2792","page","type-page","status-publish","hentry","category-estudio"],"_links":{"self":[{"href":"https:\/\/mde.org.co\/mde11\/es\/wp-json\/wp\/v2\/pages\/2792","targetHints":{"allow":["GET"]}}],"collection":[{"href":"https:\/\/mde.org.co\/mde11\/es\/wp-json\/wp\/v2\/pages"}],"about":[{"href":"https:\/\/mde.org.co\/mde11\/es\/wp-json\/wp\/v2\/types\/page"}],"author":[{"embeddable":true,"href":"https:\/\/mde.org.co\/mde11\/es\/wp-json\/wp\/v2\/users\/1"}],"replies":[{"embeddable":true,"href":"https:\/\/mde.org.co\/mde11\/es\/wp-json\/wp\/v2\/comments?post=2792"}],"version-history":[{"count":0,"href":"https:\/\/mde.org.co\/mde11\/es\/wp-json\/wp\/v2\/pages\/2792\/revisions"}],"up":[{"embeddable":true,"href":"https:\/\/mde.org.co\/mde11\/es\/wp-json\/wp\/v2\/pages\/49"}],"wp:attachment":[{"href":"https:\/\/mde.org.co\/mde11\/es\/wp-json\/wp\/v2\/media?parent=2792"}],"wp:term":[{"taxonomy":"category","embeddable":true,"href":"https:\/\/mde.org.co\/mde11\/es\/wp-json\/wp\/v2\/categories?post=2792"}],"curies":[{"name":"wp","href":"https:\/\/api.w.org\/{rel}","templated":true}]}}