{"id":2787,"date":"2011-09-19T18:53:20","date_gmt":"2011-09-19T23:53:20","guid":{"rendered":"http:\/\/mde.org.co\/mde11\/?page_id=2787"},"modified":"2011-09-19T18:53:20","modified_gmt":"2011-09-19T23:53:20","slug":"juan-camilo-londono-manco","status":"publish","type":"page","link":"https:\/\/mde.org.co\/mde11\/es\/estudio\/taller-construccion\/juan-camilo-londono-manco\/","title":{"rendered":"Juan Camilo Londo\u00f1o Manco"},"content":{"rendered":"<p><img loading=\"lazy\" decoding=\"async\" class=\"aligncenter size-full wp-image-2788\" title=\"Juan Camilo Londo\u00f1o Manco\" src=\"https:\/\/mde.org.co\/mde11\/wordpress\/wp-content\/uploads\/2011\/09\/Juan-Camilo-Londo%C3%B1o.jpg\" alt=\"\" width=\"600\" height=\"280\" \/><\/p>\n<p>Naci\u00f3 en Medell\u00edn (Colombia) en 1990, ciudad en la que vive y llev\u00f3 a cabo sus estudios de Artes Pl\u00e1sticas en la Universidad de Antioquia.<\/p>\n<p>En 2011 realiz\u00f3 una exposici\u00f3n individual en la Casa de la Cultura Los Alc\u00e1zares y ha participado en exposiciones colectivas como: \u2018Entre l\u00edneas\u2019, C\u00e1mara de Comercio de Medell\u00edn para Antioquia; \u2018Confluencias\u2019, D\u00e9cima Bienal de Arte de Bogot\u00e1; y en el XIII Sal\u00f3n Regional de Artistas Zona Centro-Occidente, como parte del colectivo Leng\u00fcita Producciones. Tambi\u00e9n ha participado de otros eventos en la ciudad: \u2018Ex_taci\u00f3n canal\u2019, Taller Sitio, y el Tercer Festival de Performance de Medell\u00edn, en el que gan\u00f3 menci\u00f3n de honor.<\/p>\n<p>&nbsp;<\/p>\n<h2>Participaci\u00f3n en el Taller de construcci\u00f3n del MDE11<\/h2>\n<p>Juan Camilo realiza una <strong>obra de intervenci\u00f3n en el espacio p\u00fablico que indaga las percepciones de la gente sobre la ciudad de Medell\u00edn,<\/strong> espec\u00edficamente sobre los espacios indeseados en el imaginario colectivo.<\/p>\n<p>\u201cLos lugares que no deseamos ver en la ciudad son por lo general aquellos no controlados por el poder institucional\u201d, dice al referirse a los espacios que despiertan sensaciones como inseguridad, ilegalidad o fealdad.<strong> \u201cTodo aquello que va en contrav\u00eda de la ciudad ideal que se ha tratado siempre de mostrar, una ciudad que prefiere invisibilizar lo inaceptado\u201d.<\/strong><\/p>\n<p>La obra pregunta a las personas qu\u00e9 espacio de la ciudad les genera verg\u00fcenza, para luego fotografiarlo. Posteriormente, las fotograf\u00edas circulan en un carro de publicidad con pantalla gigante \u201cpublicitando lo indeseado\u201d.<\/p>","protected":false},"excerpt":{"rendered":"<p>Naci\u00f3 en Medell\u00edn (Colombia) en 1990, ciudad en la que vive y llev\u00f3 a cabo sus estudios de Artes Pl\u00e1sticas en la Universidad de Antioquia. En 2011 realiz\u00f3 una exposici\u00f3n individual en la Casa de la Cultura Los Alc\u00e1zares y ha participado en exposiciones colectivas como: \u2018Entre l\u00edneas\u2019, C\u00e1mara de Comercio de Medell\u00edn para Antioquia; \u2018Confluencias\u2019, D\u00e9cima Bienal de Arte de Bogot\u00e1; y en el XIII Sal\u00f3n Regional de Artistas Zona Centro-Occidente, como parte del colectivo Leng\u00fcita Producciones. Tambi\u00e9n ha participado de otros eventos en la ciudad: \u2018Ex_taci\u00f3n canal\u2019, Taller Sitio, y el Tercer Festival de Performance de Medell\u00edn, en el que gan\u00f3 menci\u00f3n de honor. &nbsp; Participaci\u00f3n en el Taller de construcci\u00f3n del MDE11 Juan Camilo realiza una obra de intervenci\u00f3n en el espacio p\u00fablico que indaga las percepciones de la gente sobre la ciudad de Medell\u00edn, espec\u00edficamente sobre los espacios indeseados en el imaginario colectivo. \u201cLos lugares que no deseamos ver en la ciudad son por lo general aquellos no controlados por el poder institucional\u201d, dice al referirse a los espacios que despiertan sensaciones como inseguridad, ilegalidad o fealdad. \u201cTodo aquello que va en contrav\u00eda de la ciudad ideal que se ha tratado siempre de mostrar, una ciudad que prefiere invisibilizar lo inaceptado\u201d. La obra pregunta a las personas qu\u00e9 espacio de la ciudad les genera verg\u00fcenza, para luego fotografiarlo. Posteriormente, las fotograf\u00edas circulan en un carro de publicidad con pantalla gigante \u201cpublicitando lo indeseado\u201d.<\/p>\n","protected":false},"author":1,"featured_media":0,"parent":49,"menu_order":0,"comment_status":"open","ping_status":"open","template":"","meta":{"footnotes":""},"categories":[3],"class_list":["post-2787","page","type-page","status-publish","hentry","category-estudio"],"_links":{"self":[{"href":"https:\/\/mde.org.co\/mde11\/es\/wp-json\/wp\/v2\/pages\/2787","targetHints":{"allow":["GET"]}}],"collection":[{"href":"https:\/\/mde.org.co\/mde11\/es\/wp-json\/wp\/v2\/pages"}],"about":[{"href":"https:\/\/mde.org.co\/mde11\/es\/wp-json\/wp\/v2\/types\/page"}],"author":[{"embeddable":true,"href":"https:\/\/mde.org.co\/mde11\/es\/wp-json\/wp\/v2\/users\/1"}],"replies":[{"embeddable":true,"href":"https:\/\/mde.org.co\/mde11\/es\/wp-json\/wp\/v2\/comments?post=2787"}],"version-history":[{"count":0,"href":"https:\/\/mde.org.co\/mde11\/es\/wp-json\/wp\/v2\/pages\/2787\/revisions"}],"up":[{"embeddable":true,"href":"https:\/\/mde.org.co\/mde11\/es\/wp-json\/wp\/v2\/pages\/49"}],"wp:attachment":[{"href":"https:\/\/mde.org.co\/mde11\/es\/wp-json\/wp\/v2\/media?parent=2787"}],"wp:term":[{"taxonomy":"category","embeddable":true,"href":"https:\/\/mde.org.co\/mde11\/es\/wp-json\/wp\/v2\/categories?post=2787"}],"curies":[{"name":"wp","href":"https:\/\/api.w.org\/{rel}","templated":true}]}}