{"id":2782,"date":"2011-09-19T18:49:56","date_gmt":"2011-09-19T23:49:56","guid":{"rendered":"http:\/\/mde.org.co\/mde11\/?page_id=2782"},"modified":"2011-09-19T18:49:56","modified_gmt":"2011-09-19T23:49:56","slug":"jorge-andres-marin-vasquez","status":"publish","type":"page","link":"https:\/\/mde.org.co\/mde11\/es\/estudio\/taller-construccion\/jorge-andres-marin-vasquez\/","title":{"rendered":"Jorge Andr\u00e9s Mar\u00edn V\u00e1squez"},"content":{"rendered":"<p><img loading=\"lazy\" decoding=\"async\" class=\"aligncenter size-full wp-image-2783\" title=\"Jorge Andr\u00e9s Mar\u00edn\" src=\"https:\/\/mde.org.co\/mde11\/wordpress\/wp-content\/uploads\/2011\/09\/Jorge-Andr%C3%A9s-Mar%C3%ADn.jpg\" alt=\"\" width=\"600\" height=\"280\" \/><\/p>\n<p>Naci\u00f3 en 1986 en Ciudad Bol\u00edvar, Antioquia (Colombia). Vive actualmente en Medell\u00edn, donde cursa el octavo semestre del pregrado Maestro en Artes Pl\u00e1sticas de la Universidad de Antioquia. Es T\u00e9cnico en Dise\u00f1o Gr\u00e1fico Digital del Cesde (2006).<\/p>\n<p>Es miembro del grupo de investigaci\u00f3n Hipertr\u00f3pico, de la Facultad de Artes de la Universidad de Antioquia, y monitor del \u00e1rea de fotograf\u00eda de la misma facultad desde el a\u00f1o 2009. Ha colaborado en proyectos como \u2018Inmersos en Antioquia\u2019, del artista Miler Lagos, quien fue becario del encuentro MDE07;<strong> hizo parte del proyecto \u2018Urban Sensorian Medell\u00edn 2010\u2019, del artista Alejandro James Larrarte, dentro del marco expositivo C\u00f3digo Abierto del Museo Universitario de la Universidad de Antioquia (Muua).<\/strong><\/p>\n<p>Exposiciones colectivas en las que ha participado: Primera Muestra Colectiva de Grabado, Museo el Castillo (Medell\u00edn); Segunda Muestra Colectiva de Grabado \u2018Nuevos nombres\u2019, Museo el Castillo (Medell\u00edn); \u2018Ecolog\u00edas digitales\u2019, Muua (Medell\u00edn); Noveno Sal\u00f3n Nacional de Arte Diversidad, Galer\u00eda Casa Cuadrada (Bogot\u00e1); y Primer Concurso Nacional de Dibujo Universitario Faber-Castell, Museo de Arte Contempor\u00e1neo (Bogot\u00e1).<\/p>\n<p>&nbsp;<\/p>\n<h2>Participaci\u00f3n en el Taller de construcci\u00f3n del MDE11<\/h2>\n<p>Elaborar una publicaci\u00f3n editorial especializada en artes visuales, basada en la tem\u00e1tica de la ense\u00f1anza y el aprendizaje del arte, es su propuesta. <strong>Busca que los textos publicados generen diferentes reflexiones y opiniones en torno al papel del arte en el p\u00fablico y la figura del artista, permitiendo que los lectores comprendan con m\u00e1s facilidad las pr\u00e1cticas art\u00edsticas contempor\u00e1neas.<\/strong><\/p>\n<p>La publicaci\u00f3n se presenta de 2 formas al p\u00fablico: mediante el montaje expositivo del facs\u00edmil de prueba y mediante un corto tiraje que se distribuye entre el p\u00fablico asistente a la muestra<\/p>","protected":false},"excerpt":{"rendered":"<p>Naci\u00f3 en 1986 en Ciudad Bol\u00edvar, Antioquia (Colombia). Vive actualmente en Medell\u00edn, donde cursa el octavo semestre del pregrado Maestro en Artes Pl\u00e1sticas de la Universidad de Antioquia. Es T\u00e9cnico en Dise\u00f1o Gr\u00e1fico Digital del Cesde (2006). Es miembro del grupo de investigaci\u00f3n Hipertr\u00f3pico, de la Facultad de Artes de la Universidad de Antioquia, y monitor del \u00e1rea de fotograf\u00eda de la misma facultad desde el a\u00f1o 2009. Ha colaborado en proyectos como \u2018Inmersos en Antioquia\u2019, del artista Miler Lagos, quien fue becario del encuentro MDE07; hizo parte del proyecto \u2018Urban Sensorian Medell\u00edn 2010\u2019, del artista Alejandro James Larrarte, dentro del marco expositivo C\u00f3digo Abierto del Museo Universitario de la Universidad de Antioquia (Muua). Exposiciones colectivas en las que ha participado: Primera Muestra Colectiva de Grabado, Museo el Castillo (Medell\u00edn); Segunda Muestra Colectiva de Grabado \u2018Nuevos nombres\u2019, Museo el Castillo (Medell\u00edn); \u2018Ecolog\u00edas digitales\u2019, Muua (Medell\u00edn); Noveno Sal\u00f3n Nacional de Arte Diversidad, Galer\u00eda Casa Cuadrada (Bogot\u00e1); y Primer Concurso Nacional de Dibujo Universitario Faber-Castell, Museo de Arte Contempor\u00e1neo (Bogot\u00e1). &nbsp; Participaci\u00f3n en el Taller de construcci\u00f3n del MDE11 Elaborar una publicaci\u00f3n editorial especializada en artes visuales, basada en la tem\u00e1tica de la ense\u00f1anza y el aprendizaje del arte, es su propuesta. Busca que los textos publicados generen diferentes reflexiones y opiniones en torno al papel del arte en el p\u00fablico y la figura del artista, permitiendo que los lectores comprendan con m\u00e1s facilidad las pr\u00e1cticas art\u00edsticas contempor\u00e1neas. La publicaci\u00f3n se presenta de 2 formas al p\u00fablico: mediante el montaje expositivo del facs\u00edmil de prueba y mediante un corto tiraje que se distribuye entre el p\u00fablico asistente a la muestra<\/p>\n","protected":false},"author":1,"featured_media":0,"parent":49,"menu_order":0,"comment_status":"open","ping_status":"open","template":"","meta":{"footnotes":""},"categories":[3],"class_list":["post-2782","page","type-page","status-publish","hentry","category-estudio"],"_links":{"self":[{"href":"https:\/\/mde.org.co\/mde11\/es\/wp-json\/wp\/v2\/pages\/2782","targetHints":{"allow":["GET"]}}],"collection":[{"href":"https:\/\/mde.org.co\/mde11\/es\/wp-json\/wp\/v2\/pages"}],"about":[{"href":"https:\/\/mde.org.co\/mde11\/es\/wp-json\/wp\/v2\/types\/page"}],"author":[{"embeddable":true,"href":"https:\/\/mde.org.co\/mde11\/es\/wp-json\/wp\/v2\/users\/1"}],"replies":[{"embeddable":true,"href":"https:\/\/mde.org.co\/mde11\/es\/wp-json\/wp\/v2\/comments?post=2782"}],"version-history":[{"count":0,"href":"https:\/\/mde.org.co\/mde11\/es\/wp-json\/wp\/v2\/pages\/2782\/revisions"}],"up":[{"embeddable":true,"href":"https:\/\/mde.org.co\/mde11\/es\/wp-json\/wp\/v2\/pages\/49"}],"wp:attachment":[{"href":"https:\/\/mde.org.co\/mde11\/es\/wp-json\/wp\/v2\/media?parent=2782"}],"wp:term":[{"taxonomy":"category","embeddable":true,"href":"https:\/\/mde.org.co\/mde11\/es\/wp-json\/wp\/v2\/categories?post=2782"}],"curies":[{"name":"wp","href":"https:\/\/api.w.org\/{rel}","templated":true}]}}