{"id":2776,"date":"2011-09-19T18:45:02","date_gmt":"2011-09-19T23:45:02","guid":{"rendered":"http:\/\/mde.org.co\/mde11\/?page_id=2776"},"modified":"2011-09-19T18:45:02","modified_gmt":"2011-09-19T23:45:02","slug":"daniel-rua","status":"publish","type":"page","link":"https:\/\/mde.org.co\/mde11\/es\/estudio\/taller-construccion\/daniel-rua\/","title":{"rendered":"Daniel R\u00faa"},"content":{"rendered":"<p><img loading=\"lazy\" decoding=\"async\" class=\"aligncenter size-full wp-image-2777\" title=\"Daniel R\u00faa\" src=\"https:\/\/mde.org.co\/mde11\/wordpress\/wp-content\/uploads\/2011\/09\/Daniel-R%C3%BAa.jpg\" alt=\"\" width=\"600\" height=\"280\" \/><\/p>\n<p>Naci\u00f3 en Medell\u00edn (Colombia) en 1988. Es Chef de Cocina de la Escuela Gastron\u00f3mica de Antioquia (Esgant, 2007) y cursa en la actualidad el pregrado Maestro en Artes Visuales en la Universidad de Antioquia.<\/p>\n<p><strong>Tiene especial inter\u00e9s en la epistemolog\u00eda de las ciencias y la est\u00e9tica,<\/strong> lo que le permite realizar una conjugaci\u00f3n entre la ciencia y el arte.<\/p>\n<p>&nbsp;<\/p>\n<h2>Participaci\u00f3n en el Taller de construcci\u00f3n del MDE11<\/h2>\n<p>Su proyecto se titula \u2018Base de sustentaci\u00f3n\u2019. A trav\u00e9s de \u00e9l busca <strong>evidenciar c\u00f3mo los procesos sistem\u00e1ticos del pensamiento son los que gobiernan el c\u00f3mo y las causas por las cuales nos acercamos al conocimiento.<\/strong> \u201cEl proceso cognitivo, y por lo tanto de raciocinio humano, son regidos por una sistematizaci\u00f3n del pensamiento, que nos permite conocer y aprehender el mundo\u201d, dice.<\/p>\n<p>A los procesos de sistematizaci\u00f3n del pensamiento \u2018endebles\u2019 dirige su propuesta: aquellos cuyos cimientos cognitivos no tienen la suficiente fuerza para mantenerse en pie y que son susceptibles de m\u00faltiples cambios en su haber cognoscente.<\/p>\n<p>Este trabajo hace alusi\u00f3n al equilibrio que existe en la levitaci\u00f3n magn\u00e9tica que ejerce un im\u00e1n sobre un objeto en reposo. <strong>Si el equilibrio se perturba, el sistema deja de funcionar correctamente, al igual que con los procesos de sistematizaci\u00f3n del pensamiento \u2018endebles\u2019,<\/strong> donde cualquier anomal\u00eda en el proceso de \u201cconocer\u201d desestabiliza y obstaculiza el debido funcionamiento en el sistema.<\/p>","protected":false},"excerpt":{"rendered":"<p>Naci\u00f3 en Medell\u00edn (Colombia) en 1988. Es Chef de Cocina de la Escuela Gastron\u00f3mica de Antioquia (Esgant, 2007) y cursa en la actualidad el pregrado Maestro en Artes Visuales en la Universidad de Antioquia. Tiene especial inter\u00e9s en la epistemolog\u00eda de las ciencias y la est\u00e9tica, lo que le permite realizar una conjugaci\u00f3n entre la ciencia y el arte. &nbsp; Participaci\u00f3n en el Taller de construcci\u00f3n del MDE11 Su proyecto se titula \u2018Base de sustentaci\u00f3n\u2019. A trav\u00e9s de \u00e9l busca evidenciar c\u00f3mo los procesos sistem\u00e1ticos del pensamiento son los que gobiernan el c\u00f3mo y las causas por las cuales nos acercamos al conocimiento. \u201cEl proceso cognitivo, y por lo tanto de raciocinio humano, son regidos por una sistematizaci\u00f3n del pensamiento, que nos permite conocer y aprehender el mundo\u201d, dice. A los procesos de sistematizaci\u00f3n del pensamiento \u2018endebles\u2019 dirige su propuesta: aquellos cuyos cimientos cognitivos no tienen la suficiente fuerza para mantenerse en pie y que son susceptibles de m\u00faltiples cambios en su haber cognoscente. Este trabajo hace alusi\u00f3n al equilibrio que existe en la levitaci\u00f3n magn\u00e9tica que ejerce un im\u00e1n sobre un objeto en reposo. Si el equilibrio se perturba, el sistema deja de funcionar correctamente, al igual que con los procesos de sistematizaci\u00f3n del pensamiento \u2018endebles\u2019, donde cualquier anomal\u00eda en el proceso de \u201cconocer\u201d desestabiliza y obstaculiza el debido funcionamiento en el sistema.<\/p>\n","protected":false},"author":1,"featured_media":0,"parent":49,"menu_order":0,"comment_status":"open","ping_status":"open","template":"","meta":{"footnotes":""},"categories":[3],"class_list":["post-2776","page","type-page","status-publish","hentry","category-estudio"],"_links":{"self":[{"href":"https:\/\/mde.org.co\/mde11\/es\/wp-json\/wp\/v2\/pages\/2776","targetHints":{"allow":["GET"]}}],"collection":[{"href":"https:\/\/mde.org.co\/mde11\/es\/wp-json\/wp\/v2\/pages"}],"about":[{"href":"https:\/\/mde.org.co\/mde11\/es\/wp-json\/wp\/v2\/types\/page"}],"author":[{"embeddable":true,"href":"https:\/\/mde.org.co\/mde11\/es\/wp-json\/wp\/v2\/users\/1"}],"replies":[{"embeddable":true,"href":"https:\/\/mde.org.co\/mde11\/es\/wp-json\/wp\/v2\/comments?post=2776"}],"version-history":[{"count":0,"href":"https:\/\/mde.org.co\/mde11\/es\/wp-json\/wp\/v2\/pages\/2776\/revisions"}],"up":[{"embeddable":true,"href":"https:\/\/mde.org.co\/mde11\/es\/wp-json\/wp\/v2\/pages\/49"}],"wp:attachment":[{"href":"https:\/\/mde.org.co\/mde11\/es\/wp-json\/wp\/v2\/media?parent=2776"}],"wp:term":[{"taxonomy":"category","embeddable":true,"href":"https:\/\/mde.org.co\/mde11\/es\/wp-json\/wp\/v2\/categories?post=2776"}],"curies":[{"name":"wp","href":"https:\/\/api.w.org\/{rel}","templated":true}]}}