{"id":2770,"date":"2011-09-19T18:39:21","date_gmt":"2011-09-19T23:39:21","guid":{"rendered":"http:\/\/mde.org.co\/mde11\/?page_id=2770"},"modified":"2011-09-19T18:39:21","modified_gmt":"2011-09-19T23:39:21","slug":"beatriz-johana-londono-florez-corto-plazo","status":"publish","type":"page","link":"https:\/\/mde.org.co\/mde11\/es\/estudio\/taller-construccion\/beatriz-johana-londono-florez-corto-plazo\/","title":{"rendered":"Beatriz Johana Londo\u00f1o Fl\u00f3rez (Corto Plazo)"},"content":{"rendered":"<p><img loading=\"lazy\" decoding=\"async\" class=\"aligncenter size-full wp-image-2771\" title=\"Corto Plazo\" src=\"https:\/\/mde.org.co\/mde11\/wp-content\/uploads\/sites\/3\/2011\/09\/Corto-Plazo.jpg\" alt=\"\" width=\"600\" height=\"280\" srcset=\"https:\/\/mde.org.co\/mde11\/wp-content\/uploads\/sites\/3\/2011\/09\/Corto-Plazo.jpg 600w, https:\/\/mde.org.co\/mde11\/wp-content\/uploads\/sites\/3\/2011\/09\/Corto-Plazo-300x140.jpg 300w\" sizes=\"auto, (max-width: 600px) 100vw, 600px\" \/><\/p>\n<p>Colectivo art\u00edstico experimental interesado en el acercamiento al video y la exploraci\u00f3n de medios mixtos que impliquen acci\u00f3n, movimiento, espacio y tiempo. Comenz\u00f3 sus actividades en julio de 2010 con la planeaci\u00f3n y ejecuci\u00f3n de intervenciones de corta duraci\u00f3n en la Fundaci\u00f3n Universitaria Bellas Artes.<\/p>\n<p><strong>Sof\u00eda Arcila, Beatriz Johana Londo\u00f1o y Mar\u00eda del Coral Miranda, sus integrantes, encuentran en la indagaci\u00f3n del fen\u00f3meno audiovisual, la virtualidad y el cuerpo un n\u00facleo com\u00fan para la creaci\u00f3n pl\u00e1stica,<\/strong> proponiendo el juego como estrategia para la articulaci\u00f3n del video, la instalaci\u00f3n y el performance en Medell\u00edn.<\/p>\n<p>&nbsp;<\/p>\n<h2>Participaci\u00f3n en el Taller de construcci\u00f3n del MDE11<\/h2>\n<p>Corto Plazo se presenta con el proyecto \u2018Webcam teatrino\u2019. Su objetivo es indagar las nociones de existencia aparente y realidad en los medios virtuales de comunicaci\u00f3n mediante la elaboraci\u00f3n de una situaci\u00f3n que perturba los roles habituales en un contexto espec\u00edfico: los chats en l\u00ednea.<\/p>\n<p>La acci\u00f3n se sit\u00faa en una instalaci\u00f3n accesible al usuario por medio de una c\u00e1mara web. 3 personajes habitan un espacio cerrado cargado de c\u00e1maras, luces, cables, posters y un peque\u00f1o teatrino. 2 marionetas asumen el rol de interlocutores, mientras un tercer personaje enmascarado se encarga de la utiler\u00eda y parafernalia del lugar.<\/p>\n<p><strong>\u201cTodos los que se sumergen en este artificio hiperreal, asumen el anonimato como medio para liberarse de prejuicios morales\u201d, proponen.<\/strong> \u201cAl mismo tiempo se exponen al espect\u00e1culo para satisfacer su necesidad primaria de ser reconocidos por el otro y descargar su pulsi\u00f3n exhibicionista y voyerista, transformando en realidad todo aquello que se est\u00e1 dispuesto a creer para conseguir dicho fin\u201d.<\/p>\n<p>El proyecto recopila el registro fotogr\u00e1fico y de video, junto con los elementos f\u00edsicos utilizados durante la acci\u00f3n.<\/p>\n<p><strong>Sitio web<\/strong><\/p>\n<p><a href=\"http:\/\/corto-plazo.blogspot.com\" target=\"_blank\">Corto-plazo.blogspot.com<\/a><\/p>\n<p><strong>Enlaces de inter\u00e9s<\/strong><\/p>\n<p><a href=\"http:\/\/www.flickr.com\/photos\/cortoplazo\" target=\"_blank\">Galer\u00eda fotogr\u00e1fica en Flickr <\/a><\/p>","protected":false},"excerpt":{"rendered":"<p>Colectivo art\u00edstico experimental interesado en el acercamiento al video y la exploraci\u00f3n de medios mixtos que impliquen acci\u00f3n, movimiento, espacio y tiempo. Comenz\u00f3 sus actividades en julio de 2010 con la planeaci\u00f3n y ejecuci\u00f3n de intervenciones de corta duraci\u00f3n en la Fundaci\u00f3n Universitaria Bellas Artes. Sof\u00eda Arcila, Beatriz Johana Londo\u00f1o y Mar\u00eda del Coral Miranda, sus integrantes, encuentran en la indagaci\u00f3n del fen\u00f3meno audiovisual, la virtualidad y el cuerpo un n\u00facleo com\u00fan para la creaci\u00f3n pl\u00e1stica, proponiendo el juego como estrategia para la articulaci\u00f3n del video, la instalaci\u00f3n y el performance en Medell\u00edn. &nbsp; Participaci\u00f3n en el Taller de construcci\u00f3n del MDE11 Corto Plazo se presenta con el proyecto \u2018Webcam teatrino\u2019. Su objetivo es indagar las nociones de existencia aparente y realidad en los medios virtuales de comunicaci\u00f3n mediante la elaboraci\u00f3n de una situaci\u00f3n que perturba los roles habituales en un contexto espec\u00edfico: los chats en l\u00ednea. La acci\u00f3n se sit\u00faa en una instalaci\u00f3n accesible al usuario por medio de una c\u00e1mara web. 3 personajes habitan un espacio cerrado cargado de c\u00e1maras, luces, cables, posters y un peque\u00f1o teatrino. 2 marionetas asumen el rol de interlocutores, mientras un tercer personaje enmascarado se encarga de la utiler\u00eda y parafernalia del lugar. \u201cTodos los que se sumergen en este artificio hiperreal, asumen el anonimato como medio para liberarse de prejuicios morales\u201d, proponen. \u201cAl mismo tiempo se exponen al espect\u00e1culo para satisfacer su necesidad primaria de ser reconocidos por el otro y descargar su pulsi\u00f3n exhibicionista y voyerista, transformando en realidad todo aquello que se est\u00e1 dispuesto a creer para conseguir dicho fin\u201d. El proyecto recopila el registro fotogr\u00e1fico y de video, junto con los elementos f\u00edsicos utilizados durante la acci\u00f3n. Sitio web Corto-plazo.blogspot.com Enlaces de inter\u00e9s Galer\u00eda fotogr\u00e1fica en Flickr<\/p>\n","protected":false},"author":1,"featured_media":0,"parent":49,"menu_order":0,"comment_status":"open","ping_status":"open","template":"","meta":{"footnotes":""},"categories":[3],"class_list":["post-2770","page","type-page","status-publish","hentry","category-estudio"],"_links":{"self":[{"href":"https:\/\/mde.org.co\/mde11\/es\/wp-json\/wp\/v2\/pages\/2770","targetHints":{"allow":["GET"]}}],"collection":[{"href":"https:\/\/mde.org.co\/mde11\/es\/wp-json\/wp\/v2\/pages"}],"about":[{"href":"https:\/\/mde.org.co\/mde11\/es\/wp-json\/wp\/v2\/types\/page"}],"author":[{"embeddable":true,"href":"https:\/\/mde.org.co\/mde11\/es\/wp-json\/wp\/v2\/users\/1"}],"replies":[{"embeddable":true,"href":"https:\/\/mde.org.co\/mde11\/es\/wp-json\/wp\/v2\/comments?post=2770"}],"version-history":[{"count":0,"href":"https:\/\/mde.org.co\/mde11\/es\/wp-json\/wp\/v2\/pages\/2770\/revisions"}],"up":[{"embeddable":true,"href":"https:\/\/mde.org.co\/mde11\/es\/wp-json\/wp\/v2\/pages\/49"}],"wp:attachment":[{"href":"https:\/\/mde.org.co\/mde11\/es\/wp-json\/wp\/v2\/media?parent=2770"}],"wp:term":[{"taxonomy":"category","embeddable":true,"href":"https:\/\/mde.org.co\/mde11\/es\/wp-json\/wp\/v2\/categories?post=2770"}],"curies":[{"name":"wp","href":"https:\/\/api.w.org\/{rel}","templated":true}]}}