{"id":2728,"date":"2011-09-19T10:44:27","date_gmt":"2011-09-19T15:44:27","guid":{"rendered":"http:\/\/mde.org.co\/mde11\/?page_id=2728"},"modified":"2011-09-19T10:44:27","modified_gmt":"2011-09-19T15:44:27","slug":"yaneth-mesa-martinez","status":"publish","type":"page","link":"https:\/\/mde.org.co\/mde11\/es\/estudio\/taller-construccion\/yaneth-mesa-martinez\/","title":{"rendered":"Yaneth Mesa Mart\u00ednez"},"content":{"rendered":"<p><img loading=\"lazy\" decoding=\"async\" class=\"aligncenter size-full wp-image-2805\" title=\"Yaneth Mesa\" src=\"https:\/\/mde.org.co\/mde11\/wp-content\/uploads\/sites\/3\/2011\/09\/Yaneth-Mesa.jpg\" alt=\"\" width=\"600\" height=\"280\" srcset=\"https:\/\/mde.org.co\/mde11\/wp-content\/uploads\/sites\/3\/2011\/09\/Yaneth-Mesa.jpg 600w, https:\/\/mde.org.co\/mde11\/wp-content\/uploads\/sites\/3\/2011\/09\/Yaneth-Mesa-300x140.jpg 300w\" sizes=\"auto, (max-width: 600px) 100vw, 600px\" \/><\/p>\n<p><strong><\/strong>Naci\u00f3 en Medell\u00edn (Colombia) en 1986. Cursa el \u00faltimo semestre de Licenciatura en Educaci\u00f3n en Artes Pl\u00e1sticas en la Facultad de Artes Visuales de la Universidad de Antioquia. Asimismo, se encuentra cursando el cuarto semestre de Arquitectura en la Universidad Nacional de Colombia sede Medell\u00edn.<\/p>\n<p><strong><\/strong>Participa en grupos de investigaci\u00f3n orientados al estudio de la pedagog\u00eda como disciplina y soporte, as\u00ed como modos de ense\u00f1anza y sujetos de aprendizaje.<\/p>\n<p>&nbsp;<\/p>\n<h2>Participaci\u00f3n en el Taller de construcci\u00f3n del MDE11<\/h2>\n<p><strong>\u2018<\/strong><strong>Construir, destruir y <\/strong><strong>reconstruir: nuevos territorios en el sector Lovaina<\/strong><strong>, Medell\u00edn\u2019 es el nombre de s<\/strong><strong>u proyecto, <\/strong><strong>propuesta art\u00edstica que <\/strong><strong>surge de una mirada a los nuevos procesos de configuraci\u00f3n de los espacios en la ciudad<\/strong>. Mediante la observaci\u00f3n se toma como punto de referencia a Lovaina, ubicado en la zona nororiental, un sector que tuvo fuertes cambios a nivel urban\u00edstico, social y cultural.<\/p>\n<p><strong>\u00a0<\/strong>La propuesta consiste en<strong> construir una imagen en una de las fachadas de las viviendas demolidas a partir de textos de los propios habitantes del sector<\/strong>. Tambi\u00e9n realiza registros fotogr\u00e1ficos y de video de la intervenci\u00f3n, vinculando de esa manera la memoria cultural de Lovaina a un proceso art\u00edstico.<\/p>\n<p><strong>Enlaces de inter\u00e9s<\/strong><\/p>\n<p><a href=\"http:\/\/www.wix.com\/amarillanube\/sitio\" target=\"_blank\">Sitio web de Yaneth Mesa <\/a><\/p>","protected":false},"excerpt":{"rendered":"<p>Naci\u00f3 en Medell\u00edn (Colombia) en 1986. Cursa el \u00faltimo semestre de Licenciatura en Educaci\u00f3n en Artes Pl\u00e1sticas en la Facultad de Artes Visuales de la Universidad de Antioquia. Asimismo, se encuentra cursando el cuarto semestre de Arquitectura en la Universidad Nacional de Colombia sede Medell\u00edn. Participa en grupos de investigaci\u00f3n orientados al estudio de la pedagog\u00eda como disciplina y soporte, as\u00ed como modos de ense\u00f1anza y sujetos de aprendizaje. &nbsp; Participaci\u00f3n en el Taller de construcci\u00f3n del MDE11 \u2018Construir, destruir y reconstruir: nuevos territorios en el sector Lovaina, Medell\u00edn\u2019 es el nombre de su proyecto, propuesta art\u00edstica que surge de una mirada a los nuevos procesos de configuraci\u00f3n de los espacios en la ciudad. Mediante la observaci\u00f3n se toma como punto de referencia a Lovaina, ubicado en la zona nororiental, un sector que tuvo fuertes cambios a nivel urban\u00edstico, social y cultural. \u00a0La propuesta consiste en construir una imagen en una de las fachadas de las viviendas demolidas a partir de textos de los propios habitantes del sector. Tambi\u00e9n realiza registros fotogr\u00e1ficos y de video de la intervenci\u00f3n, vinculando de esa manera la memoria cultural de Lovaina a un proceso art\u00edstico. Enlaces de inter\u00e9s Sitio web de Yaneth Mesa<\/p>\n","protected":false},"author":1,"featured_media":0,"parent":49,"menu_order":0,"comment_status":"open","ping_status":"open","template":"","meta":{"footnotes":""},"categories":[3],"class_list":["post-2728","page","type-page","status-publish","hentry","category-estudio"],"_links":{"self":[{"href":"https:\/\/mde.org.co\/mde11\/es\/wp-json\/wp\/v2\/pages\/2728","targetHints":{"allow":["GET"]}}],"collection":[{"href":"https:\/\/mde.org.co\/mde11\/es\/wp-json\/wp\/v2\/pages"}],"about":[{"href":"https:\/\/mde.org.co\/mde11\/es\/wp-json\/wp\/v2\/types\/page"}],"author":[{"embeddable":true,"href":"https:\/\/mde.org.co\/mde11\/es\/wp-json\/wp\/v2\/users\/1"}],"replies":[{"embeddable":true,"href":"https:\/\/mde.org.co\/mde11\/es\/wp-json\/wp\/v2\/comments?post=2728"}],"version-history":[{"count":0,"href":"https:\/\/mde.org.co\/mde11\/es\/wp-json\/wp\/v2\/pages\/2728\/revisions"}],"up":[{"embeddable":true,"href":"https:\/\/mde.org.co\/mde11\/es\/wp-json\/wp\/v2\/pages\/49"}],"wp:attachment":[{"href":"https:\/\/mde.org.co\/mde11\/es\/wp-json\/wp\/v2\/media?parent=2728"}],"wp:term":[{"taxonomy":"category","embeddable":true,"href":"https:\/\/mde.org.co\/mde11\/es\/wp-json\/wp\/v2\/categories?post=2728"}],"curies":[{"name":"wp","href":"https:\/\/api.w.org\/{rel}","templated":true}]}}