{"id":2723,"date":"2011-09-19T10:41:05","date_gmt":"2011-09-19T15:41:05","guid":{"rendered":"http:\/\/mde.org.co\/mde11\/?page_id=2723"},"modified":"2011-09-19T10:41:05","modified_gmt":"2011-09-19T15:41:05","slug":"maria-cristina-ospina","status":"publish","type":"page","link":"https:\/\/mde.org.co\/mde11\/es\/estudio\/taller-construccion\/maria-cristina-ospina\/","title":{"rendered":"Maria Cristina Ospina"},"content":{"rendered":"<p><img loading=\"lazy\" decoding=\"async\" class=\"aligncenter size-full wp-image-2801\" title=\"Maria Cristina Ospina\" src=\"https:\/\/mde.org.co\/mde11\/wp-content\/uploads\/sites\/3\/2011\/09\/Maria-Cristina-Ospina.jpg\" alt=\"\" width=\"600\" height=\"280\" srcset=\"https:\/\/mde.org.co\/mde11\/wp-content\/uploads\/sites\/3\/2011\/09\/Maria-Cristina-Ospina.jpg 600w, https:\/\/mde.org.co\/mde11\/wp-content\/uploads\/sites\/3\/2011\/09\/Maria-Cristina-Ospina-300x140.jpg 300w\" sizes=\"auto, (max-width: 600px) 100vw, 600px\" \/><\/p>\n<p>Naci\u00f3 en 1974 en el municipio de Guarne, Antioquia (Colombia). Actualmente vive en Medell\u00edn, donde se hizo Maestra en Artes Pl\u00e1sticas (2010) en la Fundaci\u00f3n Universitaria Bellas Artes.<\/p>\n<p>Su obra toma reconocidas im\u00e1genes del arte moderno, las cuales son bordadas con t\u00e9cnicas del tejido mola en asociaci\u00f3n con la cultura ind\u00edgena. Dicha t\u00e9cnica le permite infiltrar diversas miradas al rigor de una modernidad excluyente.<\/p>\n<p>Su trabajo parte de la serie \u2018El arte moderno explicado a los ind\u00edgenas\u2019, donde propone la reelaboraci\u00f3n de una selecci\u00f3n de obras ic\u00f3nicas del arte moderno, cuestionando as\u00ed los supuestos sobre los que se apoya la hegemon\u00eda de la cultura est\u00e9tica euroc\u00e9ntrica.<\/p>\n<p>&nbsp;<\/p>\n<h2>Participaci\u00f3n en el Taller de construcci\u00f3n del MDE11<\/h2>\n<p><strong>\u2018El papel del canalla\u2019 es el nombre de su propuesta, que parte de la observaci\u00f3n de las manifestaciones pol\u00edticas y sociales de personas o grupos a trav\u00e9s del grafiti<\/strong> y otras escrituras urbanas que se encuentran en la ciudad de Medell\u00edn; un trabajo que le permite evidenciar los pronunciamientos realizados habitualmente de forma clandestina y que denotan intereses, aspiraciones, anhelos y frustraciones de las personas.<\/p>\n<p><strong>El car\u00e1cter an\u00f3nimo de esta expresi\u00f3n popular es lo que le interesa analizar. En sus palabras: trasladar los textos de los muros callejeros a una sala de exposici\u00f3n<\/strong>. Por esa v\u00eda busca generar algunos cambios, principalmente en las connotaciones: ya se tiene a un autor por defecto y la apropiaci\u00f3n de un tercero.<\/p>","protected":false},"excerpt":{"rendered":"<p>Naci\u00f3 en 1974 en el municipio de Guarne, Antioquia (Colombia). Actualmente vive en Medell\u00edn, donde se hizo Maestra en Artes Pl\u00e1sticas (2010) en la Fundaci\u00f3n Universitaria Bellas Artes. Su obra toma reconocidas im\u00e1genes del arte moderno, las cuales son bordadas con t\u00e9cnicas del tejido mola en asociaci\u00f3n con la cultura ind\u00edgena. Dicha t\u00e9cnica le permite infiltrar diversas miradas al rigor de una modernidad excluyente. Su trabajo parte de la serie \u2018El arte moderno explicado a los ind\u00edgenas\u2019, donde propone la reelaboraci\u00f3n de una selecci\u00f3n de obras ic\u00f3nicas del arte moderno, cuestionando as\u00ed los supuestos sobre los que se apoya la hegemon\u00eda de la cultura est\u00e9tica euroc\u00e9ntrica. &nbsp; Participaci\u00f3n en el Taller de construcci\u00f3n del MDE11 \u2018El papel del canalla\u2019 es el nombre de su propuesta, que parte de la observaci\u00f3n de las manifestaciones pol\u00edticas y sociales de personas o grupos a trav\u00e9s del grafiti y otras escrituras urbanas que se encuentran en la ciudad de Medell\u00edn; un trabajo que le permite evidenciar los pronunciamientos realizados habitualmente de forma clandestina y que denotan intereses, aspiraciones, anhelos y frustraciones de las personas. El car\u00e1cter an\u00f3nimo de esta expresi\u00f3n popular es lo que le interesa analizar. En sus palabras: trasladar los textos de los muros callejeros a una sala de exposici\u00f3n. Por esa v\u00eda busca generar algunos cambios, principalmente en las connotaciones: ya se tiene a un autor por defecto y la apropiaci\u00f3n de un tercero.<\/p>\n","protected":false},"author":1,"featured_media":0,"parent":49,"menu_order":0,"comment_status":"open","ping_status":"open","template":"","meta":{"footnotes":""},"categories":[3],"class_list":["post-2723","page","type-page","status-publish","hentry","category-estudio"],"_links":{"self":[{"href":"https:\/\/mde.org.co\/mde11\/es\/wp-json\/wp\/v2\/pages\/2723","targetHints":{"allow":["GET"]}}],"collection":[{"href":"https:\/\/mde.org.co\/mde11\/es\/wp-json\/wp\/v2\/pages"}],"about":[{"href":"https:\/\/mde.org.co\/mde11\/es\/wp-json\/wp\/v2\/types\/page"}],"author":[{"embeddable":true,"href":"https:\/\/mde.org.co\/mde11\/es\/wp-json\/wp\/v2\/users\/1"}],"replies":[{"embeddable":true,"href":"https:\/\/mde.org.co\/mde11\/es\/wp-json\/wp\/v2\/comments?post=2723"}],"version-history":[{"count":0,"href":"https:\/\/mde.org.co\/mde11\/es\/wp-json\/wp\/v2\/pages\/2723\/revisions"}],"up":[{"embeddable":true,"href":"https:\/\/mde.org.co\/mde11\/es\/wp-json\/wp\/v2\/pages\/49"}],"wp:attachment":[{"href":"https:\/\/mde.org.co\/mde11\/es\/wp-json\/wp\/v2\/media?parent=2723"}],"wp:term":[{"taxonomy":"category","embeddable":true,"href":"https:\/\/mde.org.co\/mde11\/es\/wp-json\/wp\/v2\/categories?post=2723"}],"curies":[{"name":"wp","href":"https:\/\/api.w.org\/{rel}","templated":true}]}}