{"id":2719,"date":"2011-09-19T10:31:35","date_gmt":"2011-09-19T15:31:35","guid":{"rendered":"http:\/\/mde.org.co\/mde11\/?page_id=2719"},"modified":"2011-09-19T10:31:35","modified_gmt":"2011-09-19T15:31:35","slug":"maria-alejandra-lopez-vasquez","status":"publish","type":"page","link":"https:\/\/mde.org.co\/mde11\/es\/estudio\/taller-construccion\/maria-alejandra-lopez-vasquez\/","title":{"rendered":"Mar\u00eda Alejandra L\u00f3pez V\u00e1squez"},"content":{"rendered":"<p><img loading=\"lazy\" decoding=\"async\" class=\"aligncenter size-full wp-image-2799\" title=\"Maria Alejandra L\u00f3pez\" src=\"https:\/\/mde.org.co\/mde11\/wordpress\/wp-content\/uploads\/2011\/09\/Maria-Alejandra-L%C3%B3pez.jpg\" alt=\"\" width=\"600\" height=\"280\" \/><\/p>\n<p>Naci\u00f3 en Medell\u00edn (Colombia) en 1992, donde actualmente vive y cursa su quinto semestre de Artes Pl\u00e1sticas en la Universidad Nacional de Colombia. <strong>Su trabajo como artista lo ha enfocado en el espacio bidimensional, en especial desde la pintura.<\/strong><\/p>\n<h2><\/h2>\n<h2>Participaci\u00f3n en el Taller de construcci\u00f3n del MDE11<\/h2>\n<p>Su trabajo es la continuaci\u00f3n de una investigaci\u00f3n: <strong>el estudio del color de los d\u00edas a trav\u00e9s de las monta\u00f1as y el cielo.<\/strong> La artista hace una clasificaci\u00f3n del color partiendo de fotograf\u00edas: \u201c<strong>es tambi\u00e9n por el color de la monta\u00f1a y el cielo que recuerdo el d\u00eda que pas\u00f3, no s\u00f3lo por las formas y los eventos. El color del d\u00eda es tambi\u00e9n el d\u00eda mismo\u201d.<\/strong><\/p>\n<p><strong>Hacer un estudio del color de 3 d\u00edas de la semana es la base de su propuesta, y para ello toma el sol tanto desde que sale hasta que se pone.<\/strong> Para su trabajo usa una paleta de color por hora y 3 peque\u00f1as cajas de madera que operan a modo de bit\u00e1cora (cada una con la paleta de colores del d\u00eda), material que se acompa\u00f1a de peque\u00f1as pinturas que corresponden al d\u00eda y la hora. <strong>La historia del d\u00eda contada por el cambio del color.<\/strong><\/p>\n<p><strong>Enlaces de inter\u00e9s<br \/>\n<\/strong><\/p>\n<p>Blog: <a href=\"http:\/\/elolvidodesuparte.blogspot.com\/\" target=\"_blank\">El olvido de su parte <\/a><\/p>","protected":false},"excerpt":{"rendered":"<p>Naci\u00f3 en Medell\u00edn (Colombia) en 1992, donde actualmente vive y cursa su quinto semestre de Artes Pl\u00e1sticas en la Universidad Nacional de Colombia. Su trabajo como artista lo ha enfocado en el espacio bidimensional, en especial desde la pintura. Participaci\u00f3n en el Taller de construcci\u00f3n del MDE11 Su trabajo es la continuaci\u00f3n de una investigaci\u00f3n: el estudio del color de los d\u00edas a trav\u00e9s de las monta\u00f1as y el cielo. La artista hace una clasificaci\u00f3n del color partiendo de fotograf\u00edas: \u201ces tambi\u00e9n por el color de la monta\u00f1a y el cielo que recuerdo el d\u00eda que pas\u00f3, no s\u00f3lo por las formas y los eventos. El color del d\u00eda es tambi\u00e9n el d\u00eda mismo\u201d. Hacer un estudio del color de 3 d\u00edas de la semana es la base de su propuesta, y para ello toma el sol tanto desde que sale hasta que se pone. Para su trabajo usa una paleta de color por hora y 3 peque\u00f1as cajas de madera que operan a modo de bit\u00e1cora (cada una con la paleta de colores del d\u00eda), material que se acompa\u00f1a de peque\u00f1as pinturas que corresponden al d\u00eda y la hora. La historia del d\u00eda contada por el cambio del color. Enlaces de inter\u00e9s Blog: El olvido de su parte<\/p>\n","protected":false},"author":1,"featured_media":0,"parent":49,"menu_order":0,"comment_status":"open","ping_status":"open","template":"","meta":{"footnotes":""},"categories":[3],"class_list":["post-2719","page","type-page","status-publish","hentry","category-estudio"],"_links":{"self":[{"href":"https:\/\/mde.org.co\/mde11\/es\/wp-json\/wp\/v2\/pages\/2719","targetHints":{"allow":["GET"]}}],"collection":[{"href":"https:\/\/mde.org.co\/mde11\/es\/wp-json\/wp\/v2\/pages"}],"about":[{"href":"https:\/\/mde.org.co\/mde11\/es\/wp-json\/wp\/v2\/types\/page"}],"author":[{"embeddable":true,"href":"https:\/\/mde.org.co\/mde11\/es\/wp-json\/wp\/v2\/users\/1"}],"replies":[{"embeddable":true,"href":"https:\/\/mde.org.co\/mde11\/es\/wp-json\/wp\/v2\/comments?post=2719"}],"version-history":[{"count":0,"href":"https:\/\/mde.org.co\/mde11\/es\/wp-json\/wp\/v2\/pages\/2719\/revisions"}],"up":[{"embeddable":true,"href":"https:\/\/mde.org.co\/mde11\/es\/wp-json\/wp\/v2\/pages\/49"}],"wp:attachment":[{"href":"https:\/\/mde.org.co\/mde11\/es\/wp-json\/wp\/v2\/media?parent=2719"}],"wp:term":[{"taxonomy":"category","embeddable":true,"href":"https:\/\/mde.org.co\/mde11\/es\/wp-json\/wp\/v2\/categories?post=2719"}],"curies":[{"name":"wp","href":"https:\/\/api.w.org\/{rel}","templated":true}]}}