{"id":2716,"date":"2011-09-19T10:11:59","date_gmt":"2011-09-19T15:11:59","guid":{"rendered":"http:\/\/mde.org.co\/mde11\/?page_id=2716"},"modified":"2011-09-19T10:11:59","modified_gmt":"2011-09-19T15:11:59","slug":"juan-sebastian-moreno-munera","status":"publish","type":"page","link":"https:\/\/mde.org.co\/mde11\/es\/estudio\/taller-construccion\/juan-sebastian-moreno-munera\/","title":{"rendered":"Juan Sebasti\u00e1n Moreno M\u00fanera"},"content":{"rendered":"<p><img loading=\"lazy\" decoding=\"async\" class=\"aligncenter size-full wp-image-2797\" title=\"Juan Sebasti\u00e1n Moreno\" src=\"https:\/\/mde.org.co\/mde11\/wordpress\/wp-content\/uploads\/2011\/09\/Juan-Sebasti%C3%A1n-Moreno.jpg\" alt=\"\" width=\"600\" height=\"280\" \/><\/p>\n<p>Naci\u00f3 en Bogot\u00e1 (Colombia) en 1989. Desde hace m\u00e1s de 10 a\u00f1os reside en Medell\u00edn, donde estudia Artes Pl\u00e1sticas en la Universidad Nacional de Colombia.<\/p>\n<p>Ha trabajado en diferentes talleres de dibujo, videoarte y cine. Actualmente es acreedor de una de las becas \u2018Creaci\u00f3n art\u00edstica y cultural\u2019 (Alcald\u00eda de Medell\u00edn), en la que particip\u00f3 bajo la categor\u00eda Instalaci\u00f3n con un proyecto alrededor de las bibliotecas p\u00fablicas llamado \u2018Estar ah\u00ed\u2019. Pertenece al grupo de investigaci\u00f3n Videoarte entre Par\u00e9ntesis, de la Universidad Nacional de Colombia; junto con otros j\u00f3venes, lidera un colectivo independiente llamado Arthesis. <strong>Su proceso se centra en una investigaci\u00f3n formal al lenguaje del dibujo y sus posibilidades para dialogar con el espacio, las formas y los cuerpos.<\/strong><\/p>\n<p>&nbsp;<\/p>\n<h2>Participaci\u00f3n en el Taller de construcci\u00f3n del MDE11<\/h2>\n<p>Su proyecto consiste en una b\u00fasqueda de intervenciones dentro de la biblioteca Jaime Hincapi\u00e9 Santamar\u00eda del Museo de Antioquia, ubicada en la Casa del Encuentro. Im\u00e1genes, formas, textos que ya existen y la posibilidad de ser modificados, adem\u00e1s de encontrar circunstancias simb\u00f3licas de lugar y una creaci\u00f3n referenciada, son los elementos y par\u00e1metros que dictan el hacer en su propuesta. En definitiva: <strong>el dibujo en el espacio, el hombre como punto y el espacio-lugar como su plano.<\/strong><\/p>\n<p><strong>Enlaces de inter\u00e9s<\/strong><\/p>\n<p>Im\u00e1genes en <a href=\"http:\/\/www.flickr.com\/photos\/estarahi\/\" target=\"_blank\">Flickr del proyecto &#8216;Estar ah\u00ed&#8217;<\/a><\/p>\n<p>Im\u00e1genes en <a href=\"http:\/\/www.flickr.com\/photos\/jbas\/\" target=\"_blank\">Flickr de Juan Sebasti\u00e1n Moreno<\/a><\/p>","protected":false},"excerpt":{"rendered":"<p>Naci\u00f3 en Bogot\u00e1 (Colombia) en 1989. Desde hace m\u00e1s de 10 a\u00f1os reside en Medell\u00edn, donde estudia Artes Pl\u00e1sticas en la Universidad Nacional de Colombia. Ha trabajado en diferentes talleres de dibujo, videoarte y cine. Actualmente es acreedor de una de las becas \u2018Creaci\u00f3n art\u00edstica y cultural\u2019 (Alcald\u00eda de Medell\u00edn), en la que particip\u00f3 bajo la categor\u00eda Instalaci\u00f3n con un proyecto alrededor de las bibliotecas p\u00fablicas llamado \u2018Estar ah\u00ed\u2019. Pertenece al grupo de investigaci\u00f3n Videoarte entre Par\u00e9ntesis, de la Universidad Nacional de Colombia; junto con otros j\u00f3venes, lidera un colectivo independiente llamado Arthesis. Su proceso se centra en una investigaci\u00f3n formal al lenguaje del dibujo y sus posibilidades para dialogar con el espacio, las formas y los cuerpos. &nbsp; Participaci\u00f3n en el Taller de construcci\u00f3n del MDE11 Su proyecto consiste en una b\u00fasqueda de intervenciones dentro de la biblioteca Jaime Hincapi\u00e9 Santamar\u00eda del Museo de Antioquia, ubicada en la Casa del Encuentro. Im\u00e1genes, formas, textos que ya existen y la posibilidad de ser modificados, adem\u00e1s de encontrar circunstancias simb\u00f3licas de lugar y una creaci\u00f3n referenciada, son los elementos y par\u00e1metros que dictan el hacer en su propuesta. En definitiva: el dibujo en el espacio, el hombre como punto y el espacio-lugar como su plano. Enlaces de inter\u00e9s Im\u00e1genes en Flickr del proyecto &#8216;Estar ah\u00ed&#8217; Im\u00e1genes en Flickr de Juan Sebasti\u00e1n Moreno<\/p>\n","protected":false},"author":1,"featured_media":0,"parent":49,"menu_order":0,"comment_status":"open","ping_status":"open","template":"","meta":{"footnotes":""},"categories":[3],"class_list":["post-2716","page","type-page","status-publish","hentry","category-estudio"],"_links":{"self":[{"href":"https:\/\/mde.org.co\/mde11\/es\/wp-json\/wp\/v2\/pages\/2716","targetHints":{"allow":["GET"]}}],"collection":[{"href":"https:\/\/mde.org.co\/mde11\/es\/wp-json\/wp\/v2\/pages"}],"about":[{"href":"https:\/\/mde.org.co\/mde11\/es\/wp-json\/wp\/v2\/types\/page"}],"author":[{"embeddable":true,"href":"https:\/\/mde.org.co\/mde11\/es\/wp-json\/wp\/v2\/users\/1"}],"replies":[{"embeddable":true,"href":"https:\/\/mde.org.co\/mde11\/es\/wp-json\/wp\/v2\/comments?post=2716"}],"version-history":[{"count":0,"href":"https:\/\/mde.org.co\/mde11\/es\/wp-json\/wp\/v2\/pages\/2716\/revisions"}],"up":[{"embeddable":true,"href":"https:\/\/mde.org.co\/mde11\/es\/wp-json\/wp\/v2\/pages\/49"}],"wp:attachment":[{"href":"https:\/\/mde.org.co\/mde11\/es\/wp-json\/wp\/v2\/media?parent=2716"}],"wp:term":[{"taxonomy":"category","embeddable":true,"href":"https:\/\/mde.org.co\/mde11\/es\/wp-json\/wp\/v2\/categories?post=2716"}],"curies":[{"name":"wp","href":"https:\/\/api.w.org\/{rel}","templated":true}]}}