{"id":2711,"date":"2011-09-19T10:09:42","date_gmt":"2011-09-19T15:09:42","guid":{"rendered":"http:\/\/mde.org.co\/mde11\/?page_id=2711"},"modified":"2011-09-19T10:09:42","modified_gmt":"2011-09-19T15:09:42","slug":"sandra-carolina-chacon-bernal","status":"publish","type":"page","link":"https:\/\/mde.org.co\/mde11\/es\/estudio\/taller-construccion\/sandra-carolina-chacon-bernal\/","title":{"rendered":"Sandra Carolina Chac\u00f3n Bernal"},"content":{"rendered":"<p><img loading=\"lazy\" decoding=\"async\" class=\"aligncenter size-full wp-image-2803\" title=\"Sandra Carolina Chac\u00f3n\" src=\"https:\/\/mde.org.co\/mde11\/wordpress\/wp-content\/uploads\/2011\/09\/Sandra-Carolina-Chac%C3%B3n.jpg\" alt=\"\" width=\"600\" height=\"280\" \/><\/p>\n<p>Naci\u00f3 en Zipaquir\u00e1 (Colombia) en 1985. Es investigadora, artista pl\u00e1stica y visual de la Facultad de Artes de la Universidad Distrital Francisco Jos\u00e9 de Caldas. Recientemente se le otorg\u00f3 grado meritorio gracias a la investigaci\u00f3n \u2018Archivo L\/G\/B\/T\/I\/A\/Q\/H\/ G\u00e9nero en las im\u00e1genes del arte contempor\u00e1neo colombiano\u2019.<\/p>\n<p>Hace parte del equipo curatorial ganador de la convocatoria Exposiciones Sala Alterna (2011) con la propuesta \u2018John Baldessari: Videos\u2019. Es co-curadora de la muestra internacional de video \u2018Juegos de Video\u2019, premiada por el Programa Distrital de Est\u00edmulos en 2010. Recibi\u00f3 tambi\u00e9n el premio de Curadur\u00eda Estudiantil 2010 con el Colectivo Sin T\u00edtulo gracias a la realizaci\u00f3n del proyecto \u2018Medell\u00edn en Bogot\u00e1\/ Bogot\u00e1 en Medell\u00edn\u2019, en convenio con la Universidad de Antioquia. En 2009 fue ganadora del programa Pasant\u00edas Nacionales, del Ministerio de Cultura de Colombia, con el proyecto curatorial \u2018<a href=\"http:\/\/xlugar.blogspot.com\/\" target=\"_blank\">X Lugar<\/a>\u2019.<\/p>\n<p>&nbsp;<\/p>\n<h2>Participaci\u00f3n en el Taller de construcci\u00f3n del MDE11<\/h2>\n<p>Su proyecto<strong> \u2018Recortes para una historia desastrosa\u2019<\/strong><strong> es una intervenci\u00f3n en la biblioteca Jaime Hincapi\u00e9 Santamar\u00eda (Museo de Antioquia). <\/strong>Este espacio conserva valiosos ejemplares de la historiograf\u00eda del pa\u00eds, as\u00ed como publicaciones sobre arte, particularmente de arte contempor\u00e1neo.<\/p>\n<p><strong>La propuesta se concentra en el \u201carchivo de im\u00e1genes del arte\u201d<em>: <\/em>las publicaciones que contienen im\u00e1genes sobre arte y la manera como est\u00e1n organizadas.<\/strong> La cartograf\u00eda es la base de este trabajo<strong>: <\/strong>identificaci\u00f3n de criterios de catalogaci\u00f3n, pol\u00edticas de adquisici\u00f3n, procedencia, idiomas, entre otros \u00edtems. La segunda parte del proyecto consiste en la <strong>construcci\u00f3n de una propuesta contradiscursiva que evidencie otras miradas a la historia oficial. <\/strong><\/p>\n<p><strong>\u2018Recortes para una historia desastrosa\u2019<\/strong><strong> consiste en la elaboraci\u00f3n de peque\u00f1os cap\u00edtulos falsos de la historia del arte a partir de fragmentos (\u2018cut-ups\u2019) de im\u00e1genes y textos encontrados en las publicaciones de la biblioteca. <\/strong>Posteriormente se ensamblan para conformar una nueva narrativa. Estos cap\u00edtulos se fotocopian y distribuyen gratuitamente al p\u00fablico.<\/p>\n<p><strong>Enlaces de inter\u00e9s<\/strong><\/p>\n<p><a href=\"http:\/\/issuu.com\/caroch\/docs\/muestra_archivo\" target=\"_blank\">ARCHIVO L\/G\/B\/T\/I\/A\/Q\/H<\/a><\/p>\n<p><a href=\"http:\/\/xlugar.blogspot.com\/\" target=\"_blank\">X Lugar<\/a><\/p>\n<p><a href=\"http:\/\/issuu.com\/sintitulocolectivo\/docs\/portafolio_do_it\" target=\"_blank\">\u2018Do It\u2019<\/a><\/p>","protected":false},"excerpt":{"rendered":"<p>Naci\u00f3 en Zipaquir\u00e1 (Colombia) en 1985. Es investigadora, artista pl\u00e1stica y visual de la Facultad de Artes de la Universidad Distrital Francisco Jos\u00e9 de Caldas. Recientemente se le otorg\u00f3 grado meritorio gracias a la investigaci\u00f3n \u2018Archivo L\/G\/B\/T\/I\/A\/Q\/H\/ G\u00e9nero en las im\u00e1genes del arte contempor\u00e1neo colombiano\u2019. Hace parte del equipo curatorial ganador de la convocatoria Exposiciones Sala Alterna (2011) con la propuesta \u2018John Baldessari: Videos\u2019. Es co-curadora de la muestra internacional de video \u2018Juegos de Video\u2019, premiada por el Programa Distrital de Est\u00edmulos en 2010. Recibi\u00f3 tambi\u00e9n el premio de Curadur\u00eda Estudiantil 2010 con el Colectivo Sin T\u00edtulo gracias a la realizaci\u00f3n del proyecto \u2018Medell\u00edn en Bogot\u00e1\/ Bogot\u00e1 en Medell\u00edn\u2019, en convenio con la Universidad de Antioquia. En 2009 fue ganadora del programa Pasant\u00edas Nacionales, del Ministerio de Cultura de Colombia, con el proyecto curatorial \u2018X Lugar\u2019. &nbsp; Participaci\u00f3n en el Taller de construcci\u00f3n del MDE11 Su proyecto \u2018Recortes para una historia desastrosa\u2019 es una intervenci\u00f3n en la biblioteca Jaime Hincapi\u00e9 Santamar\u00eda (Museo de Antioquia). Este espacio conserva valiosos ejemplares de la historiograf\u00eda del pa\u00eds, as\u00ed como publicaciones sobre arte, particularmente de arte contempor\u00e1neo. La propuesta se concentra en el \u201carchivo de im\u00e1genes del arte\u201d: las publicaciones que contienen im\u00e1genes sobre arte y la manera como est\u00e1n organizadas. La cartograf\u00eda es la base de este trabajo: identificaci\u00f3n de criterios de catalogaci\u00f3n, pol\u00edticas de adquisici\u00f3n, procedencia, idiomas, entre otros \u00edtems. La segunda parte del proyecto consiste en la construcci\u00f3n de una propuesta contradiscursiva que evidencie otras miradas a la historia oficial. \u2018Recortes para una historia desastrosa\u2019 consiste en la elaboraci\u00f3n de peque\u00f1os cap\u00edtulos falsos de la historia del arte a partir de fragmentos (\u2018cut-ups\u2019) de im\u00e1genes y textos encontrados en las publicaciones de la biblioteca. Posteriormente se ensamblan para conformar una nueva narrativa. Estos cap\u00edtulos se fotocopian y distribuyen gratuitamente al p\u00fablico. Enlaces de inter\u00e9s ARCHIVO L\/G\/B\/T\/I\/A\/Q\/H X Lugar \u2018Do It\u2019<\/p>\n","protected":false},"author":1,"featured_media":0,"parent":49,"menu_order":0,"comment_status":"open","ping_status":"open","template":"","meta":{"footnotes":""},"categories":[3],"class_list":["post-2711","page","type-page","status-publish","hentry","category-estudio"],"_links":{"self":[{"href":"https:\/\/mde.org.co\/mde11\/es\/wp-json\/wp\/v2\/pages\/2711","targetHints":{"allow":["GET"]}}],"collection":[{"href":"https:\/\/mde.org.co\/mde11\/es\/wp-json\/wp\/v2\/pages"}],"about":[{"href":"https:\/\/mde.org.co\/mde11\/es\/wp-json\/wp\/v2\/types\/page"}],"author":[{"embeddable":true,"href":"https:\/\/mde.org.co\/mde11\/es\/wp-json\/wp\/v2\/users\/1"}],"replies":[{"embeddable":true,"href":"https:\/\/mde.org.co\/mde11\/es\/wp-json\/wp\/v2\/comments?post=2711"}],"version-history":[{"count":0,"href":"https:\/\/mde.org.co\/mde11\/es\/wp-json\/wp\/v2\/pages\/2711\/revisions"}],"up":[{"embeddable":true,"href":"https:\/\/mde.org.co\/mde11\/es\/wp-json\/wp\/v2\/pages\/49"}],"wp:attachment":[{"href":"https:\/\/mde.org.co\/mde11\/es\/wp-json\/wp\/v2\/media?parent=2711"}],"wp:term":[{"taxonomy":"category","embeddable":true,"href":"https:\/\/mde.org.co\/mde11\/es\/wp-json\/wp\/v2\/categories?post=2711"}],"curies":[{"name":"wp","href":"https:\/\/api.w.org\/{rel}","templated":true}]}}