{"id":24,"date":"2011-06-30T21:23:33","date_gmt":"2011-07-01T02:23:33","guid":{"rendered":"http:\/\/190.156.230.47:8080\/?page_id=24"},"modified":"2011-06-30T21:23:33","modified_gmt":"2011-07-01T02:23:33","slug":"antecedentes","status":"publish","type":"page","link":"https:\/\/mde.org.co\/mde11\/es\/que-es\/antecedentes\/","title":{"rendered":"MDE07"},"content":{"rendered":"<p><\/p>\n<p>El <strong>Encuentro Internacional Medell\u00edn 07 <\/strong>tuvo como eje las \u201cPr\u00e1cticas art\u00edsticas contempor\u00e1neas. Espacios de hospitalidad\u201d. Entre enero y junio de 2007, el arte contempor\u00e1neo del mundo se present\u00f3 en museos, parques, calles y espacios p\u00fablicos de la ciudad.<\/p>\n<p><strong>El MDE07 propuso distintas nociones del espacio para generar la circulaci\u00f3n de personas, proyectos art\u00edsticos y concepciones culturales diversas.<\/strong><\/p>\n<p>En Medell\u00edn, ciudad que ha vivido profundas y dolorosas mutaciones, la hospitalidad se entendi\u00f3 como la posibilidad de restablecer el lazo social al hacer notar c\u00f3mo cada uno de nosotros es el \u201cotro\u201d de alguien m\u00e1s. Abrir la ciudad a los otros nos permiti\u00f3 visibilizarnos con orgullo, exponer nuestra cultura y nuestra producci\u00f3n art\u00edstica ante el mundo, reconocernos y enriquecernos con el aporte del otro.<\/p>\n<p><strong><img loading=\"lazy\" decoding=\"async\" class=\"alignnone size-full wp-image-356\" title=\"Logros cualitativos MDE07\" src=\"https:\/\/mde.org.co\/mde11\/wordpress\/wp-content\/uploads\/2011\/06\/infografico_logrosmde07.jpg\" alt=\"Logros cualitativos MDE07\" width=\"500\" height=\"1142\" \/><br \/>\n<\/strong><\/p>\n<p>Este certamen fue posible gracias al trabajo conjunto de los sectores p\u00fablico y privado de car\u00e1cter local, regional, nacional e internacional. MDE07 propuso un encuentro de lo local con el mundo, un reconocimiento de la producci\u00f3n cultural y art\u00edstica de Medell\u00edn que merece un di\u00e1logo amplio para verse en el otro y hacer parte de los circuitos de arte del mundo.<\/p>\n<p>Para conocer todos los contenidos desarrollados durante la primera versi\u00f3n del encuentro, visiten <strong><a title=\"www.encuentromedellin2007.com\" href=\"http:\/\/www.encuentromedellin2007.com\" target=\"_blank\">www.encuentromedellin2007.com<\/a><\/strong><\/p>","protected":false},"excerpt":{"rendered":"<p>El Encuentro Internacional Medell\u00edn 07 tuvo como eje las \u201cPr\u00e1cticas art\u00edsticas contempor\u00e1neas. Espacios de hospitalidad\u201d. Entre enero y junio de 2007, el arte contempor\u00e1neo del mundo se present\u00f3 en museos, parques, calles y espacios p\u00fablicos de la ciudad.<\/p>\n","protected":false},"author":1,"featured_media":452,"parent":7,"menu_order":1,"comment_status":"closed","ping_status":"closed","template":"","meta":{"footnotes":""},"categories":[],"class_list":["post-24","page","type-page","status-publish","has-post-thumbnail","hentry"],"_links":{"self":[{"href":"https:\/\/mde.org.co\/mde11\/es\/wp-json\/wp\/v2\/pages\/24","targetHints":{"allow":["GET"]}}],"collection":[{"href":"https:\/\/mde.org.co\/mde11\/es\/wp-json\/wp\/v2\/pages"}],"about":[{"href":"https:\/\/mde.org.co\/mde11\/es\/wp-json\/wp\/v2\/types\/page"}],"author":[{"embeddable":true,"href":"https:\/\/mde.org.co\/mde11\/es\/wp-json\/wp\/v2\/users\/1"}],"replies":[{"embeddable":true,"href":"https:\/\/mde.org.co\/mde11\/es\/wp-json\/wp\/v2\/comments?post=24"}],"version-history":[{"count":0,"href":"https:\/\/mde.org.co\/mde11\/es\/wp-json\/wp\/v2\/pages\/24\/revisions"}],"up":[{"embeddable":true,"href":"https:\/\/mde.org.co\/mde11\/es\/wp-json\/wp\/v2\/pages\/7"}],"wp:featuredmedia":[{"embeddable":true,"href":"https:\/\/mde.org.co\/mde11\/es\/wp-json\/wp\/v2\/media\/452"}],"wp:attachment":[{"href":"https:\/\/mde.org.co\/mde11\/es\/wp-json\/wp\/v2\/media?parent=24"}],"wp:term":[{"taxonomy":"category","embeddable":true,"href":"https:\/\/mde.org.co\/mde11\/es\/wp-json\/wp\/v2\/categories?post=24"}],"curies":[{"name":"wp","href":"https:\/\/api.w.org\/{rel}","templated":true}]}}