{"id":233,"date":"2011-07-25T18:57:28","date_gmt":"2011-07-25T23:57:28","guid":{"rendered":"http:\/\/mde.org.co\/mde11\/wordpress\/?page_id=233"},"modified":"2015-10-07T18:19:42","modified_gmt":"2015-10-07T23:19:42","slug":"nuria-enguita-mayo","status":"publish","type":"page","link":"https:\/\/mde.org.co\/mde11\/es\/curadores\/nuria-enguita-mayo\/","title":{"rendered":"Nuria Enguita Mayo"},"content":{"rendered":"<p><a href=\"https:\/\/mde.org.co\/mde11\/wp-content\/uploads\/sites\/3\/2011\/08\/Nuria_banner.jpg\"><img loading=\"lazy\" decoding=\"async\" class=\"size-full wp-image-1067 aligncenter\" title=\"Nuria Enguita\" src=\"https:\/\/mde.org.co\/mde11\/wp-content\/uploads\/sites\/3\/2011\/08\/Nuria_banner.jpg\" alt=\"\" width=\"600\" height=\"280\" srcset=\"https:\/\/mde.org.co\/mde11\/wp-content\/uploads\/sites\/3\/2011\/08\/Nuria_banner.jpg 600w, https:\/\/mde.org.co\/mde11\/wp-content\/uploads\/sites\/3\/2011\/08\/Nuria_banner-300x140.jpg 300w\" sizes=\"auto, (max-width: 600px) 100vw, 600px\" \/><\/a><\/p>\n<p><strong>Madrid, Espa\u00f1a, 1967<\/strong><\/p>\n<p>Licenciada en Historia y Teor\u00eda del Arte de la Universidad Aut\u00f3noma de Madrid. Es miembro del equipo de direcci\u00f3n del programa Arteypensamiento de la Universidad Internacional de Andaluc\u00eda (Unia), donde desarrolla el programa de seminarios con artistas Narrativas de Fuga. Es tambi\u00e9n co-editora de <strong><a href=\"http:\/\/www.afterall.org\/journal\/\" target=\"_blank\">&#8216;Afterall Journal&#8217;<\/a>.<\/strong><\/p>\n<p>De 1991 a 1998 trabaj\u00f3 en el <strong><a href=\"http:\/\/www.ivam.es\/\" target=\"_blank\">Instituto Valenciano de Arte Moderno (Ivam)<\/a><\/strong> como conservadora, donde cur\u00f3 exposiciones dedicadas a Cildo Meireles, Jos\u00e9 Antonio Orts, Juan Downey, entre otros. Organiz\u00f3 la exposici\u00f3n colectiva Scattered Affinities en Nueva York y Madrid, y realiz\u00f3 una selecci\u00f3n de pel\u00edculas y videos de los a\u00f1os 60 y 70 para la colecci\u00f3n del Museo Serralves (1998). Form\u00f3 parte del grupo de comisarias que organiz\u00f3 Manifesta 4, evento que se llev\u00f3 a cabo en Frankfurt en 2002.<\/p>\n<p>Desde junio de 1998 hasta septiembre de 2008 fue Responsable de proyectos de la Fundaci\u00f3 Antoni T\u00e0pies, donde organiz\u00f3 exposiciones y publicaciones de Chris Marker, Ren\u00e9e Green, Rainer Oldendorf, Eul\u00e0lia Valldosera, Victor Burgin, Asger Jorn, Jon Mikel Euba, Sanja Ivekovic , Pedro G. Romero, Ibon Aranberri, Steve McQueen, entre otros; adem\u00e1s de preparar seminarios y ciclos de cine y video.<\/p>\n<p>Ha trabajado en proyectos como \u2018Culturas de archivo o Tour-ismes\u2019 y \u2018La derrota de la disensi\u00f3\u2019. Ha realizado exposiciones de Eul\u00e0lia Valldosera e Ibon Aranberri para el Museo Nacional Centro de Arte Reina Sof\u00eda. Actualmente trabaja en una exposici\u00f3n de Leonor Antunes para Museo Serralves y Kunstverein Dusseldorf, adem\u00e1s de una retrospectiva de Luis Claramunt para el <strong><a href=\"http:\/\/www.macba.es\/\" target=\"_blank\">Museu d&#8217;Art Contemporani de Barcelona (Macba).<\/a><\/strong><\/p>\n<p>&nbsp;<\/p>\n<h1>Entrevista<\/h1>\n<h2>El valor de los procesos: Nuria Enguita<strong><br \/>\n<\/strong><\/h2>\n<p><strong>Entrevista inicial:<\/strong><a href=\"http:\/\/vimeo.com\/27246639\" target=\"_blank\"> &#8216;Nuria Enguita: \u00abRecrear el conocimiento desde otros puntos de vista, desde otras bases, desde otros m\u00e9todos incluso\u00bb&#8216;<\/a> (Video)<\/p>","protected":false},"excerpt":{"rendered":"<p>Madrid, Espa\u00f1a, 1967 Licenciada en Historia y Teor\u00eda del Arte de la Universidad Aut\u00f3noma de Madrid. Es miembro del equipo de direcci\u00f3n del programa Arteypensamiento de la Universidad Internacional de Andaluc\u00eda (Unia), donde desarrolla el programa de seminarios con artistas Narrativas de Fuga. Es tambi\u00e9n co-editora de &#8216;Afterall Journal&#8217;. De 1991 a 1998 trabaj\u00f3 en el Instituto Valenciano de Arte Moderno (Ivam) como conservadora, donde cur\u00f3 exposiciones dedicadas a Cildo Meireles, Jos\u00e9 Antonio Orts, Juan Downey, entre otros. Organiz\u00f3 la exposici\u00f3n colectiva Scattered Affinities en Nueva York y Madrid, y realiz\u00f3 una selecci\u00f3n de pel\u00edculas y videos de los a\u00f1os 60 y 70 para la colecci\u00f3n del Museo Serralves (1998). Form\u00f3 parte del grupo de comisarias que organiz\u00f3 Manifesta 4, evento que se llev\u00f3 a cabo en Frankfurt en 2002. Desde junio de 1998 hasta septiembre de 2008 fue Responsable de proyectos de la Fundaci\u00f3 Antoni T\u00e0pies, donde organiz\u00f3 exposiciones y publicaciones de Chris Marker, Ren\u00e9e Green, Rainer Oldendorf, Eul\u00e0lia Valldosera, Victor Burgin, Asger Jorn, Jon Mikel Euba, Sanja Ivekovic , Pedro G. Romero, Ibon Aranberri, Steve McQueen, entre otros; adem\u00e1s de preparar seminarios y ciclos de cine y video. Ha trabajado en proyectos como \u2018Culturas de archivo o Tour-ismes\u2019 y \u2018La derrota de la disensi\u00f3\u2019. Ha realizado exposiciones de Eul\u00e0lia Valldosera e Ibon Aranberri para el Museo Nacional Centro de Arte Reina Sof\u00eda. Actualmente trabaja en una exposici\u00f3n de Leonor Antunes para Museo Serralves y Kunstverein Dusseldorf, adem\u00e1s de una retrospectiva de Luis Claramunt para el Museu d&#8217;Art Contemporani de Barcelona (Macba). &nbsp; Entrevista El valor de los procesos: Nuria Enguita Entrevista inicial: &#8216;Nuria Enguita: \u00abRecrear el conocimiento desde otros puntos de vista, desde otras bases, desde otros m\u00e9todos incluso\u00bb&#8216; (Video)<\/p>\n","protected":false},"author":1,"featured_media":0,"parent":222,"menu_order":0,"comment_status":"closed","ping_status":"closed","template":"","meta":{"footnotes":""},"categories":[],"class_list":["post-233","page","type-page","status-publish","hentry"],"_links":{"self":[{"href":"https:\/\/mde.org.co\/mde11\/es\/wp-json\/wp\/v2\/pages\/233","targetHints":{"allow":["GET"]}}],"collection":[{"href":"https:\/\/mde.org.co\/mde11\/es\/wp-json\/wp\/v2\/pages"}],"about":[{"href":"https:\/\/mde.org.co\/mde11\/es\/wp-json\/wp\/v2\/types\/page"}],"author":[{"embeddable":true,"href":"https:\/\/mde.org.co\/mde11\/es\/wp-json\/wp\/v2\/users\/1"}],"replies":[{"embeddable":true,"href":"https:\/\/mde.org.co\/mde11\/es\/wp-json\/wp\/v2\/comments?post=233"}],"version-history":[{"count":1,"href":"https:\/\/mde.org.co\/mde11\/es\/wp-json\/wp\/v2\/pages\/233\/revisions"}],"predecessor-version":[{"id":5176,"href":"https:\/\/mde.org.co\/mde11\/es\/wp-json\/wp\/v2\/pages\/233\/revisions\/5176"}],"up":[{"embeddable":true,"href":"https:\/\/mde.org.co\/mde11\/es\/wp-json\/wp\/v2\/pages\/222"}],"wp:attachment":[{"href":"https:\/\/mde.org.co\/mde11\/es\/wp-json\/wp\/v2\/media?parent=233"}],"wp:term":[{"taxonomy":"category","embeddable":true,"href":"https:\/\/mde.org.co\/mde11\/es\/wp-json\/wp\/v2\/categories?post=233"}],"curies":[{"name":"wp","href":"https:\/\/api.w.org\/{rel}","templated":true}]}}