{"id":222,"date":"2011-07-25T18:39:13","date_gmt":"2011-07-25T23:39:13","guid":{"rendered":"http:\/\/mde.org.co\/mde11\/wordpress\/?page_id=222"},"modified":"2015-10-07T18:00:14","modified_gmt":"2015-10-07T23:00:14","slug":"curadores","status":"publish","type":"page","link":"https:\/\/mde.org.co\/mde11\/es\/curadores\/","title":{"rendered":"Curadores"},"content":{"rendered":"<p><img loading=\"lazy\" decoding=\"async\" src=\"https:\/\/mde.org.co\/mde11\/wp-content\/uploads\/sites\/3\/2011\/08\/curadores_banner.jpg\" alt=\"Curadores del MDE11\" usemap=\"#Map\" width=\"600\" height=\"280\" border=\"0\" \/><\/p>\n<map name=\"Map\">\n<area alt=\"Nuria Enguita\" coords=\"11,118,142,280\" shape=\"rect\" href=\"https:\/\/mde.org.co\/mde11\/?page_id=233\" \/>\n<area alt=\"Eva Grinstein\" coords=\"162,117,292,279\" shape=\"rect\" href=\"https:\/\/mde.org.co\/mde11\/?page_id=237\" \/>\n<area alt=\"Bill Kelley Jr.\" coords=\"311,116,440,284\" shape=\"rect\" href=\"https:\/\/mde.org.co\/mde11\/?page_id=241\" \/>\n<area alt=\"Conrado Uribe\" coords=\"461,116,589,286\" shape=\"rect\" href=\"https:\/\/mde.org.co\/mde11\/?page_id=244\" \/> <\/map>\n<p><strong>Nuria Enguita Mayo (Madrid, Espa\u00f1a, 1967)<\/strong><\/p>\n<p>Licenciada en Historia y Teor\u00eda del Arte de la Universidad Aut\u00f3noma de Madrid. Es miembro del equipo de direcci\u00f3n del programa Arteypensamiento de la Universidad Internacional de Andaluc\u00eda (Unia).<\/p>\n<p><a href=\"\/mde11\/?page_id=233\">Ver m\u00e1s<\/a><\/p>\n<p><strong>Eva Grinstein (Buenos Aires, Argentina, 1973)<\/strong><\/p>\n<p>Licenciada en Ciencias de la Comunicaci\u00f3n de la Universidad de Buenos Aires (UBA); cuenta con la maestr\u00eda interdisciplinaria para artistas y comisarios latinoamericanos.<\/p>\n<p><a href=\"\/mde11\/?page_id=237\">Ver m\u00e1s<\/a><\/p>\n<p><strong><br \/>\nBill Kelley Jr. (Los \u00c1ngeles, EE.UU., 1970)<\/strong><\/p>\n<p>Educador, curador independiente y te\u00f3rico con residencia en Los \u00c1ngeles (EE.UU.). Mag\u00edster en Estudios de Arte Colonial del S. XIX de la Universidad de Nuevo M\u00e9xico (Albuquerque).<\/p>\n<p><a href=\"\/mde11\/?page_id=241\">Ver m\u00e1s<\/a><\/p>\n<p><strong><br \/>\nConrado Uribe (Medell\u00edn, Colombia, 1976)<br \/>\n<\/strong>Mag\u00edster en Historia del Arte de la Universidad de Antioquia. Director de Curadur\u00eda del Museo de Antioquia desde 2009.<\/p>\n<p><a href=\"\/mde11\/?page_id=244\">Ver m\u00e1s<\/a><\/p>","protected":false},"excerpt":{"rendered":"<p>El MDE11 se propone desde una curadur\u00eda colectiva en la que han participado: Nuria Enguita Mayo, Eva Grinstein, Bill Kelley Jr. y Conrado Uribe.<\/p>\n","protected":false},"author":1,"featured_media":1065,"parent":0,"menu_order":2,"comment_status":"closed","ping_status":"closed","template":"","meta":{"footnotes":""},"categories":[],"class_list":["post-222","page","type-page","status-publish","has-post-thumbnail","hentry"],"_links":{"self":[{"href":"https:\/\/mde.org.co\/mde11\/es\/wp-json\/wp\/v2\/pages\/222","targetHints":{"allow":["GET"]}}],"collection":[{"href":"https:\/\/mde.org.co\/mde11\/es\/wp-json\/wp\/v2\/pages"}],"about":[{"href":"https:\/\/mde.org.co\/mde11\/es\/wp-json\/wp\/v2\/types\/page"}],"author":[{"embeddable":true,"href":"https:\/\/mde.org.co\/mde11\/es\/wp-json\/wp\/v2\/users\/1"}],"replies":[{"embeddable":true,"href":"https:\/\/mde.org.co\/mde11\/es\/wp-json\/wp\/v2\/comments?post=222"}],"version-history":[{"count":2,"href":"https:\/\/mde.org.co\/mde11\/es\/wp-json\/wp\/v2\/pages\/222\/revisions"}],"predecessor-version":[{"id":5175,"href":"https:\/\/mde.org.co\/mde11\/es\/wp-json\/wp\/v2\/pages\/222\/revisions\/5175"}],"wp:featuredmedia":[{"embeddable":true,"href":"https:\/\/mde.org.co\/mde11\/es\/wp-json\/wp\/v2\/media\/1065"}],"wp:attachment":[{"href":"https:\/\/mde.org.co\/mde11\/es\/wp-json\/wp\/v2\/media?parent=222"}],"wp:term":[{"taxonomy":"category","embeddable":true,"href":"https:\/\/mde.org.co\/mde11\/es\/wp-json\/wp\/v2\/categories?post=222"}],"curies":[{"name":"wp","href":"https:\/\/api.w.org\/{rel}","templated":true}]}}