{"id":2185,"date":"2011-08-30T11:55:58","date_gmt":"2011-08-30T16:55:58","guid":{"rendered":"http:\/\/mde.org.co\/mde11\/?page_id=2185"},"modified":"2011-08-30T11:55:58","modified_gmt":"2011-08-30T16:55:58","slug":"textos-curatoriales","status":"publish","type":"page","link":"https:\/\/mde.org.co\/mde11\/es\/textos-curatoriales\/","title":{"rendered":"Textos curatoriales"},"content":{"rendered":"<p><strong>Los Encuentros de Medell\u00edn: surgimiento, caracter\u00edsticas y retos<\/strong><\/p>\n<p>El presente texto busca ofrecer una mirada panor\u00e1mica y anal\u00edtica de las condiciones hist\u00f3rico-culturales de la ciudad de Medell\u00edn, e institucionales del Museo de Antioquia, que permiten explicar la aparici\u00f3n y surgimiento de los Encuentros Internacionales de Medell\u00edn realizados en 2007 (MDE07) y 2011 (MDE11), sus caracter\u00edsticas generales y los retos que enfrentan sus futuras versiones. \u00a0Si bien existen art\u00edculos divulgativos y descriptivos de los Encuentros que circularon en peri\u00f3dicos y revistas nacionales, s\u00f3lo unos pocos lo hicieron en publicaciones especializadas.\u00a0 M\u00e1s all\u00e1 de esto y de la publicaci\u00f3n de sus <em>Memorias<\/em>, este ha sido un proyecto que adolece de una falta de revisiones hist\u00f3ricas o cr\u00edticas, a pesar de su importancia en el contexto local y nacional.<\/p>\n<p>Texto escrito por <a href=\"https:\/\/mde.org.co\/mde11\/?page_id=244\">Conrado Uribe<\/a><\/p>\n<p><strong><a href=\"https:\/\/mde.org.co\/mde11\/?page_id=4572\">Leer texto completo<\/a><\/strong><\/p>\n<p>&nbsp;<\/p>\n<p><strong>Para ense\u00f1ar y aprender: pensamientos acerca de curar dentro de lo local<\/strong><\/p>\n<p>El MDE11 es una oportunidad para hacer de manera simple pero asertiva una realineaci\u00f3n de lo que una bienal o evento de esta magnitud puede ser. Por supuesto una \u201cbienal\u201d implica un equipo completo de personas que trabajan en sinton\u00eda y una variedad de organizaciones colaboradoras dispuestas a poner de su parte. Despu\u00e9s de dos a\u00f1os de trabajo que incluyeron numerosos viajes a la ciudad y un sinn\u00famero de horas de conversaci\u00f3n virtual entre colegas y colaboradores, y ahora finalmente con su inauguraci\u00f3n, veo el MDE11 haci\u00e9ndose ciertas preguntas acerca de la naturaleza y la sostenibilidad de su emprendimiento.<\/p>\n<p>Texto escrito por <a href=\"https:\/\/mde.org.co\/mde11\/?page_id=241\">Bill Kelley Jr.<\/a><\/p>\n<p><strong><a href=\"https:\/\/mde.org.co\/mde11\/?page_id=2189\">Leer texto completo<\/a><\/strong><\/p>\n<p>&nbsp;<\/p>\n<p><strong>Tres casos de encuentro m\u00e1s all\u00e1 de las l\u00f3gicas institucionales<\/strong><\/p>\n<p>\u201c\u00bfA qu\u00e9 p\u00fablico beneficia el MDE11?\u201d. La pregunta surg\u00eda en momentos diversos y con genuina preocupaci\u00f3n en boca de \u2013entre otros\u2013 la instituci\u00f3n organizadora Museo de Antioquia, que procuraba entender los alcances del proyecto; los periodistas de medios locales, que intentaban ser espec\u00edficos en la difusi\u00f3n; la Alcald\u00eda de Medell\u00edn, sin duda interesada en verificar la pertinencia de su apoyo econ\u00f3mico a una iniciativa atravesada por todos los riesgos que el arte contempor\u00e1neo por lo general acarrea.<\/p>\n<p>Texto escrito por <a href=\"https:\/\/mde.org.co\/mde11\/?page_id=237\">Eva Grinstein<\/a>.<\/p>\n<p><strong><a href=\"https:\/\/mde.org.co\/mde11\/wp-content\/uploads\/sites\/3\/2011\/08\/texto_curatorial_eva_grinstein1.pdf\">Leer texto completo<\/a><\/strong><\/p>","protected":false},"excerpt":{"rendered":"<p>Los Encuentros de Medell\u00edn: surgimiento, caracter\u00edsticas y retos El presente texto busca ofrecer una mirada panor\u00e1mica y anal\u00edtica de las condiciones hist\u00f3rico-culturales de la ciudad de Medell\u00edn, e institucionales del Museo de Antioquia, que permiten explicar la aparici\u00f3n y surgimiento de los Encuentros Internacionales de Medell\u00edn realizados en 2007 (MDE07) y 2011 (MDE11), sus caracter\u00edsticas generales y los retos que enfrentan sus futuras versiones. \u00a0Si bien existen art\u00edculos divulgativos y descriptivos de los Encuentros que circularon en peri\u00f3dicos y revistas nacionales, s\u00f3lo unos pocos lo hicieron en publicaciones especializadas.\u00a0 M\u00e1s all\u00e1 de esto y de la publicaci\u00f3n de sus Memorias, este ha sido un proyecto que adolece de una falta de revisiones hist\u00f3ricas o cr\u00edticas, a pesar de su importancia en el contexto local y nacional. Texto escrito por Conrado Uribe Leer texto completo &nbsp; Para ense\u00f1ar y aprender: pensamientos acerca de curar dentro de lo local El MDE11 es una oportunidad para hacer de manera simple pero asertiva una realineaci\u00f3n de lo que una bienal o evento de esta magnitud puede ser. Por supuesto una \u201cbienal\u201d implica un equipo completo de personas que trabajan en sinton\u00eda y una variedad de organizaciones colaboradoras dispuestas a poner de su parte. Despu\u00e9s de dos a\u00f1os de trabajo que incluyeron numerosos viajes a la ciudad y un sinn\u00famero de horas de conversaci\u00f3n virtual entre colegas y colaboradores, y ahora finalmente con su inauguraci\u00f3n, veo el MDE11 haci\u00e9ndose ciertas preguntas acerca de la naturaleza y la sostenibilidad de su emprendimiento. Texto escrito por Bill Kelley Jr. Leer texto completo &nbsp; Tres casos de encuentro m\u00e1s all\u00e1 de las l\u00f3gicas institucionales \u201c\u00bfA qu\u00e9 p\u00fablico beneficia el MDE11?\u201d. La pregunta surg\u00eda en momentos diversos y con genuina preocupaci\u00f3n en boca de \u2013entre otros\u2013 la instituci\u00f3n organizadora Museo de Antioquia, que procuraba entender los alcances del proyecto; los periodistas de medios locales, que intentaban ser espec\u00edficos en la difusi\u00f3n; la Alcald\u00eda de Medell\u00edn, sin duda interesada en verificar la pertinencia de su apoyo econ\u00f3mico a una iniciativa atravesada por todos los riesgos que el arte contempor\u00e1neo por lo general acarrea. Texto escrito por Eva Grinstein. Leer texto completo<\/p>\n","protected":false},"author":1,"featured_media":0,"parent":0,"menu_order":0,"comment_status":"closed","ping_status":"closed","template":"","meta":{"footnotes":""},"categories":[7],"class_list":["post-2185","page","type-page","status-publish","hentry","category-uncategorized"],"_links":{"self":[{"href":"https:\/\/mde.org.co\/mde11\/es\/wp-json\/wp\/v2\/pages\/2185","targetHints":{"allow":["GET"]}}],"collection":[{"href":"https:\/\/mde.org.co\/mde11\/es\/wp-json\/wp\/v2\/pages"}],"about":[{"href":"https:\/\/mde.org.co\/mde11\/es\/wp-json\/wp\/v2\/types\/page"}],"author":[{"embeddable":true,"href":"https:\/\/mde.org.co\/mde11\/es\/wp-json\/wp\/v2\/users\/1"}],"replies":[{"embeddable":true,"href":"https:\/\/mde.org.co\/mde11\/es\/wp-json\/wp\/v2\/comments?post=2185"}],"version-history":[{"count":0,"href":"https:\/\/mde.org.co\/mde11\/es\/wp-json\/wp\/v2\/pages\/2185\/revisions"}],"wp:attachment":[{"href":"https:\/\/mde.org.co\/mde11\/es\/wp-json\/wp\/v2\/media?parent=2185"}],"wp:term":[{"taxonomy":"category","embeddable":true,"href":"https:\/\/mde.org.co\/mde11\/es\/wp-json\/wp\/v2\/categories?post=2185"}],"curies":[{"name":"wp","href":"https:\/\/api.w.org\/{rel}","templated":true}]}}