{"id":1938,"date":"2011-08-24T17:53:37","date_gmt":"2011-08-24T22:53:37","guid":{"rendered":"http:\/\/mde.org.co\/mde11\/?page_id=1938"},"modified":"2011-08-24T17:53:37","modified_gmt":"2011-08-24T22:53:37","slug":"oswaldo-macia","status":"publish","type":"page","link":"https:\/\/mde.org.co\/mde11\/es\/artistas\/oswaldo-macia\/","title":{"rendered":"Oswaldo Maci\u00e1"},"content":{"rendered":"<p><img loading=\"lazy\" decoding=\"async\" class=\"size-full wp-image-1950 aligncenter\" title=\"Oswaldo Maci\u00e1 - Tangram \" src=\"https:\/\/mde.org.co\/mde11\/wp-content\/uploads\/sites\/3\/2011\/08\/OswaldoMaci-header.jpg\" alt=\"\" width=\"600\" height=\"280\" srcset=\"https:\/\/mde.org.co\/mde11\/wp-content\/uploads\/sites\/3\/2011\/08\/OswaldoMaci-header.jpg 600w, https:\/\/mde.org.co\/mde11\/wp-content\/uploads\/sites\/3\/2011\/08\/OswaldoMaci-header-300x140.jpg 300w\" sizes=\"auto, (max-width: 600px) 100vw, 600px\" \/><\/p>\n<p>Oswaldo Maci\u00e1 (1960) es un artista cartagenero (Colombia) que ha residido en Londres las 2 \u00faltimas d\u00e9cadas. Comenz\u00f3 sus estudios con una licenciatura en la Escuela Superior de Bellas Artes (Cartagena); en La Escuela Llotja (Espa\u00f1a) estudi\u00f3 pintura mural; en London Guildhall University obtuvo su licenciatura en Escultura y en en el Goldsmith\u2019s College de la Universidad de Londres alcanz\u00f3 su\u00a0 Maestr\u00eda en Artes.<\/p>\n<p>Su obra centra la atenci\u00f3n en<strong> c\u00f3mo nuestros sentidos perciben la informaci\u00f3n del mundo exterior, cuestiona lo que creemos saber, adem\u00e1s de reflexionar sobre los supuestos existentes entre conocimiento y percepci\u00f3n.<\/strong><\/p>\n<p>Maci\u00e1 ha presentado su trabajo en espacios como: Alison Jacques Gallery (Inglaterra, 2011), Schloss Marquardt Potsdam (Alemania, 2011), Espaivisor (Espa\u00f1a, 2011), Haunch of Venison (Inglaterra, 2010), White Box (EE.UU., 2009), Fri-Art (Suiza, 2007), Marian Goodman Gallery (Francia, 2007), Museum of Contemporary Art (Australia, 2007), South London Gallery (Inglaterra, 2007), 51st Venice Biennial (Italia, 2005), Daros LatinAmerica Collection (Suiza, 2005), Tate Liverpool (Inglaterra, 2004), Bienal de Shangai (China, 2004), Museo Nacional Centro de Arte Reina Sof\u00eda (Espa\u00f1a, 2003).<\/p>\n<p><strong>&#8216;Escenario para tres circunstancias: A, B, C\u2019<\/strong> es el nombre de la obra que Oswaldo Maci\u00e1 presenta en el MDE11, la cual ha preparado como \u2018site especific\u2019 para el <a href=\"https:\/\/mde.org.co\/mde11\/?page_id=305\">Museo de Arte Moderno de Medell\u00edn (Mamm).<\/a> El espacio, como \u2018escenario\u2019, contiene 3 \u2018circunstancias\u2019 para redibujar lo fragmentado y lo sabido.<\/p>\n<p><strong>Circunstancia A:<\/strong> la crean los objetos escult\u00f3ricos dispuestos en el escenario. Desde una tribuna met\u00e1lica el p\u00fablico es audiencia y espectador al mismo tiempo frente a las esculturas geom\u00e9tricas flotantes, dispersadas de tal forma que el visitante puede transitar en medio de ellas. Su composici\u00f3n original es un cuadrado perfecto fragmentado en 7 partes.<\/p>\n<p><strong>Circunstancia B:<\/strong> la repetici\u00f3n y el silencio tangible en un paisaje sonoro. La composici\u00f3n, hecha por el m\u00fasico Saul Giner, permite entrelazar lo visual y lo ac\u00fastico en la obra. El sonido navega entre los espacios que separan los bloques geom\u00e9tricos, llenando con su l\u00e9xico los silencios del escenario.<\/p>\n<p><strong>Circunstancia C:<\/strong> cuando la mente suma o fusiona los sentidos A visual y B auditivo, surge entonces una circunstancia C. Estamos frente a una percepci\u00f3n singular, id\u00f3nea para cuestionar nuestro conocimiento, releer, borrar o redibujar lo percibido.<\/p>\n<p>Oswaldo Maci\u00e1 considera que<strong> \u201ces imperativo el ejercicio de re\u2010pensar las relaciones entre los sentidos para obtener nuevas lecturas, sobre todo lo que creemos saber, entender, conocer antes de que se convierta en dogma\u201d.<\/strong><\/p>\n<p>Curadur\u00eda: \u00d3scar Rold\u00e1n &#8211; Alzate.<\/p>\n<p><img loading=\"lazy\" decoding=\"async\" class=\"size-full wp-image-1949 aligncenter\" title=\"\" src=\"https:\/\/mde.org.co\/mde11\/wordpress\/wp-content\/uploads\/2011\/08\/Oswaldo-Maci%C3%A1-frase.jpg\" alt=\"\" width=\"600\" height=\"90\" \/><strong>Sitio web<\/strong><a href=\"http:\/\/www.oswaldomacia.com\/\"><br \/>\nwww.oswaldomacia.com<\/a><\/p>\n<p><strong>Contacto<\/strong><br \/>\n<a href=\"mailto:info@oswaldomacia.com\">info@oswaldomacia.com<\/a><\/p>\n<p>&nbsp;<\/p>\n<h2>Participaci\u00f3n en el MDE11<\/h2>\n<p>Video:\u00a0<a href=\"https:\/\/mde.org.co\/mde11\/?p=3215\">Oswaldo Maci\u00e1: fragmentaci\u00f3n y creatividad<\/a><br \/>\nArt\u00edculo: <a href=\"https:\/\/mde.org.co\/mde11\/?p=3230\">Escenario para tres circunstancias: A, B, C<\/a><\/p>\n<p><\/p>","protected":false},"excerpt":{"rendered":"<p>Oswaldo Maci\u00e1 (1960) es un artista cartagenero (Colombia) que ha residido en Londres las 2 \u00faltimas d\u00e9cadas. Comenz\u00f3 sus estudios con una licenciatura en la Escuela Superior de Bellas Artes (Cartagena); en La Escuela Llotja (Espa\u00f1a) estudi\u00f3 pintura mural; en London Guildhall University obtuvo su licenciatura en Escultura y en en el Goldsmith\u2019s College de la Universidad de Londres alcanz\u00f3 su\u00a0 Maestr\u00eda en Artes. Su obra centra la atenci\u00f3n en c\u00f3mo nuestros sentidos perciben la informaci\u00f3n del mundo exterior, cuestiona lo que creemos saber, adem\u00e1s de reflexionar sobre los supuestos existentes entre conocimiento y percepci\u00f3n. Maci\u00e1 ha presentado su trabajo en espacios como: Alison Jacques Gallery (Inglaterra, 2011), Schloss Marquardt Potsdam (Alemania, 2011), Espaivisor (Espa\u00f1a, 2011), Haunch of Venison (Inglaterra, 2010), White Box (EE.UU., 2009), Fri-Art (Suiza, 2007), Marian Goodman Gallery (Francia, 2007), Museum of Contemporary Art (Australia, 2007), South London Gallery (Inglaterra, 2007), 51st Venice Biennial (Italia, 2005), Daros LatinAmerica Collection (Suiza, 2005), Tate Liverpool (Inglaterra, 2004), Bienal de Shangai (China, 2004), Museo Nacional Centro de Arte Reina Sof\u00eda (Espa\u00f1a, 2003). &#8216;Escenario para tres circunstancias: A, B, C\u2019 es el nombre de la obra que Oswaldo Maci\u00e1 presenta en el MDE11, la cual ha preparado como \u2018site especific\u2019 para el Museo de Arte Moderno de Medell\u00edn (Mamm). El espacio, como \u2018escenario\u2019, contiene 3 \u2018circunstancias\u2019 para redibujar lo fragmentado y lo sabido. Circunstancia A: la crean los objetos escult\u00f3ricos dispuestos en el escenario. Desde una tribuna met\u00e1lica el p\u00fablico es audiencia y espectador al mismo tiempo frente a las esculturas geom\u00e9tricas flotantes, dispersadas de tal forma que el visitante puede transitar en medio de ellas. Su composici\u00f3n original es un cuadrado perfecto fragmentado en 7 partes. Circunstancia B: la repetici\u00f3n y el silencio tangible en un paisaje sonoro. La composici\u00f3n, hecha por el m\u00fasico Saul Giner, permite entrelazar lo visual y lo ac\u00fastico en la obra. El sonido navega entre los espacios que separan los bloques geom\u00e9tricos, llenando con su l\u00e9xico los silencios del escenario. Circunstancia C: cuando la mente suma o fusiona los sentidos A visual y B auditivo, surge entonces una circunstancia C. Estamos frente a una percepci\u00f3n singular, id\u00f3nea para cuestionar nuestro conocimiento, releer, borrar o redibujar lo percibido. Oswaldo Maci\u00e1 considera que \u201ces imperativo el ejercicio de re\u2010pensar las relaciones entre los sentidos para obtener nuevas lecturas, sobre todo lo que creemos saber, entender, conocer antes de que se convierta en dogma\u201d. Curadur\u00eda: \u00d3scar Rold\u00e1n &#8211; Alzate. Sitio web www.oswaldomacia.com Contacto info@oswaldomacia.com &nbsp; Participaci\u00f3n en el MDE11 Video:\u00a0Oswaldo Maci\u00e1: fragmentaci\u00f3n y creatividad Art\u00edculo: Escenario para tres circunstancias: A, B, C<\/p>\n","protected":false},"author":1,"featured_media":0,"parent":143,"menu_order":0,"comment_status":"closed","ping_status":"closed","template":"","meta":{"footnotes":""},"categories":[4],"class_list":["post-1938","page","type-page","status-publish","hentry","category-exposicion"],"_links":{"self":[{"href":"https:\/\/mde.org.co\/mde11\/es\/wp-json\/wp\/v2\/pages\/1938","targetHints":{"allow":["GET"]}}],"collection":[{"href":"https:\/\/mde.org.co\/mde11\/es\/wp-json\/wp\/v2\/pages"}],"about":[{"href":"https:\/\/mde.org.co\/mde11\/es\/wp-json\/wp\/v2\/types\/page"}],"author":[{"embeddable":true,"href":"https:\/\/mde.org.co\/mde11\/es\/wp-json\/wp\/v2\/users\/1"}],"replies":[{"embeddable":true,"href":"https:\/\/mde.org.co\/mde11\/es\/wp-json\/wp\/v2\/comments?post=1938"}],"version-history":[{"count":0,"href":"https:\/\/mde.org.co\/mde11\/es\/wp-json\/wp\/v2\/pages\/1938\/revisions"}],"up":[{"embeddable":true,"href":"https:\/\/mde.org.co\/mde11\/es\/wp-json\/wp\/v2\/pages\/143"}],"wp:attachment":[{"href":"https:\/\/mde.org.co\/mde11\/es\/wp-json\/wp\/v2\/media?parent=1938"}],"wp:term":[{"taxonomy":"category","embeddable":true,"href":"https:\/\/mde.org.co\/mde11\/es\/wp-json\/wp\/v2\/categories?post=1938"}],"curies":[{"name":"wp","href":"https:\/\/api.w.org\/{rel}","templated":true}]}}