{"id":1924,"date":"2011-08-24T12:26:56","date_gmt":"2011-08-24T17:26:56","guid":{"rendered":"http:\/\/mde.org.co\/mde11\/?page_id=1924"},"modified":"2011-08-24T12:26:56","modified_gmt":"2011-08-24T17:26:56","slug":"tranvia-cero","status":"publish","type":"page","link":"https:\/\/mde.org.co\/mde11\/es\/artistas\/tranvia-cero\/","title":{"rendered":"Tranv\u00eda Cero"},"content":{"rendered":"<p><img loading=\"lazy\" decoding=\"async\" class=\"alignnone size-full wp-image-1935\" title=\"Tranv\u00eda Cero \" src=\"https:\/\/mde.org.co\/mde11\/wordpress\/wp-content\/uploads\/2011\/08\/Tranv%C3%ADa-Cero-header.jpg\" alt=\"\" width=\"600\" height=\"280\" \/><\/p>\n<p>El colectivo Tranv\u00eda Cero fue creado en Quito (Ecuador) en 2002. Sus lineamientos de trabajo parten de la democratizaci\u00f3n de los procesos, la producci\u00f3n y la circulaci\u00f3n de las manifestaciones art\u00edsticas y el uso contextual del espacio p\u00fablico desde una idea de interrelaci\u00f3n y articulaci\u00f3n con la comunidad.<\/p>\n<p>Sus procesos de trabajo est\u00e1n integrados por diversos artistas pl\u00e1sticos, visuales, autodidactas, dise\u00f1adores, comunicadores y gestores culturales. Actualmente est\u00e1 conformado por Pablo X. Almeida, Pablo Ayala, Karina Cortez, Silvia Vimos y Samuel Titua\u00f1a, todos con estudios en arte de la Universidad Central del Ecuador.<\/p>\n<p><strong>\u2018Moravia Patent\u2019 es la propuesta que el colectivo presenta en el MDE11, un proceso de arte-comunidad y de construcci\u00f3n colectiva<\/strong> <strong>en el que se mapea y elabora un \u201cmanual de innovaciones\u201d.<\/strong><\/p>\n<p>El desarrollo se lleva a cabo con personas de sectores populares con el \u00e1nimo de resolver necesidades de sobrevivencia cotidiana; estas pueden estar relacionadas con la eliminaci\u00f3n de desechos, uso de servicios b\u00e1sicos, decoraci\u00f3n, uso del espacio p\u00fablico y de recursos naturales.<\/p>\n<p>Para la selecci\u00f3n de las innovaciones se tienen en cuenta los recursos creativos, la circulaci\u00f3n y el impacto que los mismos han generado en la comunidad.<\/p>\n<p><strong>El proyecto trabaja en el barrio Moravia y en la Comuna 5 de Medell\u00edn,<\/strong> donde a partir de mesas de trabajo y di\u00e1logo con l\u00edderes comunitarios se busca establecer espacios de socializaci\u00f3n para aumentar los niveles de conocimiento de las innovaciones encontradas.<\/p>\n<p><strong>Con el \u201cmanual de innovaciones\u201d se representa y recoge la capacidad de invenci\u00f3n, creatividad e innovaci\u00f3n que los sectores populares desarrollan constantemente,<\/strong> un ejercicio que la m\u00e1s de las veces no es reconocido por los sectores empresariales, industriales, acad\u00e9micos o de investigaci\u00f3n.<\/p>\n<p>La articulaci\u00f3n que propone Tranv\u00eda Cero puede ser considerada una herramienta inicial para proponer pol\u00edticas p\u00fablicas que vayan en beneficio de sus creadores y del sector popular en general.<\/p>\n<p><img loading=\"lazy\" decoding=\"async\" class=\"alignnone size-full wp-image-1934\" title=\"Tranv\u00eda Cero\" src=\"https:\/\/mde.org.co\/mde11\/wordpress\/wp-content\/uploads\/2011\/08\/Tranv%C3%ADa-Cero-frase.jpg\" alt=\"\" width=\"600\" height=\"103\" \/><\/p>\n<p><strong>Sitio web<\/strong><\/p>\n<p><a href=\"http:\/\/arteurbanosur.blogspot.com\/\" target=\"_blank\">arteurbanosur.blogspot.com<\/a><\/p>\n<p><strong>Redes sociales<\/strong><\/p>\n<p><a href=\"http:\/\/es-la.facebook.com\/tranvia.cero\" target=\"_blank\">Facebook <\/a><\/p>\n<p><a href=\"http:\/\/twitter.com\/#!\/arteurbanosur\" target=\"_blank\">Twitter <\/a><\/p>\n<p>&nbsp;<\/p>\n<h2>Participaci\u00f3n en el MDE11<\/h2>\n<p>Video:\u00a0<a href=\"http:\/\/vimeo.com\/31920414\">Creatividad patentada: Tranv\u00eda Cero<\/a><\/p>\n<p>Presentaci\u00f3n del proyecto:\u00a0<a href=\"http:\/\/vimeo.com\/31485481\">Tranv\u00eda Cero: \u00abMoravia Patent\u00bb<\/a><\/p>\n<p><\/p>","protected":false},"excerpt":{"rendered":"<p>El colectivo Tranv\u00eda Cero fue creado en Quito (Ecuador) en 2002. Sus lineamientos de trabajo parten de la democratizaci\u00f3n de los procesos, la producci\u00f3n y la circulaci\u00f3n de las manifestaciones art\u00edsticas y el uso contextual del espacio p\u00fablico desde una idea de interrelaci\u00f3n y articulaci\u00f3n con la comunidad. Sus procesos de trabajo est\u00e1n integrados por diversos artistas pl\u00e1sticos, visuales, autodidactas, dise\u00f1adores, comunicadores y gestores culturales. Actualmente est\u00e1 conformado por Pablo X. Almeida, Pablo Ayala, Karina Cortez, Silvia Vimos y Samuel Titua\u00f1a, todos con estudios en arte de la Universidad Central del Ecuador. \u2018Moravia Patent\u2019 es la propuesta que el colectivo presenta en el MDE11, un proceso de arte-comunidad y de construcci\u00f3n colectiva en el que se mapea y elabora un \u201cmanual de innovaciones\u201d. El desarrollo se lleva a cabo con personas de sectores populares con el \u00e1nimo de resolver necesidades de sobrevivencia cotidiana; estas pueden estar relacionadas con la eliminaci\u00f3n de desechos, uso de servicios b\u00e1sicos, decoraci\u00f3n, uso del espacio p\u00fablico y de recursos naturales. Para la selecci\u00f3n de las innovaciones se tienen en cuenta los recursos creativos, la circulaci\u00f3n y el impacto que los mismos han generado en la comunidad. El proyecto trabaja en el barrio Moravia y en la Comuna 5 de Medell\u00edn, donde a partir de mesas de trabajo y di\u00e1logo con l\u00edderes comunitarios se busca establecer espacios de socializaci\u00f3n para aumentar los niveles de conocimiento de las innovaciones encontradas. Con el \u201cmanual de innovaciones\u201d se representa y recoge la capacidad de invenci\u00f3n, creatividad e innovaci\u00f3n que los sectores populares desarrollan constantemente, un ejercicio que la m\u00e1s de las veces no es reconocido por los sectores empresariales, industriales, acad\u00e9micos o de investigaci\u00f3n. La articulaci\u00f3n que propone Tranv\u00eda Cero puede ser considerada una herramienta inicial para proponer pol\u00edticas p\u00fablicas que vayan en beneficio de sus creadores y del sector popular en general. Sitio web arteurbanosur.blogspot.com Redes sociales Facebook Twitter &nbsp; Participaci\u00f3n en el MDE11 Video:\u00a0Creatividad patentada: Tranv\u00eda Cero Presentaci\u00f3n del proyecto:\u00a0Tranv\u00eda Cero: \u00abMoravia Patent\u00bb<\/p>\n","protected":false},"author":1,"featured_media":0,"parent":143,"menu_order":0,"comment_status":"open","ping_status":"open","template":"","meta":{"footnotes":""},"categories":[5],"class_list":["post-1924","page","type-page","status-publish","hentry","category-laboratorio"],"_links":{"self":[{"href":"https:\/\/mde.org.co\/mde11\/es\/wp-json\/wp\/v2\/pages\/1924","targetHints":{"allow":["GET"]}}],"collection":[{"href":"https:\/\/mde.org.co\/mde11\/es\/wp-json\/wp\/v2\/pages"}],"about":[{"href":"https:\/\/mde.org.co\/mde11\/es\/wp-json\/wp\/v2\/types\/page"}],"author":[{"embeddable":true,"href":"https:\/\/mde.org.co\/mde11\/es\/wp-json\/wp\/v2\/users\/1"}],"replies":[{"embeddable":true,"href":"https:\/\/mde.org.co\/mde11\/es\/wp-json\/wp\/v2\/comments?post=1924"}],"version-history":[{"count":0,"href":"https:\/\/mde.org.co\/mde11\/es\/wp-json\/wp\/v2\/pages\/1924\/revisions"}],"up":[{"embeddable":true,"href":"https:\/\/mde.org.co\/mde11\/es\/wp-json\/wp\/v2\/pages\/143"}],"wp:attachment":[{"href":"https:\/\/mde.org.co\/mde11\/es\/wp-json\/wp\/v2\/media?parent=1924"}],"wp:term":[{"taxonomy":"category","embeddable":true,"href":"https:\/\/mde.org.co\/mde11\/es\/wp-json\/wp\/v2\/categories?post=1924"}],"curies":[{"name":"wp","href":"https:\/\/api.w.org\/{rel}","templated":true}]}}