{"id":1921,"date":"2011-08-24T12:10:41","date_gmt":"2011-08-24T17:10:41","guid":{"rendered":"http:\/\/mde.org.co\/mde11\/?page_id=1921"},"modified":"2011-08-24T12:10:41","modified_gmt":"2011-08-24T17:10:41","slug":"ricardo-valentim","status":"publish","type":"page","link":"https:\/\/mde.org.co\/mde11\/es\/artistas\/ricardo-valentim\/","title":{"rendered":"Ricardo Valentim"},"content":{"rendered":"<p><a href=\"https:\/\/mde.org.co\/mde11\/wp-content\/uploads\/sites\/3\/2011\/08\/Ricardo-Valentim-header.jpg\"><img loading=\"lazy\" decoding=\"async\" class=\"alignnone size-full wp-image-1939\" title=\"Ricardo Valentim\" src=\"https:\/\/mde.org.co\/mde11\/wp-content\/uploads\/sites\/3\/2011\/08\/Ricardo-Valentim-header.jpg\" alt=\"\" width=\"600\" height=\"280\" srcset=\"https:\/\/mde.org.co\/mde11\/wp-content\/uploads\/sites\/3\/2011\/08\/Ricardo-Valentim-header.jpg 600w, https:\/\/mde.org.co\/mde11\/wp-content\/uploads\/sites\/3\/2011\/08\/Ricardo-Valentim-header-300x140.jpg 300w\" sizes=\"auto, (max-width: 600px) 100vw, 600px\" \/><\/a><\/p>\n<p>Ricardo Valentim, nacido en 1978 en Loul\u00e9 (Portugal), vive y trabaja en Nueva York (EE.UU). <strong>Es un artista visual conocido por sus pel\u00edculas y conferencias, aunque tambi\u00e9n trabaja con medios como la radio, material impreso, la fotograf\u00eda y la escultura. <\/strong><\/p>\n<p>Valentim contribuy\u00f3 en el libro \u2018Das erziehungsbild. Zur visuellen kultur des p\u00e4dagogischen\u2019 (El panorama educativo. Para la cultura visual de la educaci\u00f3n), que fue publicado por la Academia de Bellas Artes de Viena en 2010. Es <strong>el autor de \u2018Activity\u2019 (2010), una publicaci\u00f3n que realiza en colaboraci\u00f3n con Pedro Barateiro<\/strong>; en ella re\u00fane el di\u00e1logo y el trabajo colaborativo que desarrolla con varios artistas durante 3 a\u00f1os alrededor de temas como colaboraci\u00f3n, responsabilidad y democracia.<\/p>\n<p>Es ganador de la concesi\u00f3n Arte Visual 2010, otorgado por la Rema Hort Mann Foundation de Nueva York (EE.UU); en febrero de 2011 obtuvo el Premio Heineken Centro de Arte Dos de Mayo, entregado en Madrid (Espa\u00f1a).<\/p>\n<p><strong>Enlaces de inter\u00e9s<\/strong><\/p>\n<p><a href=\"http:\/\/www.pedrocera.com\/valentim\/index.html\" target=\"_blank\"><strong>\u00a0<\/strong>Im\u00e1genes de la obra de Ricardo Valentim en la Galer\u00eda Pedro Cera <\/a><\/p>\n<p><a href=\"http:\/\/www.jrp-ringier.com\/pages\/index.php?id_r=4&amp;id_t=&amp;id_p=15&amp;id_b=1985\" target=\"_blank\">\u00a0\u2018An exhibition in book form\u2019<\/a> (Una exhibici\u00f3n en forma de libro)<\/p>\n<p>&nbsp;<\/p>\n<h2>Participaci\u00f3n en el MDE11<\/h2>\n<p>Art\u00edculo:\u00a0<a href=\"https:\/\/mde.org.co\/mde11\/?p=4243\">\u00bfQu\u00e9 aprendimos de Am\u00e9rica Latina?<br \/>\n<\/a>Entrevista:\u00a0<a href=\"http:\/\/vimeo.com\/32153177\">&#8216;Aprendiendo de Am\u00e9rica Latina&#8217;, Ricardo Valentim<br \/>\n<\/a>Presentaci\u00f3n del proyecto:\u00a0<a href=\"http:\/\/vimeo.com\/32232831\">Ricardo Valentim: \u00abAprendiendo de Am\u00e9rica Latina\u00bb<\/a>\u00a0(Video)<\/p>\n<p><a href=\"http:\/\/vimeo.com\/32153177\"><\/a><\/p>","protected":false},"excerpt":{"rendered":"<p>Ricardo Valentim, nacido en 1978 en Loul\u00e9 (Portugal), vive y trabaja en Nueva York (EE.UU). Es un artista visual conocido por sus pel\u00edculas y conferencias, aunque tambi\u00e9n trabaja con medios como la radio, material impreso, la fotograf\u00eda y la escultura. Valentim contribuy\u00f3 en el libro \u2018Das erziehungsbild. Zur visuellen kultur des p\u00e4dagogischen\u2019 (El panorama educativo. Para la cultura visual de la educaci\u00f3n), que fue publicado por la Academia de Bellas Artes de Viena en 2010. Es el autor de \u2018Activity\u2019 (2010), una publicaci\u00f3n que realiza en colaboraci\u00f3n con Pedro Barateiro; en ella re\u00fane el di\u00e1logo y el trabajo colaborativo que desarrolla con varios artistas durante 3 a\u00f1os alrededor de temas como colaboraci\u00f3n, responsabilidad y democracia. Es ganador de la concesi\u00f3n Arte Visual 2010, otorgado por la Rema Hort Mann Foundation de Nueva York (EE.UU); en febrero de 2011 obtuvo el Premio Heineken Centro de Arte Dos de Mayo, entregado en Madrid (Espa\u00f1a). Enlaces de inter\u00e9s \u00a0Im\u00e1genes de la obra de Ricardo Valentim en la Galer\u00eda Pedro Cera \u00a0\u2018An exhibition in book form\u2019 (Una exhibici\u00f3n en forma de libro) &nbsp; Participaci\u00f3n en el MDE11 Art\u00edculo:\u00a0\u00bfQu\u00e9 aprendimos de Am\u00e9rica Latina? Entrevista:\u00a0&#8216;Aprendiendo de Am\u00e9rica Latina&#8217;, Ricardo Valentim Presentaci\u00f3n del proyecto:\u00a0Ricardo Valentim: \u00abAprendiendo de Am\u00e9rica Latina\u00bb\u00a0(Video)<\/p>\n","protected":false},"author":1,"featured_media":0,"parent":143,"menu_order":0,"comment_status":"open","ping_status":"open","template":"","meta":{"footnotes":""},"categories":[4],"class_list":["post-1921","page","type-page","status-publish","hentry","category-exposicion"],"_links":{"self":[{"href":"https:\/\/mde.org.co\/mde11\/es\/wp-json\/wp\/v2\/pages\/1921","targetHints":{"allow":["GET"]}}],"collection":[{"href":"https:\/\/mde.org.co\/mde11\/es\/wp-json\/wp\/v2\/pages"}],"about":[{"href":"https:\/\/mde.org.co\/mde11\/es\/wp-json\/wp\/v2\/types\/page"}],"author":[{"embeddable":true,"href":"https:\/\/mde.org.co\/mde11\/es\/wp-json\/wp\/v2\/users\/1"}],"replies":[{"embeddable":true,"href":"https:\/\/mde.org.co\/mde11\/es\/wp-json\/wp\/v2\/comments?post=1921"}],"version-history":[{"count":0,"href":"https:\/\/mde.org.co\/mde11\/es\/wp-json\/wp\/v2\/pages\/1921\/revisions"}],"up":[{"embeddable":true,"href":"https:\/\/mde.org.co\/mde11\/es\/wp-json\/wp\/v2\/pages\/143"}],"wp:attachment":[{"href":"https:\/\/mde.org.co\/mde11\/es\/wp-json\/wp\/v2\/media?parent=1921"}],"wp:term":[{"taxonomy":"category","embeddable":true,"href":"https:\/\/mde.org.co\/mde11\/es\/wp-json\/wp\/v2\/categories?post=1921"}],"curies":[{"name":"wp","href":"https:\/\/api.w.org\/{rel}","templated":true}]}}