{"id":1771,"date":"2011-08-23T15:34:54","date_gmt":"2011-08-23T20:34:54","guid":{"rendered":"http:\/\/mde.org.co\/mde11\/?page_id=1771"},"modified":"2011-08-23T15:34:54","modified_gmt":"2011-08-23T20:34:54","slug":"mark-tribe","status":"publish","type":"page","link":"https:\/\/mde.org.co\/mde11\/es\/artistas\/mark-tribe\/","title":{"rendered":"Mark Tribe"},"content":{"rendered":"<p><img loading=\"lazy\" decoding=\"async\" class=\"size-full wp-image-1778 aligncenter\" title=\"Mark Tribe\" src=\"https:\/\/mde.org.co\/mde11\/wp-content\/uploads\/sites\/3\/2011\/08\/mark-tribe.jpg\" alt=\"\" width=\"600\" height=\"280\" srcset=\"https:\/\/mde.org.co\/mde11\/wp-content\/uploads\/sites\/3\/2011\/08\/mark-tribe.jpg 600w, https:\/\/mde.org.co\/mde11\/wp-content\/uploads\/sites\/3\/2011\/08\/mark-tribe-300x140.jpg 300w\" sizes=\"auto, (max-width: 600px) 100vw, 600px\" \/><\/p>\n<p>Mark Tribe naci\u00f3 en 1966 en San Francisco y actualmente vive en New York (EE.UU.). Es licenciado en Artes Visuales de la Brown University (1990) con maestr\u00eda de la Universidad de California (1994). <strong>Adem\u00e1s de artista, es curador interesado por el arte, la tecnolog\u00eda, las teor\u00edas comunicativas y la pol\u00edtica.<\/strong> Tribe fund\u00f3 en 1996 a <a href=\"http:\/\/rhizome.org\/\">Rhizome<\/a>, una organizaci\u00f3n que apoya la creaci\u00f3n, presentaci\u00f3n, preservaci\u00f3n y cr\u00edtica de pr\u00e1cticas art\u00edsticas emergentes.<\/p>\n<p><a href=\"http:\/\/www.marktribe.net\/art\/dystopia-files\/\">The Dystopia Files<\/a> es su proyecto actual. Este consta de una serie de videoclips que presentan relaciones entre polic\u00edas y manifestantes. Las instalaciones y performances basados en este archivo han sido exhibidos en el <a href=\"http:\/\/www.decordova.org\/\">Decordova Museum<\/a> (EE.UU.), el <a href=\"http:\/\/wexarts.org\/\">Wexner Center<\/a> (EE.UU.) y Le Bal (Francia). Ha organizado proyectos curatoriales para el <a href=\"http:\/\/www.newmuseum.org\/\">New Museum of Contemporary Art<\/a>, <a href=\"http:\/\/www.massmoca.org\/\">Mass Moca<\/a> y el <a href=\"http:\/\/www.insite05.org\/\">inSite_05.<\/a><\/p>\n<p><strong>Mark Tribe exhibe en el MDE11 el \u2018<\/strong><strong><a href=\"http:\/\/www.marktribe.net\/art\/port-huron-project\/\">Port Huron Project<\/a>\u2019<\/strong><strong>, una serie de representaciones de discursos de protestas que hacen parte de los movimientos de izquierda de la era Vietnam.<\/strong> Cada discurso se llev\u00f3 a cabo en el sitio original del evento y fue entregado a un actor o artista de la audiencia. Los videos de estos performances han sido seleccionados en campus, exhibidos en espacios art\u00edsticos y distribuidos a trav\u00e9s de internet por medios de comunicaci\u00f3n que operan bajo la iniciativa de c\u00f3digo abierto.<\/p>\n<p><a href=\"https:\/\/mde.org.co\/mde11\/wp-content\/uploads\/sites\/3\/2011\/08\/Mark-Tribe-frase-21.jpg\"><img loading=\"lazy\" decoding=\"async\" class=\"aligncenter size-full wp-image-2099\" title=\"Mark-Tribe-frase-21\" src=\"https:\/\/mde.org.co\/mde11\/wp-content\/uploads\/sites\/3\/2011\/08\/Mark-Tribe-frase-21.jpg\" alt=\"\" width=\"600\" height=\"160\" srcset=\"https:\/\/mde.org.co\/mde11\/wp-content\/uploads\/sites\/3\/2011\/08\/Mark-Tribe-frase-21.jpg 600w, https:\/\/mde.org.co\/mde11\/wp-content\/uploads\/sites\/3\/2011\/08\/Mark-Tribe-frase-21-300x80.jpg 300w\" sizes=\"auto, (max-width: 600px) 100vw, 600px\" \/><\/a><strong>Sitio web<br \/>\n<\/strong><a href=\"http:\/\/www.marktribe.net\/\">www.marktribe.net<\/a><\/p>\n<p><strong>Sitios de inter\u00e9s<\/strong><a href=\"http:\/\/articles.latimes.com\/2008\/jul\/19\/entertainment\/et-huron19\" target=\"_blank\"><br \/>\nThe 60\u2019s, now<\/a> (Port Huron Project Overview)<\/p>\n<p><strong>Redes sociales<br \/>\n<\/strong><a href=\"https:\/\/twitter.com\/marktribe\" target=\"_blank\">Twitter<\/a><\/p>\n<p>&nbsp;<\/p>\n<p><strong>Contacto<br \/>\n<\/strong><a href=\"mailto:mt@marktribe.net\">mt@marktribe.net<br \/>\n<\/a><\/p>\n<p>&nbsp;<\/p>\n<h2>Presentaci\u00f3n en el MDE11<\/h2>\n<p>&nbsp;<\/p>\n<p>Entrevista: <a href=\"https:\/\/mde.org.co\/mde11\/?p=4912\">\u201cLa gente cre\u00eda que un mundo diferente era posible\u201d: Mark Tribe<\/a> (Video)<br \/>\nPresentaci\u00f3n de su proyecto:\u00a0<a href=\"http:\/\/vimeo.com\/31524858\">Mark Tribe: \u00abPort Huron Project\u00bb<\/a> (Video)<br \/>\nArt\u00edculo: <a href=\"https:\/\/mde.org.co\/mde11\/?p=3393\">The Port Huron Project<\/a><\/p>\n<p>&nbsp;<\/p>\n<p><\/p>","protected":false},"excerpt":{"rendered":"<p>Mark Tribe naci\u00f3 en 1966 en San Francisco y actualmente vive en New York (EE.UU.). Es licenciado en Artes Visuales de la Brown University (1990) con maestr\u00eda de la Universidad de California (1994). Adem\u00e1s de artista, es curador interesado por el arte, la tecnolog\u00eda, las teor\u00edas comunicativas y la pol\u00edtica. Tribe fund\u00f3 en 1996 a Rhizome, una organizaci\u00f3n que apoya la creaci\u00f3n, presentaci\u00f3n, preservaci\u00f3n y cr\u00edtica de pr\u00e1cticas art\u00edsticas emergentes. The Dystopia Files es su proyecto actual. Este consta de una serie de videoclips que presentan relaciones entre polic\u00edas y manifestantes. Las instalaciones y performances basados en este archivo han sido exhibidos en el Decordova Museum (EE.UU.), el Wexner Center (EE.UU.) y Le Bal (Francia). Ha organizado proyectos curatoriales para el New Museum of Contemporary Art, Mass Moca y el inSite_05. Mark Tribe exhibe en el MDE11 el \u2018Port Huron Project\u2019, una serie de representaciones de discursos de protestas que hacen parte de los movimientos de izquierda de la era Vietnam. Cada discurso se llev\u00f3 a cabo en el sitio original del evento y fue entregado a un actor o artista de la audiencia. Los videos de estos performances han sido seleccionados en campus, exhibidos en espacios art\u00edsticos y distribuidos a trav\u00e9s de internet por medios de comunicaci\u00f3n que operan bajo la iniciativa de c\u00f3digo abierto. Sitio web www.marktribe.net Sitios de inter\u00e9s The 60\u2019s, now (Port Huron Project Overview) Redes sociales Twitter &nbsp; Contacto mt@marktribe.net &nbsp; Presentaci\u00f3n en el MDE11 &nbsp; Entrevista: \u201cLa gente cre\u00eda que un mundo diferente era posible\u201d: Mark Tribe (Video) Presentaci\u00f3n de su proyecto:\u00a0Mark Tribe: \u00abPort Huron Project\u00bb (Video) Art\u00edculo: The Port Huron Project &nbsp;<\/p>\n","protected":false},"author":1,"featured_media":0,"parent":143,"menu_order":0,"comment_status":"open","ping_status":"open","template":"","meta":{"footnotes":""},"categories":[4],"class_list":["post-1771","page","type-page","status-publish","hentry","category-exposicion"],"_links":{"self":[{"href":"https:\/\/mde.org.co\/mde11\/es\/wp-json\/wp\/v2\/pages\/1771","targetHints":{"allow":["GET"]}}],"collection":[{"href":"https:\/\/mde.org.co\/mde11\/es\/wp-json\/wp\/v2\/pages"}],"about":[{"href":"https:\/\/mde.org.co\/mde11\/es\/wp-json\/wp\/v2\/types\/page"}],"author":[{"embeddable":true,"href":"https:\/\/mde.org.co\/mde11\/es\/wp-json\/wp\/v2\/users\/1"}],"replies":[{"embeddable":true,"href":"https:\/\/mde.org.co\/mde11\/es\/wp-json\/wp\/v2\/comments?post=1771"}],"version-history":[{"count":0,"href":"https:\/\/mde.org.co\/mde11\/es\/wp-json\/wp\/v2\/pages\/1771\/revisions"}],"up":[{"embeddable":true,"href":"https:\/\/mde.org.co\/mde11\/es\/wp-json\/wp\/v2\/pages\/143"}],"wp:attachment":[{"href":"https:\/\/mde.org.co\/mde11\/es\/wp-json\/wp\/v2\/media?parent=1771"}],"wp:term":[{"taxonomy":"category","embeddable":true,"href":"https:\/\/mde.org.co\/mde11\/es\/wp-json\/wp\/v2\/categories?post=1771"}],"curies":[{"name":"wp","href":"https:\/\/api.w.org\/{rel}","templated":true}]}}